{"id":38,"date":"2024-02-05T11:13:22","date_gmt":"2024-02-05T10:13:22","guid":{"rendered":"https:\/\/parisvu.fr\/?page_id=38"},"modified":"2024-05-24T16:42:11","modified_gmt":"2024-05-24T14:42:11","slug":"a-propos","status":"publish","type":"page","link":"https:\/\/parisvu.fr\/index.php\/a-propos\/","title":{"rendered":"A PROPOS"},"content":{"rendered":"\n<figure class=\"wp-block-image alignfull size-large\"><img fetchpriority=\"high\" decoding=\"async\" width=\"1024\" height=\"374\" src=\"https:\/\/parisvu.fr\/wp-content\/uploads\/2024\/05\/COUR-DAMOYE-2-e1716561532947-1024x374.jpg\" alt=\"\" class=\"wp-image-762\" srcset=\"https:\/\/parisvu.fr\/wp-content\/uploads\/2024\/05\/COUR-DAMOYE-2-e1716561532947-1024x374.jpg 1024w, https:\/\/parisvu.fr\/wp-content\/uploads\/2024\/05\/COUR-DAMOYE-2-e1716561532947-300x110.jpg 300w, https:\/\/parisvu.fr\/wp-content\/uploads\/2024\/05\/COUR-DAMOYE-2-e1716561532947-768x280.jpg 768w, https:\/\/parisvu.fr\/wp-content\/uploads\/2024\/05\/COUR-DAMOYE-2-e1716561532947-1536x561.jpg 1536w, https:\/\/parisvu.fr\/wp-content\/uploads\/2024\/05\/COUR-DAMOYE-2-e1716561532947.jpg 1600w\" sizes=\"(max-width: 1024px) 100vw, 1024px\" \/><\/figure>\n\n\n\n<h2 class=\"wp-block-heading has-text-align-center\"><strong>A PROPOS<\/strong><\/h2>\n\n\n\n<h5 class=\"wp-block-heading has-text-align-center\"><strong>Le projet Paris Vu<\/strong><\/h5>\n\n\n\n<p class=\"has-text-align-center has-medium-font-size\">Paris Vu est n\u00e9 du constat simple que <strong>le patrimoine parisien et fran\u00e7ais ne se cantonne pas aux incontournables mus\u00e9es<\/strong> de la capitale. Paris regorge d&rsquo;<strong>histoires et de moment suspendus<\/strong> dans le temps \u00e0 chaque coin de rue. <strong>Sortir des sentiers battus<\/strong> pour aller <strong>d\u00e9couvrir les endroits secrets<\/strong> de la ville. <br>Paris Vu, c&rsquo;est aussi <strong>une pratique physique adapt\u00e9e <\/strong>: les auditeurs ne restent pas statiques mais d\u00e9ambulent afin de ressentir <strong>le rythme et la vie de chaque quartier<\/strong>.<\/p>\n\n\n\n<h5 class=\"wp-block-heading has-text-align-center\"><strong>Un guide particulier \u00e0 l&rsquo;\u00e9coute<\/strong><\/h5>\n\n\n\n<p class=\"has-text-align-center has-medium-font-size\">Votre guide, <strong>Robin Duverger<\/strong>,<strong> enseignant de langue et civilisation fran\u00e7aises<\/strong> dans plusieurs universit\u00e9s parisiennes, se charge des balades-visites dans Paris. En v\u00e9ritable passionn\u00e9 d&rsquo;art et d&rsquo;histoire, <strong>il vous montrera des lieux m\u00e9connus<\/strong> de la capitale et <strong>vous donnera les clefs pour mieux les appr\u00e9hender<\/strong>.<br>Les visites encouragent la discussion et vous \u00eates de v\u00e9ritables participant.e.s. <strong>Vos impressions et vos sensations comptent. Chacun.e est libre de s&rsquo;exprimer.<\/strong><\/p>\n\n\n\n<h5 class=\"wp-block-heading has-text-align-center\"><strong>Des balades-visites pour chacun.e<\/strong><\/h5>\n\n\n\n<p class=\"has-text-align-center has-medium-font-size\">Paris Vu s&rsquo;adapte \u00e0 chacun et promeut des <strong>visites respectueuses<\/strong>.<br> <strong>Les enfants sont les bienvenus <\/strong>et seront autant que possible mis \u00e0 contribution afin de rendre chaque <strong>visite ludique et m\u00e9morable<\/strong>.<br><strong>Pour les personnes en situation de handicap<\/strong>, certaines visites peuvent \u00eatre moins faciles. Toutefois, gr\u00e2ce au formulaire de contact, <strong>vous pouvez nous renseigner toutes les information n\u00e9cessaires pour construire un itin\u00e9raire adapt\u00e9.<\/strong> <\/p>\n","protected":false},"excerpt":{"rendered":"<p>A PROPOS Le projet Paris Vu Paris Vu est n\u00e9 du constat simple que le patrimoine parisien et fran\u00e7ais ne se cantonne pas aux incontournables mus\u00e9es de la capitale. Paris regorge d&rsquo;histoires et de moment suspendus dans le temps \u00e0 chaque coin de rue. Sortir des sentiers battus pour aller d\u00e9couvrir les endroits secrets de [&hellip;]<\/p>\n","protected":false},"author":1,"featured_media":0,"parent":0,"menu_order":0,"comment_status":"closed","ping_status":"closed","template":"","meta":{"ocean_post_layout":"","ocean_both_sidebars_style":"","ocean_both_sidebars_content_width":0,"ocean_both_sidebars_sidebars_width":0,"ocean_sidebar":"","ocean_second_sidebar":"","ocean_disable_margins":"enable","ocean_add_body_class":"","ocean_shortcode_before_top_bar":"","ocean_shortcode_after_top_bar":"","ocean_shortcode_before_header":"","ocean_shortcode_after_header":"","ocean_has_shortcode":"","ocean_shortcode_after_title":"","ocean_shortcode_before_footer_widgets":"","ocean_shortcode_after_footer_widgets":"","ocean_shortcode_before_footer_bottom":"","ocean_shortcode_after_footer_bottom":"","ocean_display_top_bar":"default","ocean_display_header":"default","ocean_header_style":"","ocean_center_header_left_menu":"","ocean_custom_header_template":"","ocean_custom_logo":0,"ocean_custom_retina_logo":0,"ocean_custom_logo_max_width":0,"ocean_custom_logo_tablet_max_width":0,"ocean_custom_logo_mobile_max_width":0,"ocean_custom_logo_max_height":0,"ocean_custom_logo_tablet_max_height":0,"ocean_custom_logo_mobile_max_height":0,"ocean_header_custom_menu":"","ocean_menu_typo_font_family":"","ocean_menu_typo_font_subset":"","ocean_menu_typo_font_size":0,"ocean_menu_typo_font_size_tablet":0,"ocean_menu_typo_font_size_mobile":0,"ocean_menu_typo_font_size_unit":"px","ocean_menu_typo_font_weight":"","ocean_menu_typo_font_weight_tablet":"","ocean_menu_typo_font_weight_mobile":"","ocean_menu_typo_transform":"","ocean_menu_typo_transform_tablet":"","ocean_menu_typo_transform_mobile":"","ocean_menu_typo_line_height":0,"ocean_menu_typo_line_height_tablet":0,"ocean_menu_typo_line_height_mobile":0,"ocean_menu_typo_line_height_unit":"","ocean_menu_typo_spacing":0,"ocean_menu_typo_spacing_tablet":0,"ocean_menu_typo_spacing_mobile":0,"ocean_menu_typo_spacing_unit":"","ocean_menu_link_color":"","ocean_menu_link_color_hover":"","ocean_menu_link_color_active":"","ocean_menu_link_background":"","ocean_menu_link_hover_background":"","ocean_menu_link_active_background":"","ocean_menu_social_links_bg":"","ocean_menu_social_hover_links_bg":"","ocean_menu_social_links_color":"","ocean_menu_social_hover_links_color":"","ocean_disable_title":"default","ocean_disable_heading":"default","ocean_post_title":"","ocean_post_subheading":"","ocean_post_title_style":"","ocean_post_title_background_color":"","ocean_post_title_background":0,"ocean_post_title_bg_image_position":"","ocean_post_title_bg_image_attachment":"","ocean_post_title_bg_image_repeat":"","ocean_post_title_bg_image_size":"","ocean_post_title_height":0,"ocean_post_title_bg_overlay":0.5,"ocean_post_title_bg_overlay_color":"","ocean_disable_breadcrumbs":"default","ocean_breadcrumbs_color":"","ocean_breadcrumbs_separator_color":"","ocean_breadcrumbs_links_color":"","ocean_breadcrumbs_links_hover_color":"","ocean_display_footer_widgets":"default","ocean_display_footer_bottom":"default","ocean_custom_footer_template":"","footnotes":""},"class_list":["post-38","page","type-page","status-publish","hentry","entry"],"_links":{"self":[{"href":"https:\/\/parisvu.fr\/index.php\/wp-json\/wp\/v2\/pages\/38","targetHints":{"allow":["GET"]}}],"collection":[{"href":"https:\/\/parisvu.fr\/index.php\/wp-json\/wp\/v2\/pages"}],"about":[{"href":"https:\/\/parisvu.fr\/index.php\/wp-json\/wp\/v2\/types\/page"}],"author":[{"embeddable":true,"href":"https:\/\/parisvu.fr\/index.php\/wp-json\/wp\/v2\/users\/1"}],"replies":[{"embeddable":true,"href":"https:\/\/parisvu.fr\/index.php\/wp-json\/wp\/v2\/comments?post=38"}],"version-history":[{"count":11,"href":"https:\/\/parisvu.fr\/index.php\/wp-json\/wp\/v2\/pages\/38\/revisions"}],"predecessor-version":[{"id":941,"href":"https:\/\/parisvu.fr\/index.php\/wp-json\/wp\/v2\/pages\/38\/revisions\/941"}],"wp:attachment":[{"href":"https:\/\/parisvu.fr\/index.php\/wp-json\/wp\/v2\/media?parent=38"}],"curies":[{"name":"wp","href":"https:\/\/api.w.org\/{rel}","templated":true}]}}