{"id":435,"date":"2024-02-25T15:48:03","date_gmt":"2024-02-25T14:48:03","guid":{"rendered":"https:\/\/parisvu.fr\/index.php\/accueil-deutsch\/"},"modified":"2025-02-24T18:22:18","modified_gmt":"2025-02-24T17:22:18","slug":"willkommen","status":"publish","type":"page","link":"https:\/\/parisvu.fr\/index.php\/de\/willkommen\/","title":{"rendered":"WILLKOMMEN"},"content":{"rendered":"\n<h2 class=\"wp-block-heading has-text-align-center has-large-font-size\" style=\"font-style:normal;font-weight:300\"><strong>PARIS VU<\/strong><\/h2>\n\n\n\n<p class=\"has-text-align-center has-medium-font-size\"><em><strong>Gef\u00fchrte Touren durch Paris mit einem Universit\u00e4tsdozenten, um die Stadt in einem neuen Licht zu entdecken!<\/strong><\/em><\/p>\n\n\n\n<figure class=\"wp-block-image alignfull size-full has-custom-border\"><img fetchpriority=\"high\" decoding=\"async\" width=\"1600\" height=\"584\" src=\"https:\/\/parisvu.fr\/wp-content\/uploads\/2024\/06\/COUR-DAMOYE-2-e1716561532947-2.jpg\" alt=\"\" class=\"has-border-color has-ast-global-color-4-border-color wp-image-803\" srcset=\"https:\/\/parisvu.fr\/wp-content\/uploads\/2024\/06\/COUR-DAMOYE-2-e1716561532947-2.jpg 1600w, https:\/\/parisvu.fr\/wp-content\/uploads\/2024\/06\/COUR-DAMOYE-2-e1716561532947-2-300x110.jpg 300w, https:\/\/parisvu.fr\/wp-content\/uploads\/2024\/06\/COUR-DAMOYE-2-e1716561532947-2-1024x374.jpg 1024w, https:\/\/parisvu.fr\/wp-content\/uploads\/2024\/06\/COUR-DAMOYE-2-e1716561532947-2-768x280.jpg 768w, https:\/\/parisvu.fr\/wp-content\/uploads\/2024\/06\/COUR-DAMOYE-2-e1716561532947-2-1536x561.jpg 1536w\" sizes=\"(max-width: 1600px) 100vw, 1600px\" \/><\/figure>\n\n\n\n<p class=\"has-text-align-center has-medium-font-size\"><strong><em>Paris D\u00e9j\u00e0-vu<\/em><\/strong>, <em><strong>Paris Jamais <\/strong><\/em><strong><em>vu <\/em><\/strong>oder <strong><em>Paris P\u00e9dagogie<\/em><\/strong> ist die Gelegenheit, mehr \u00fcber die franz\u00f6sische Hauptstadt, ihre Geschichte und ihre Bewohner zu erfahren, indem man einzigartige Touren unternimmt, um die Geheimnisse der Stadt zu entdecken. Dank Ihres Reisef\u00fchrers tauchen Sie in die Seele eines Pariser Viertels ein.<\/p>\n\n\n\n<p class=\"has-text-align-center has-medium-font-size\"><strong>Paris ist ein Freilichtmuseum. Lassen Sie uns es im Freien besichtigen.<\/strong><\/p>\n\n\n\n<div class=\"wp-block-columns is-layout-flex wp-container-core-columns-is-layout-9d6595d7 wp-block-columns-is-layout-flex\">\n<div class=\"wp-block-column is-layout-flow wp-block-column-is-layout-flow\" style=\"flex-basis:100%\">\n<div class=\"wp-block-cover is-light\"><span aria-hidden=\"true\" class=\"wp-block-cover__background has-black-background-color has-background-dim-20 has-background-dim\"><\/span><img decoding=\"async\" width=\"1200\" height=\"1600\" class=\"wp-block-cover__image-background wp-image-978\" alt=\"\" src=\"https:\/\/parisvu.fr\/wp-content\/uploads\/2024\/12\/WhatsApp-Image-2024-12-22-a-14.47.49_067f54a6-3.jpg\" style=\"object-position:41% 27%\" data-object-fit=\"cover\" data-object-position=\"41% 27%\" srcset=\"https:\/\/parisvu.fr\/wp-content\/uploads\/2024\/12\/WhatsApp-Image-2024-12-22-a-14.47.49_067f54a6-3.jpg 1200w, https:\/\/parisvu.fr\/wp-content\/uploads\/2024\/12\/WhatsApp-Image-2024-12-22-a-14.47.49_067f54a6-3-225x300.jpg 225w, https:\/\/parisvu.fr\/wp-content\/uploads\/2024\/12\/WhatsApp-Image-2024-12-22-a-14.47.49_067f54a6-3-768x1024.jpg 768w, https:\/\/parisvu.fr\/wp-content\/uploads\/2024\/12\/WhatsApp-Image-2024-12-22-a-14.47.49_067f54a6-3-1152x1536.jpg 1152w\" sizes=\"(max-width: 1200px) 100vw, 1200px\" \/><div class=\"wp-block-cover__inner-container is-layout-constrained wp-block-cover-is-layout-constrained\">\n<p class=\"has-text-align-center has-white-color has-text-color has-link-color has-large-font-size wp-elements-4d0e24c4603ef7ed2056bda9a794bc41\"><strong>Paris D\u00e9j\u00e0-vu<\/strong><\/p>\n\n\n\n<p class=\"has-white-color has-text-color has-link-color wp-elements-3e74262d1414428011d1391904043466\">Erkunden Sie Paris durch seine emblematischsten Viertel!<br><em>Le Quartier latin, Montmartre&#8230;<\/em><\/p>\n\n\n\n<div class=\"wp-block-buttons is-content-justification-center is-layout-flex wp-container-core-buttons-is-layout-16018d1d wp-block-buttons-is-layout-flex\">\n<div class=\"wp-block-button\"><a class=\"wp-block-button__link wp-element-button\" href=\"https:\/\/parisvu.fr\/index.php\/de\/paris-deja-vu-4\/\">Paris D\u00e9j\u00e0-vu<\/a><\/div>\n<\/div>\n<\/div><\/div>\n<\/div>\n<\/div>\n\n\n\n<div class=\"wp-block-columns is-layout-flex wp-container-core-columns-is-layout-9d6595d7 wp-block-columns-is-layout-flex\">\n<div class=\"wp-block-column is-layout-flow wp-block-column-is-layout-flow\" style=\"flex-basis:100%\">\n<div class=\"wp-block-cover is-light\"><span aria-hidden=\"true\" class=\"wp-block-cover__background has-black-background-color has-background-dim-20 has-background-dim\"><\/span><img decoding=\"async\" width=\"1200\" height=\"1600\" class=\"wp-block-cover__image-background wp-image-977\" alt=\"\" src=\"https:\/\/parisvu.fr\/wp-content\/uploads\/2024\/12\/WhatsApp-Image-2024-12-22-a-14.47.49_fd8ed1a8-3.jpg\" style=\"object-position:41% 24%\" data-object-fit=\"cover\" data-object-position=\"41% 24%\" srcset=\"https:\/\/parisvu.fr\/wp-content\/uploads\/2024\/12\/WhatsApp-Image-2024-12-22-a-14.47.49_fd8ed1a8-3.jpg 1200w, https:\/\/parisvu.fr\/wp-content\/uploads\/2024\/12\/WhatsApp-Image-2024-12-22-a-14.47.49_fd8ed1a8-3-225x300.jpg 225w, https:\/\/parisvu.fr\/wp-content\/uploads\/2024\/12\/WhatsApp-Image-2024-12-22-a-14.47.49_fd8ed1a8-3-768x1024.jpg 768w, https:\/\/parisvu.fr\/wp-content\/uploads\/2024\/12\/WhatsApp-Image-2024-12-22-a-14.47.49_fd8ed1a8-3-1152x1536.jpg 1152w\" sizes=\"(max-width: 1200px) 100vw, 1200px\" \/><div class=\"wp-block-cover__inner-container is-layout-flow wp-block-cover-is-layout-flow\">\n<p class=\"has-text-align-center has-white-color has-text-color has-link-color has-large-font-size wp-elements-e3f634fe4e44e09900cb8346423d93e7\"><strong>Paris Jamais vu<\/strong><\/p>\n\n\n\n<p class=\"has-white-color has-text-color has-link-color wp-elements-e14cf0267031a6a1cd4911b51be73082\">W\u00e4hrend eines Spaziergangs entdecken Sie ein unbekanntes St\u00fcck von Paris.<br><em>Paris Revolution, La Cit\u00e9 universitaire&#8230;<\/em><\/p>\n\n\n\n<div class=\"wp-block-buttons is-content-justification-center is-layout-flex wp-container-core-buttons-is-layout-16018d1d wp-block-buttons-is-layout-flex\">\n<div class=\"wp-block-button\"><a class=\"wp-block-button__link wp-element-button\" href=\"https:\/\/parisvu.fr\/index.php\/de\/paris-jamais-vu-de\/\">Paris Jamais vu<\/a><\/div>\n<\/div>\n<\/div><\/div>\n<\/div>\n<\/div>\n\n\n\n<div class=\"wp-block-columns is-layout-flex wp-container-core-columns-is-layout-9d6595d7 wp-block-columns-is-layout-flex\">\n<div class=\"wp-block-column is-layout-flow wp-block-column-is-layout-flow\" style=\"flex-basis:100%\">\n<div class=\"wp-block-cover\"><span aria-hidden=\"true\" class=\"wp-block-cover__background has-black-background-color has-background-dim-20 has-background-dim\"><\/span><img loading=\"lazy\" decoding=\"async\" width=\"1920\" height=\"1440\" class=\"wp-block-cover__image-background wp-image-1060\" alt=\"\" src=\"https:\/\/parisvu.fr\/wp-content\/uploads\/2025\/02\/Place-des-vosges-3.jpg\" data-object-fit=\"cover\" srcset=\"https:\/\/parisvu.fr\/wp-content\/uploads\/2025\/02\/Place-des-vosges-3.jpg 1920w, https:\/\/parisvu.fr\/wp-content\/uploads\/2025\/02\/Place-des-vosges-3-300x225.jpg 300w, https:\/\/parisvu.fr\/wp-content\/uploads\/2025\/02\/Place-des-vosges-3-1024x768.jpg 1024w, https:\/\/parisvu.fr\/wp-content\/uploads\/2025\/02\/Place-des-vosges-3-768x576.jpg 768w, https:\/\/parisvu.fr\/wp-content\/uploads\/2025\/02\/Place-des-vosges-3-1536x1152.jpg 1536w\" sizes=\"(max-width: 1920px) 100vw, 1920px\" \/><div class=\"wp-block-cover__inner-container is-layout-flow wp-block-cover-is-layout-flow\">\n<p class=\"has-text-align-center has-white-color has-text-color has-link-color has-large-font-size wp-elements-7ba08c231b43e3beb86b11697d5a7af3\"><strong>Paris P\u00e9dagogie<\/strong><\/p>\n\n\n\n<p class=\"has-white-color has-text-color has-link-color wp-elements-f8ef24834b00a97f1c0bac0b41fe778a\">Franz\u00f6sischkurse und internationale Gruppen, tauchen Sie ein in ein untypisches Paris.<br><\/p>\n\n\n\n<div class=\"wp-block-buttons is-content-justification-center is-layout-flex wp-container-core-buttons-is-layout-16018d1d wp-block-buttons-is-layout-flex\">\n<div class=\"wp-block-button\"><a class=\"wp-block-button__link wp-element-button\" href=\"https:\/\/parisvu.fr\/index.php\/de\/paris-pedagogie-de\/\">Paris P\u00e9dagogie<\/a><\/div>\n<\/div>\n<\/div><\/div>\n<\/div>\n<\/div>\n\n\n\n<p><\/p>\n\n\n\n<p class=\"has-text-align-center has-medium-font-size\">Als Gr\u00fcnder von ParisVu bietet Ihnen <strong>Ihr Touristf\u00fchrer Robin<\/strong> Outdoor-Exkursionen in Paris und seiner Umgebung an. Die Touren bem\u00fchen sich, so <strong>abwechslungsreich<\/strong> wie m\u00f6glich zu sein, indem sie <strong>originelle Routen anbieten<\/strong>, um ausgetretene Pfade zu verlassen und <strong>ein einzigartiges Erlebnis<\/strong> voll auszukosten.<\/p>\n\n\n\n<p class=\"has-text-align-center has-medium-font-size\"><br>Die Spazierg\u00e4nge von ParisVu sollen so <strong>interaktiv wie m\u00f6glich<\/strong> sein, um sowohl jungen als auch \u00e4lteren Menschen Freude zu bereiten. Eine der grundlegenden Ideen von ParisVu ist es, die Gruppe in die Besichtigung einzubeziehen, <strong>um diesen Moment f\u00fcr jeden zu einem unvergesslichen Erlebnis zu machen<\/strong>.<\/p>\n\n\n\n<div class=\"wp-block-cover alignfull is-light\" style=\"min-height:574px;aspect-ratio:unset;\"><span aria-hidden=\"true\" class=\"wp-block-cover__background has-background-dim-100 has-background-dim\" style=\"background-color:#ffffff\"><\/span><div class=\"wp-block-cover__inner-container is-layout-flow wp-block-cover-is-layout-flow\">\n<div class=\"wp-block-media-text alignwide is-stacked-on-mobile is-vertically-aligned-center is-image-fill-element has-ast-global-color-4-background-color has-background\" style=\"grid-template-columns:40% auto\"><figure class=\"wp-block-media-text__media\"><img loading=\"lazy\" decoding=\"async\" width=\"768\" height=\"1024\" src=\"https:\/\/parisvu.fr\/wp-content\/uploads\/2024\/04\/Paris-Revolution.png-4-768x1024.jpg\" alt=\"\" class=\"wp-image-729 size-full\" style=\"object-position:50% 50%\" srcset=\"https:\/\/parisvu.fr\/wp-content\/uploads\/2024\/04\/Paris-Revolution.png-4-768x1024.jpg 768w, https:\/\/parisvu.fr\/wp-content\/uploads\/2024\/04\/Paris-Revolution.png-4-225x300.jpg 225w, https:\/\/parisvu.fr\/wp-content\/uploads\/2024\/04\/Paris-Revolution.png-4-1152x1536.jpg 1152w, https:\/\/parisvu.fr\/wp-content\/uploads\/2024\/04\/Paris-Revolution.png-4.jpg 1536w\" sizes=\"(max-width: 768px) 100vw, 768px\" \/><\/figure><div class=\"wp-block-media-text__content\">\n<h2 class=\"wp-block-heading has-text-color\" style=\"color:#000000;font-size:32px\">Private Touren und Spazierg\u00e4nge auf Bestellung<\/h2>\n\n\n\n<p class=\"has-text-color\" style=\"color:#000000;font-size:17px\">Sie w\u00fcnschen sich eine gef\u00fchrte Tour, die nicht im Katalog aufgef\u00fchrt ist? M\u00f6chten Sie ein bestimmtes Viertel erkunden? Interessieren Sie sich f\u00fcr ein bestimmtes Thema? Z\u00f6gern Sie nicht, uns eine E-Mail mit Ihren W\u00fcnschen und Erwartungen zu senden. Wir werden uns bem\u00fchen, Ihnen so schnell wie m\u00f6glich zu antworten und Ihnen ein Angebot zu unterbreiten.<\/p>\n\n\n\n<div class=\"wp-block-buttons is-content-justification-center is-layout-flex wp-container-core-buttons-is-layout-16018d1d wp-block-buttons-is-layout-flex\">\n<div class=\"wp-block-button is-style-fill\"><a class=\"wp-block-button__link wp-element-button\" href=\"https:\/\/parisvu.fr\/index.php\/de\/kontakt\/\">KONTAKT<\/a><\/div>\n<\/div>\n<\/div><\/div>\n<\/div><\/div>\n","protected":false},"excerpt":{"rendered":"<p>PARIS VU Gef\u00fchrte Touren durch Paris mit einem Universit\u00e4tsdozenten, um die Stadt in einem neuen Licht zu entdecken! Paris D\u00e9j\u00e0-vu, Paris Jamais vu oder Paris P\u00e9dagogie ist die Gelegenheit, mehr \u00fcber die franz\u00f6sische Hauptstadt, ihre Geschichte und ihre Bewohner zu erfahren, indem man einzigartige Touren unternimmt, um die Geheimnisse der Stadt zu entdecken. Dank Ihres [&hellip;]<\/p>\n","protected":false},"author":1,"featured_media":0,"parent":0,"menu_order":0,"comment_status":"closed","ping_status":"closed","template":"","meta":{"ocean_post_layout":"","ocean_both_sidebars_style":"","ocean_both_sidebars_content_width":0,"ocean_both_sidebars_sidebars_width":0,"ocean_sidebar":"","ocean_second_sidebar":"","ocean_disable_margins":"enable","ocean_add_body_class":"","ocean_shortcode_before_top_bar":"","ocean_shortcode_after_top_bar":"","ocean_shortcode_before_header":"","ocean_shortcode_after_header":"","ocean_has_shortcode":"","ocean_shortcode_after_title":"","ocean_shortcode_before_footer_widgets":"","ocean_shortcode_after_footer_widgets":"","ocean_shortcode_before_footer_bottom":"","ocean_shortcode_after_footer_bottom":"","ocean_display_top_bar":"default","ocean_display_header":"default","ocean_header_style":"","ocean_center_header_left_menu":"","ocean_custom_header_template":"","ocean_custom_logo":0,"ocean_custom_retina_logo":0,"ocean_custom_logo_max_width":0,"ocean_custom_logo_tablet_max_width":0,"ocean_custom_logo_mobile_max_width":0,"ocean_custom_logo_max_height":0,"ocean_custom_logo_tablet_max_height":0,"ocean_custom_logo_mobile_max_height":0,"ocean_header_custom_menu":"","ocean_menu_typo_font_family":"","ocean_menu_typo_font_subset":"","ocean_menu_typo_font_size":0,"ocean_menu_typo_font_size_tablet":0,"ocean_menu_typo_font_size_mobile":0,"ocean_menu_typo_font_size_unit":"px","ocean_menu_typo_font_weight":"","ocean_menu_typo_font_weight_tablet":"","ocean_menu_typo_font_weight_mobile":"","ocean_menu_typo_transform":"","ocean_menu_typo_transform_tablet":"","ocean_menu_typo_transform_mobile":"","ocean_menu_typo_line_height":0,"ocean_menu_typo_line_height_tablet":0,"ocean_menu_typo_line_height_mobile":0,"ocean_menu_typo_line_height_unit":"","ocean_menu_typo_spacing":0,"ocean_menu_typo_spacing_tablet":0,"ocean_menu_typo_spacing_mobile":0,"ocean_menu_typo_spacing_unit":"","ocean_menu_link_color":"","ocean_menu_link_color_hover":"","ocean_menu_link_color_active":"","ocean_menu_link_background":"","ocean_menu_link_hover_background":"","ocean_menu_link_active_background":"","ocean_menu_social_links_bg":"","ocean_menu_social_hover_links_bg":"","ocean_menu_social_links_color":"","ocean_menu_social_hover_links_color":"","ocean_disable_title":"default","ocean_disable_heading":"default","ocean_post_title":"","ocean_post_subheading":"","ocean_post_title_style":"","ocean_post_title_background_color":"","ocean_post_title_background":0,"ocean_post_title_bg_image_position":"","ocean_post_title_bg_image_attachment":"","ocean_post_title_bg_image_repeat":"","ocean_post_title_bg_image_size":"","ocean_post_title_height":0,"ocean_post_title_bg_overlay":0.5,"ocean_post_title_bg_overlay_color":"","ocean_disable_breadcrumbs":"default","ocean_breadcrumbs_color":"","ocean_breadcrumbs_separator_color":"","ocean_breadcrumbs_links_color":"","ocean_breadcrumbs_links_hover_color":"","ocean_display_footer_widgets":"default","ocean_display_footer_bottom":"default","ocean_custom_footer_template":"","footnotes":""},"class_list":["post-435","page","type-page","status-publish","hentry","entry"],"_links":{"self":[{"href":"https:\/\/parisvu.fr\/index.php\/wp-json\/wp\/v2\/pages\/435","targetHints":{"allow":["GET"]}}],"collection":[{"href":"https:\/\/parisvu.fr\/index.php\/wp-json\/wp\/v2\/pages"}],"about":[{"href":"https:\/\/parisvu.fr\/index.php\/wp-json\/wp\/v2\/types\/page"}],"author":[{"embeddable":true,"href":"https:\/\/parisvu.fr\/index.php\/wp-json\/wp\/v2\/users\/1"}],"replies":[{"embeddable":true,"href":"https:\/\/parisvu.fr\/index.php\/wp-json\/wp\/v2\/comments?post=435"}],"version-history":[{"count":15,"href":"https:\/\/parisvu.fr\/index.php\/wp-json\/wp\/v2\/pages\/435\/revisions"}],"predecessor-version":[{"id":1061,"href":"https:\/\/parisvu.fr\/index.php\/wp-json\/wp\/v2\/pages\/435\/revisions\/1061"}],"wp:attachment":[{"href":"https:\/\/parisvu.fr\/index.php\/wp-json\/wp\/v2\/media?parent=435"}],"curies":[{"name":"wp","href":"https:\/\/api.w.org\/{rel}","templated":true}]}}