{"id":496,"date":"2024-02-26T10:45:29","date_gmt":"2024-02-26T09:45:29","guid":{"rendered":"https:\/\/parisvu.fr\/?page_id=496"},"modified":"2024-06-12T13:19:26","modified_gmt":"2024-06-12T11:19:26","slug":"uber-uns","status":"publish","type":"page","link":"https:\/\/parisvu.fr\/index.php\/de\/uber-uns\/","title":{"rendered":"\u00dcBER UNS"},"content":{"rendered":"\n<figure class=\"wp-block-image alignwide size-large\"><img fetchpriority=\"high\" decoding=\"async\" width=\"1024\" height=\"374\" src=\"https:\/\/parisvu.fr\/wp-content\/uploads\/2024\/06\/COUR-DAMOYE-2-e1716561532947-2-1024x374.jpg\" alt=\"\" class=\"wp-image-803\" srcset=\"https:\/\/parisvu.fr\/wp-content\/uploads\/2024\/06\/COUR-DAMOYE-2-e1716561532947-2-1024x374.jpg 1024w, https:\/\/parisvu.fr\/wp-content\/uploads\/2024\/06\/COUR-DAMOYE-2-e1716561532947-2-300x110.jpg 300w, https:\/\/parisvu.fr\/wp-content\/uploads\/2024\/06\/COUR-DAMOYE-2-e1716561532947-2-768x280.jpg 768w, https:\/\/parisvu.fr\/wp-content\/uploads\/2024\/06\/COUR-DAMOYE-2-e1716561532947-2-1536x561.jpg 1536w, https:\/\/parisvu.fr\/wp-content\/uploads\/2024\/06\/COUR-DAMOYE-2-e1716561532947-2.jpg 1600w\" sizes=\"(max-width: 1024px) 100vw, 1024px\" \/><\/figure>\n\n\n\n<h2 class=\"wp-block-heading has-text-align-center\"><strong>\u00dcBER UNS<\/strong><\/h2>\n\n\n\n<h5 class=\"wp-block-heading has-text-align-center\"><strong>Das Projekt Paris Vu<\/strong><\/h5>\n\n\n\n<p class=\"has-text-align-center has-medium-font-size\">Paris Vu ist aus der einfachen Feststellung entstanden, dass <strong>das Pariser und franz\u00f6sische Erbe \u00fcber die unverzichtbaren Museen der Hauptstadt hinausgeht<\/strong>. Paris steckt <strong>voller Geschichten und zeitloser Momente<\/strong> an jeder Stra\u00dfenecke. Es geht darum, abseits ausgetretener Pfade zu gehen, um <strong>die geheimen Orte der Stadt zu entdecken<\/strong>. <br>Paris Vu beinhaltet auch <strong>k\u00f6rperliche Aktivit\u00e4t<\/strong>: Die Teilnehmer bleiben nicht statisch, sondern schlendern herum, <strong>um den Rhythmus und das Leben jedes Viertels zu sp\u00fcren<\/strong>.<\/p>\n\n\n\n<h5 class=\"wp-block-heading has-text-align-center\"><strong>Ein aufmerksamer privater Guide<\/strong><\/h5>\n\n\n\n<p class=\"has-text-align-center has-medium-font-size\">Ihr Guide, Robin Duverger, <strong>ein Lehrer f\u00fcr franz\u00f6sische Sprache und Zivilisation <\/strong>an mehreren Pariser Universit\u00e4ten, leitet Spazierg\u00e4nge in Paris. Als echter Kunst- und Geschichtsbegeisterter <strong>wird er Ihnen weniger bekannte Orte<\/strong> in der Hauptstadt zeigen und <strong>Ihnen die Schl\u00fcssel geben, um sie besser zu verstehen.<\/strong> <br>Die Touren ermutigen zur Diskussion, und Sie sind echte Teilnehmer.<strong> Ihre Eindr\u00fccke und Empfindungen z\u00e4hlen. Jeder ist frei, sich auszudr\u00fccken.<\/strong><\/p>\n\n\n\n<h5 class=\"wp-block-heading has-text-align-center\"><strong>Gef\u00fchrte Spazierg\u00e4nge f\u00fcr jeden<\/strong><\/h5>\n\n\n\n<p class=\"has-text-align-center has-medium-font-size\">Paris Vu passt sich an jeden an und f\u00f6rdert <strong>respektvolle Besuche<\/strong>. <br><strong>Kinder sind willkommen <\/strong>und werden so weit wie m\u00f6glich einbezogen, um jeden Besuch unterhaltsam und unvergesslich zu gestalten. <br><strong>F\u00fcr Menschen mit Behinderungen <\/strong>k\u00f6nnen einige Besuche m\u00f6glicherweise schwieriger sein. <strong>Dank des Kontaktformulars k\u00f6nnen Sie uns jedoch alle notwendigen Informationen geben, um eine angepasste Route zu erstellen<\/strong>.<\/p>\n","protected":false},"excerpt":{"rendered":"<p>\u00dcBER UNS Das Projekt Paris Vu Paris Vu ist aus der einfachen Feststellung entstanden, dass das Pariser und franz\u00f6sische Erbe \u00fcber die unverzichtbaren Museen der Hauptstadt hinausgeht. Paris steckt voller Geschichten und zeitloser Momente an jeder Stra\u00dfenecke. Es geht darum, abseits ausgetretener Pfade zu gehen, um die geheimen Orte der Stadt zu entdecken. Paris Vu [&hellip;]<\/p>\n","protected":false},"author":1,"featured_media":0,"parent":0,"menu_order":0,"comment_status":"closed","ping_status":"closed","template":"","meta":{"ocean_post_layout":"","ocean_both_sidebars_style":"","ocean_both_sidebars_content_width":0,"ocean_both_sidebars_sidebars_width":0,"ocean_sidebar":"","ocean_second_sidebar":"","ocean_disable_margins":"enable","ocean_add_body_class":"","ocean_shortcode_before_top_bar":"","ocean_shortcode_after_top_bar":"","ocean_shortcode_before_header":"","ocean_shortcode_after_header":"","ocean_has_shortcode":"","ocean_shortcode_after_title":"","ocean_shortcode_before_footer_widgets":"","ocean_shortcode_after_footer_widgets":"","ocean_shortcode_before_footer_bottom":"","ocean_shortcode_after_footer_bottom":"","ocean_display_top_bar":"default","ocean_display_header":"default","ocean_header_style":"","ocean_center_header_left_menu":"","ocean_custom_header_template":"","ocean_custom_logo":0,"ocean_custom_retina_logo":0,"ocean_custom_logo_max_width":0,"ocean_custom_logo_tablet_max_width":0,"ocean_custom_logo_mobile_max_width":0,"ocean_custom_logo_max_height":0,"ocean_custom_logo_tablet_max_height":0,"ocean_custom_logo_mobile_max_height":0,"ocean_header_custom_menu":"","ocean_menu_typo_font_family":"","ocean_menu_typo_font_subset":"","ocean_menu_typo_font_size":0,"ocean_menu_typo_font_size_tablet":0,"ocean_menu_typo_font_size_mobile":0,"ocean_menu_typo_font_size_unit":"px","ocean_menu_typo_font_weight":"","ocean_menu_typo_font_weight_tablet":"","ocean_menu_typo_font_weight_mobile":"","ocean_menu_typo_transform":"","ocean_menu_typo_transform_tablet":"","ocean_menu_typo_transform_mobile":"","ocean_menu_typo_line_height":0,"ocean_menu_typo_line_height_tablet":0,"ocean_menu_typo_line_height_mobile":0,"ocean_menu_typo_line_height_unit":"","ocean_menu_typo_spacing":0,"ocean_menu_typo_spacing_tablet":0,"ocean_menu_typo_spacing_mobile":0,"ocean_menu_typo_spacing_unit":"","ocean_menu_link_color":"","ocean_menu_link_color_hover":"","ocean_menu_link_color_active":"","ocean_menu_link_background":"","ocean_menu_link_hover_background":"","ocean_menu_link_active_background":"","ocean_menu_social_links_bg":"","ocean_menu_social_hover_links_bg":"","ocean_menu_social_links_color":"","ocean_menu_social_hover_links_color":"","ocean_disable_title":"default","ocean_disable_heading":"default","ocean_post_title":"","ocean_post_subheading":"","ocean_post_title_style":"","ocean_post_title_background_color":"","ocean_post_title_background":0,"ocean_post_title_bg_image_position":"","ocean_post_title_bg_image_attachment":"","ocean_post_title_bg_image_repeat":"","ocean_post_title_bg_image_size":"","ocean_post_title_height":0,"ocean_post_title_bg_overlay":0.5,"ocean_post_title_bg_overlay_color":"","ocean_disable_breadcrumbs":"default","ocean_breadcrumbs_color":"","ocean_breadcrumbs_separator_color":"","ocean_breadcrumbs_links_color":"","ocean_breadcrumbs_links_hover_color":"","ocean_display_footer_widgets":"default","ocean_display_footer_bottom":"default","ocean_custom_footer_template":"","footnotes":""},"class_list":["post-496","page","type-page","status-publish","hentry","entry"],"_links":{"self":[{"href":"https:\/\/parisvu.fr\/index.php\/wp-json\/wp\/v2\/pages\/496","targetHints":{"allow":["GET"]}}],"collection":[{"href":"https:\/\/parisvu.fr\/index.php\/wp-json\/wp\/v2\/pages"}],"about":[{"href":"https:\/\/parisvu.fr\/index.php\/wp-json\/wp\/v2\/types\/page"}],"author":[{"embeddable":true,"href":"https:\/\/parisvu.fr\/index.php\/wp-json\/wp\/v2\/users\/1"}],"replies":[{"embeddable":true,"href":"https:\/\/parisvu.fr\/index.php\/wp-json\/wp\/v2\/comments?post=496"}],"version-history":[{"count":3,"href":"https:\/\/parisvu.fr\/index.php\/wp-json\/wp\/v2\/pages\/496\/revisions"}],"predecessor-version":[{"id":813,"href":"https:\/\/parisvu.fr\/index.php\/wp-json\/wp\/v2\/pages\/496\/revisions\/813"}],"wp:attachment":[{"href":"https:\/\/parisvu.fr\/index.php\/wp-json\/wp\/v2\/media?parent=496"}],"curies":[{"name":"wp","href":"https:\/\/api.w.org\/{rel}","templated":true}]}}