{"id":53,"date":"2024-02-05T12:32:39","date_gmt":"2024-02-05T11:32:39","guid":{"rendered":"https:\/\/parisvu.fr\/?page_id=53"},"modified":"2025-02-25T08:33:46","modified_gmt":"2025-02-25T07:33:46","slug":"reservation","status":"publish","type":"page","link":"https:\/\/parisvu.fr\/index.php\/reservation\/","title":{"rendered":"RESERVATION"},"content":{"rendered":"\n<figure class=\"wp-block-image alignfull size-large\"><img fetchpriority=\"high\" decoding=\"async\" width=\"1024\" height=\"374\" src=\"https:\/\/parisvu.fr\/wp-content\/uploads\/2024\/05\/COUR-DAMOYE-2-e1716561532947-1024x374.jpg\" alt=\"\" class=\"wp-image-762\" srcset=\"https:\/\/parisvu.fr\/wp-content\/uploads\/2024\/05\/COUR-DAMOYE-2-e1716561532947-1024x374.jpg 1024w, https:\/\/parisvu.fr\/wp-content\/uploads\/2024\/05\/COUR-DAMOYE-2-e1716561532947-300x110.jpg 300w, https:\/\/parisvu.fr\/wp-content\/uploads\/2024\/05\/COUR-DAMOYE-2-e1716561532947-768x280.jpg 768w, https:\/\/parisvu.fr\/wp-content\/uploads\/2024\/05\/COUR-DAMOYE-2-e1716561532947-1536x561.jpg 1536w, https:\/\/parisvu.fr\/wp-content\/uploads\/2024\/05\/COUR-DAMOYE-2-e1716561532947.jpg 1600w\" sizes=\"(max-width: 1024px) 100vw, 1024px\" \/><\/figure>\n\n\n\n<h2 class=\"wp-block-heading has-text-align-center\"><strong>R\u00e9servation ParisVu<\/strong><\/h2>\n\n\n\n<p class=\"has-text-align-center\">Les visites ont lieu g\u00e9n\u00e9ralement le vendredi, samedi et dimanche \u00e0 10h, 12h, 14h et 16h. Merci de nous \u00e9crire via la page contact afin de renseigner vos pr\u00e9f\u00e9rences. Nous vous recontacterons au plus vite pour vous informer des disponibilit\u00e9s.<br>Pour les visites priv\u00e9es, elles peuvent avoir lieu tous les jours. Un simple mail via le formulaire contact suffira.<\/p>\n\n\n\n<div class=\"wp-block-buttons is-content-justification-center is-layout-flex wp-container-core-buttons-is-layout-16018d1d wp-block-buttons-is-layout-flex\">\n<div class=\"wp-block-button\"><a class=\"wp-block-button__link has-black-color has-pale-cyan-blue-background-color has-text-color has-background has-link-color has-text-align-center wp-element-button\" href=\"https:\/\/parisvu.fr\/index.php\/contact\/\">Contact\/R\u00e9servation<\/a><\/div>\n<\/div>\n\n\n\n<p><\/p>\n\n\n\n<p class=\"has-text-align-center\">Visits are usually held on Fridays, Saturdays, and Sundays at 10 AM, 12 PM, 2 PM, and 4 PM. Please reach out to us via the contact page to share your preferences. We will get back to you as soon as possible with availability details.<br>Private visits can be arranged any day of the week\u2014just send us a message through the contact form.<\/p>\n\n\n\n<p><\/p>\n\n\n\n<div class=\"wp-block-buttons is-content-justification-center is-layout-flex wp-container-core-buttons-is-layout-16018d1d wp-block-buttons-is-layout-flex\">\n<div class=\"wp-block-button\"><a class=\"wp-block-button__link has-black-color has-pale-cyan-blue-background-color has-text-color has-background has-link-color wp-element-button\" href=\"https:\/\/parisvu.fr\/index.php\/contact\/\">Contact\/Reservation<\/a><\/div>\n<\/div>\n\n\n\n<p class=\"has-text-align-center\">Le visite si svolgono generalmente il venerd\u00ec, il sabato e la domenica alle 10:00, 12:00, 14:00 e 16:00. Ti invitiamo a contattarci tramite la pagina dei contatti per comunicarci le tue preferenze. Ti risponderemo al pi\u00f9 presto con i dettagli sulla disponibilit\u00e0.<br>Le visite private possono essere organizzate in qualsiasi giorno della settimana: \u00e8 sufficiente inviarci un messaggio tramite il modulo di contatto.<\/p>\n\n\n\n<p><\/p>\n\n\n\n<div class=\"wp-block-buttons is-content-justification-center is-layout-flex wp-container-core-buttons-is-layout-16018d1d wp-block-buttons-is-layout-flex\">\n<div class=\"wp-block-button\"><a class=\"wp-block-button__link has-black-color has-pale-cyan-blue-background-color has-text-color has-background has-link-color wp-element-button\" href=\"https:\/\/parisvu.fr\/index.php\/contact\/\">Contatto\/Riservazione<\/a><\/div>\n<\/div>\n\n\n\n<p class=\"has-text-align-center\">Die F\u00fchrungen finden in der Regel freitags, samstags und sonntags um 10:00, 12:00, 14:00 und 16:00 Uhr statt. Bitte kontaktieren Sie uns \u00fcber die Kontaktseite, um uns Ihre Pr\u00e4ferenzen mitzuteilen. Wir werden uns so schnell wie m\u00f6glich mit Informationen zur Verf\u00fcgbarkeit bei Ihnen melden. <br>Private F\u00fchrungen k\u00f6nnen an jedem Wochentag organisiert werden \u2013 eine einfache Nachricht \u00fcber das Kontaktformular gen\u00fcgt.<\/p>\n\n\n\n<p><\/p>\n\n\n\n<div class=\"wp-block-buttons is-content-justification-center is-layout-flex wp-container-core-buttons-is-layout-16018d1d wp-block-buttons-is-layout-flex\">\n<div class=\"wp-block-button\"><a class=\"wp-block-button__link has-black-color has-pale-cyan-blue-background-color has-text-color has-background has-link-color wp-element-button\" href=\"https:\/\/parisvu.fr\/index.php\/contact\/\">Kontakt\/Reservierung<\/a><\/div>\n<\/div>\n\n\n\n<p><\/p>\n","protected":false},"excerpt":{"rendered":"<p>R\u00e9servation ParisVu Les visites ont lieu g\u00e9n\u00e9ralement le vendredi, samedi et dimanche \u00e0 10h, 12h, 14h et 16h. Merci de nous \u00e9crire via la page contact afin de renseigner vos pr\u00e9f\u00e9rences. Nous vous recontacterons au plus vite pour vous informer des disponibilit\u00e9s.Pour les visites priv\u00e9es, elles peuvent avoir lieu tous les jours. Un simple mail [&hellip;]<\/p>\n","protected":false},"author":1,"featured_media":0,"parent":0,"menu_order":0,"comment_status":"closed","ping_status":"closed","template":"","meta":{"ocean_post_layout":"","ocean_both_sidebars_style":"","ocean_both_sidebars_content_width":0,"ocean_both_sidebars_sidebars_width":0,"ocean_sidebar":"","ocean_second_sidebar":"","ocean_disable_margins":"enable","ocean_add_body_class":"","ocean_shortcode_before_top_bar":"","ocean_shortcode_after_top_bar":"","ocean_shortcode_before_header":"","ocean_shortcode_after_header":"","ocean_has_shortcode":"","ocean_shortcode_after_title":"","ocean_shortcode_before_footer_widgets":"","ocean_shortcode_after_footer_widgets":"","ocean_shortcode_before_footer_bottom":"","ocean_shortcode_after_footer_bottom":"","ocean_display_top_bar":"default","ocean_display_header":"default","ocean_header_style":"","ocean_center_header_left_menu":"","ocean_custom_header_template":"","ocean_custom_logo":0,"ocean_custom_retina_logo":0,"ocean_custom_logo_max_width":0,"ocean_custom_logo_tablet_max_width":0,"ocean_custom_logo_mobile_max_width":0,"ocean_custom_logo_max_height":0,"ocean_custom_logo_tablet_max_height":0,"ocean_custom_logo_mobile_max_height":0,"ocean_header_custom_menu":"","ocean_menu_typo_font_family":"","ocean_menu_typo_font_subset":"","ocean_menu_typo_font_size":0,"ocean_menu_typo_font_size_tablet":0,"ocean_menu_typo_font_size_mobile":0,"ocean_menu_typo_font_size_unit":"px","ocean_menu_typo_font_weight":"","ocean_menu_typo_font_weight_tablet":"","ocean_menu_typo_font_weight_mobile":"","ocean_menu_typo_transform":"","ocean_menu_typo_transform_tablet":"","ocean_menu_typo_transform_mobile":"","ocean_menu_typo_line_height":0,"ocean_menu_typo_line_height_tablet":0,"ocean_menu_typo_line_height_mobile":0,"ocean_menu_typo_line_height_unit":"","ocean_menu_typo_spacing":0,"ocean_menu_typo_spacing_tablet":0,"ocean_menu_typo_spacing_mobile":0,"ocean_menu_typo_spacing_unit":"","ocean_menu_link_color":"","ocean_menu_link_color_hover":"","ocean_menu_link_color_active":"","ocean_menu_link_background":"","ocean_menu_link_hover_background":"","ocean_menu_link_active_background":"","ocean_menu_social_links_bg":"","ocean_menu_social_hover_links_bg":"","ocean_menu_social_links_color":"","ocean_menu_social_hover_links_color":"","ocean_disable_title":"default","ocean_disable_heading":"default","ocean_post_title":"","ocean_post_subheading":"","ocean_post_title_style":"","ocean_post_title_background_color":"","ocean_post_title_background":0,"ocean_post_title_bg_image_position":"","ocean_post_title_bg_image_attachment":"","ocean_post_title_bg_image_repeat":"","ocean_post_title_bg_image_size":"","ocean_post_title_height":0,"ocean_post_title_bg_overlay":0.5,"ocean_post_title_bg_overlay_color":"","ocean_disable_breadcrumbs":"default","ocean_breadcrumbs_color":"","ocean_breadcrumbs_separator_color":"","ocean_breadcrumbs_links_color":"","ocean_breadcrumbs_links_hover_color":"","ocean_display_footer_widgets":"default","ocean_display_footer_bottom":"default","ocean_custom_footer_template":"","footnotes":""},"class_list":["post-53","page","type-page","status-publish","hentry","entry"],"_links":{"self":[{"href":"https:\/\/parisvu.fr\/index.php\/wp-json\/wp\/v2\/pages\/53","targetHints":{"allow":["GET"]}}],"collection":[{"href":"https:\/\/parisvu.fr\/index.php\/wp-json\/wp\/v2\/pages"}],"about":[{"href":"https:\/\/parisvu.fr\/index.php\/wp-json\/wp\/v2\/types\/page"}],"author":[{"embeddable":true,"href":"https:\/\/parisvu.fr\/index.php\/wp-json\/wp\/v2\/users\/1"}],"replies":[{"embeddable":true,"href":"https:\/\/parisvu.fr\/index.php\/wp-json\/wp\/v2\/comments?post=53"}],"version-history":[{"count":9,"href":"https:\/\/parisvu.fr\/index.php\/wp-json\/wp\/v2\/pages\/53\/revisions"}],"predecessor-version":[{"id":1071,"href":"https:\/\/parisvu.fr\/index.php\/wp-json\/wp\/v2\/pages\/53\/revisions\/1071"}],"wp:attachment":[{"href":"https:\/\/parisvu.fr\/index.php\/wp-json\/wp\/v2\/media?parent=53"}],"curies":[{"name":"wp","href":"https:\/\/api.w.org\/{rel}","templated":true}]}}