{"id":536,"date":"2024-02-26T13:10:18","date_gmt":"2024-02-26T12:10:18","guid":{"rendered":"https:\/\/parisvu.fr\/?page_id=536"},"modified":"2025-02-25T08:50:37","modified_gmt":"2025-02-25T07:50:37","slug":"paris-deja-vu-3","status":"publish","type":"page","link":"https:\/\/parisvu.fr\/index.php\/it\/paris-deja-vu-3\/","title":{"rendered":"Paris D\u00e9j\u00e0-vu"},"content":{"rendered":"\n<figure class=\"wp-block-image alignwide size-large\"><img fetchpriority=\"high\" decoding=\"async\" width=\"1024\" height=\"374\" src=\"https:\/\/parisvu.fr\/wp-content\/uploads\/2024\/06\/COUR-DAMOYE-2-e1716561532947-1-1024x374.jpg\" alt=\"\" class=\"wp-image-789\" srcset=\"https:\/\/parisvu.fr\/wp-content\/uploads\/2024\/06\/COUR-DAMOYE-2-e1716561532947-1-1024x374.jpg 1024w, https:\/\/parisvu.fr\/wp-content\/uploads\/2024\/06\/COUR-DAMOYE-2-e1716561532947-1-300x110.jpg 300w, https:\/\/parisvu.fr\/wp-content\/uploads\/2024\/06\/COUR-DAMOYE-2-e1716561532947-1-768x280.jpg 768w, https:\/\/parisvu.fr\/wp-content\/uploads\/2024\/06\/COUR-DAMOYE-2-e1716561532947-1-1536x561.jpg 1536w, https:\/\/parisvu.fr\/wp-content\/uploads\/2024\/06\/COUR-DAMOYE-2-e1716561532947-1.jpg 1600w\" sizes=\"(max-width: 1024px) 100vw, 1024px\" \/><\/figure>\n\n\n\n<h2 class=\"wp-block-heading alignwide has-text-align-center\"><strong>Paris D\u00e9j\u00e0-vu<\/strong><\/h2>\n\n\n\n<h4 class=\"wp-block-heading has-text-align-center\">Desiderate qualcosa di imperdibile? Lasciatevi guidare nei nostri tour a piedi attraverso <strong>i quartieri leggendari<\/strong> della capitale. Scoprite luoghi famosi <strong>sotto una nuova luce<\/strong> ed ascoltate le aneddoti che segretamente testimoniano.<\/h4>\n\n\n\n<div class=\"wp-block-cover alignfull is-light\" style=\"min-height:100vh;aspect-ratio:unset;\"><span aria-hidden=\"true\" class=\"wp-block-cover__background has-background-dim-100 has-background-dim\" style=\"background-color:#ffffff\"><\/span><div class=\"wp-block-cover__inner-container is-layout-flow wp-block-cover-is-layout-flow\">\n<div class=\"wp-block-media-text alignwide is-stacked-on-mobile is-vertically-aligned-center is-image-fill-element has-background\" style=\"background-color:#e6e4f0;grid-template-columns:28% auto\"><figure class=\"wp-block-media-text__media\"><img decoding=\"async\" width=\"683\" height=\"1024\" src=\"https:\/\/parisvu.fr\/wp-content\/uploads\/2024\/02\/Sorbonne-683x1024.jpg\" alt=\"\" class=\"wp-image-410 size-full\" style=\"object-position:51% 94%\" srcset=\"https:\/\/parisvu.fr\/wp-content\/uploads\/2024\/02\/Sorbonne-683x1024.jpg 683w, https:\/\/parisvu.fr\/wp-content\/uploads\/2024\/02\/Sorbonne-200x300.jpg 200w, https:\/\/parisvu.fr\/wp-content\/uploads\/2024\/02\/Sorbonne-768x1152.jpg 768w, https:\/\/parisvu.fr\/wp-content\/uploads\/2024\/02\/Sorbonne-1024x1536.jpg 1024w, https:\/\/parisvu.fr\/wp-content\/uploads\/2024\/02\/Sorbonne-1365x2048.jpg 1365w, https:\/\/parisvu.fr\/wp-content\/uploads\/2024\/02\/Sorbonne-scaled.jpg 1707w\" sizes=\"(max-width: 683px) 100vw, 683px\" \/><\/figure><div class=\"wp-block-media-text__content\">\n<h2 class=\"wp-block-heading has-text-color\" style=\"color:#000000;font-size:32px\"><strong>Le Quartier latin e l&rsquo;ultima rivoluzione di maggio 1968<\/strong><\/h2>\n\n\n\n<p class=\"has-text-color\" style=\"color:#000000;font-size:17px\">Zona centrale della riva sinistra,<strong> il Quartiere Latino <\/strong>\u00e8 forse il quartiere pi\u00f9 emblematico di Parigi. I resti antichi coesistono con monumenti pi\u00f9 moderni. Tuttavia, le tranquille strade di questo quartiere studentesco conservano le tracce di una rivoluzione molto meno pacifica. Venite a scoprire sulla Montagne Sainte-Genevi\u00e8ve la storia di Parigi e degli studenti della Sorbona.<br>Durata: Circa 1 ora e 30 minuti <br>Difficolt\u00e0 di camminata: Facile<\/p>\n\n\n\n<div class=\"wp-block-buttons is-layout-flex wp-block-buttons-is-layout-flex\">\n<div class=\"wp-block-button is-style-fill\"><a class=\"wp-block-button__link wp-element-button\" href=\"https:\/\/parisvu.fr\/index.php\/it\/contatto\/\">Riservare<\/a><\/div>\n<\/div>\n<\/div><\/div>\n\n\n\n<div class=\"wp-block-media-text alignwide has-media-on-the-right is-stacked-on-mobile is-vertically-aligned-center is-image-fill-element has-ast-global-color-4-background-color has-background\" style=\"grid-template-columns:auto 30%\"><div class=\"wp-block-media-text__content\">\n<h2 class=\"wp-block-heading has-text-color\" style=\"color:#000000;font-size:32px\"><strong>I Passaggi Coperti: dalla Boutique al Grande Magazzino<\/strong><\/h2>\n\n\n\n<p class=\"has-text-color\" style=\"color:#000000;font-size:17px\">C&rsquo;\u00e8 stato un tempo in cui Parigi contava pi\u00f9 di <strong>120 passaggi coperti <\/strong>nel suo centro. Queste strade strette e riparate hanno trasformato radicalmente il volto della citt\u00e0. Come un labirinto che evita le grandi arterie troppo affollate, questi passaggi permettono ai passanti di passeggiare e ammirare le vetrine delle boutique che si susseguono. Oggi restano non meno di 21 gallerie e passaggi coperti del XVIII e XIX secolo a Parigi. Sono testimoni di un momento cruciale della storia della Francia e anche della <strong>storia del commercio<\/strong>. Scopriamo insieme come si \u00e8 passati dal mercato, alla boutique, fino ai grandi magazzini.<br>Durata: Circa 1 ora e 30 minuti <br>Difficolt\u00e0 di camminata: Facile<\/p>\n\n\n\n<div class=\"wp-block-buttons is-layout-flex wp-block-buttons-is-layout-flex\">\n<div class=\"wp-block-button is-style-fill\"><a class=\"wp-block-button__link wp-element-button\" href=\"https:\/\/parisvu.fr\/index.php\/it\/contatto\/\">Riservare<\/a><\/div>\n<\/div>\n<\/div><figure class=\"wp-block-media-text__media\"><img decoding=\"async\" width=\"768\" height=\"1024\" src=\"https:\/\/parisvu.fr\/wp-content\/uploads\/2024\/12\/Passage-couvert-2-768x1024.jpg\" alt=\"\" class=\"wp-image-1004 size-full\" style=\"object-position:50% 50%\" srcset=\"https:\/\/parisvu.fr\/wp-content\/uploads\/2024\/12\/Passage-couvert-2-768x1024.jpg 768w, https:\/\/parisvu.fr\/wp-content\/uploads\/2024\/12\/Passage-couvert-2-225x300.jpg 225w, https:\/\/parisvu.fr\/wp-content\/uploads\/2024\/12\/Passage-couvert-2-1152x1536.jpg 1152w, https:\/\/parisvu.fr\/wp-content\/uploads\/2024\/12\/Passage-couvert-2-1536x2048.jpg 1536w, https:\/\/parisvu.fr\/wp-content\/uploads\/2024\/12\/Passage-couvert-2-scaled.jpg 1920w\" sizes=\"(max-width: 768px) 100vw, 768px\" \/><\/figure><\/div>\n\n\n\n<div class=\"wp-block-media-text alignwide is-stacked-on-mobile is-vertically-aligned-center is-image-fill-element has-background\" style=\"background-color:#e6e4f0;grid-template-columns:27% auto\"><figure class=\"wp-block-media-text__media\"><img loading=\"lazy\" decoding=\"async\" width=\"768\" height=\"1024\" src=\"https:\/\/parisvu.fr\/wp-content\/uploads\/2024\/12\/WhatsApp-Image-2024-12-22-a-14.47.49_ef6edeef-4-768x1024.jpg\" alt=\"\" class=\"wp-image-1003 size-full\" style=\"object-position:50% 50%\" srcset=\"https:\/\/parisvu.fr\/wp-content\/uploads\/2024\/12\/WhatsApp-Image-2024-12-22-a-14.47.49_ef6edeef-4-768x1024.jpg 768w, https:\/\/parisvu.fr\/wp-content\/uploads\/2024\/12\/WhatsApp-Image-2024-12-22-a-14.47.49_ef6edeef-4-225x300.jpg 225w, https:\/\/parisvu.fr\/wp-content\/uploads\/2024\/12\/WhatsApp-Image-2024-12-22-a-14.47.49_ef6edeef-4-1152x1536.jpg 1152w, https:\/\/parisvu.fr\/wp-content\/uploads\/2024\/12\/WhatsApp-Image-2024-12-22-a-14.47.49_ef6edeef-4.jpg 1200w\" sizes=\"(max-width: 768px) 100vw, 768px\" \/><\/figure><div class=\"wp-block-media-text__content\">\n<h2 class=\"wp-block-heading has-text-color\" style=\"color:#000000;font-size:32px\"><strong>Notre-Dame e Victor Hugo<\/strong><\/h2>\n\n\n\n<p class=\"has-text-color\" style=\"color:#000000;font-size:17px\">Autore imprescindibile della letteratura francese, <strong>Victor Hugo <\/strong>si \u00e8 dedicato a descrivere Parigi, la citt\u00e0 in cui ha vissuto per molti anni. Cosa ci insegna <em>Notre-Dame de Paris<\/em> sulla citt\u00e0 a met\u00e0 del XIX secolo? Quali <strong>monumenti medievali<\/strong> ci restano ancora oggi a Parigi? E, oltre al romanzo di Victor Hugo, quali edifici hanno ispirato i <strong>Walt Disney Studios <\/strong>nella creazione del loro film <em>Il Gobbo di Notre Dame<\/em>? Questo percorso, dalla Place des Vosges al sagrato di Notre-Dame, permette, attraverso la letteratura dello scrittore, di immergersi in una Parigi dimenticata e tuttavia ancora preservata, grazie a Victor Hugo.<br>Durata: Circa 1 ora e 30 minuti <br>Difficolt\u00e0 di camminata: Facile<\/p>\n\n\n\n<div class=\"wp-block-buttons is-layout-flex wp-block-buttons-is-layout-flex\">\n<div class=\"wp-block-button is-style-fill\"><a class=\"wp-block-button__link wp-element-button\" href=\"https:\/\/parisvu.fr\/index.php\/it\/contatto\/\">Riservare<\/a><\/div>\n<\/div>\n<\/div><\/div>\n<\/div><\/div>\n","protected":false},"excerpt":{"rendered":"<p>Paris D\u00e9j\u00e0-vu Desiderate qualcosa di imperdibile? Lasciatevi guidare nei nostri tour a piedi attraverso i quartieri leggendari della capitale. Scoprite luoghi famosi sotto una nuova luce ed ascoltate le aneddoti che segretamente testimoniano.<\/p>\n","protected":false},"author":1,"featured_media":0,"parent":0,"menu_order":0,"comment_status":"closed","ping_status":"closed","template":"","meta":{"ocean_post_layout":"","ocean_both_sidebars_style":"","ocean_both_sidebars_content_width":0,"ocean_both_sidebars_sidebars_width":0,"ocean_sidebar":"","ocean_second_sidebar":"","ocean_disable_margins":"enable","ocean_add_body_class":"","ocean_shortcode_before_top_bar":"","ocean_shortcode_after_top_bar":"","ocean_shortcode_before_header":"","ocean_shortcode_after_header":"","ocean_has_shortcode":"","ocean_shortcode_after_title":"","ocean_shortcode_before_footer_widgets":"","ocean_shortcode_after_footer_widgets":"","ocean_shortcode_before_footer_bottom":"","ocean_shortcode_after_footer_bottom":"","ocean_display_top_bar":"default","ocean_display_header":"default","ocean_header_style":"","ocean_center_header_left_menu":"","ocean_custom_header_template":"","ocean_custom_logo":0,"ocean_custom_retina_logo":0,"ocean_custom_logo_max_width":0,"ocean_custom_logo_tablet_max_width":0,"ocean_custom_logo_mobile_max_width":0,"ocean_custom_logo_max_height":0,"ocean_custom_logo_tablet_max_height":0,"ocean_custom_logo_mobile_max_height":0,"ocean_header_custom_menu":"","ocean_menu_typo_font_family":"","ocean_menu_typo_font_subset":"","ocean_menu_typo_font_size":0,"ocean_menu_typo_font_size_tablet":0,"ocean_menu_typo_font_size_mobile":0,"ocean_menu_typo_font_size_unit":"px","ocean_menu_typo_font_weight":"","ocean_menu_typo_font_weight_tablet":"","ocean_menu_typo_font_weight_mobile":"","ocean_menu_typo_transform":"","ocean_menu_typo_transform_tablet":"","ocean_menu_typo_transform_mobile":"","ocean_menu_typo_line_height":0,"ocean_menu_typo_line_height_tablet":0,"ocean_menu_typo_line_height_mobile":0,"ocean_menu_typo_line_height_unit":"","ocean_menu_typo_spacing":0,"ocean_menu_typo_spacing_tablet":0,"ocean_menu_typo_spacing_mobile":0,"ocean_menu_typo_spacing_unit":"","ocean_menu_link_color":"","ocean_menu_link_color_hover":"","ocean_menu_link_color_active":"","ocean_menu_link_background":"","ocean_menu_link_hover_background":"","ocean_menu_link_active_background":"","ocean_menu_social_links_bg":"","ocean_menu_social_hover_links_bg":"","ocean_menu_social_links_color":"","ocean_menu_social_hover_links_color":"","ocean_disable_title":"default","ocean_disable_heading":"default","ocean_post_title":"","ocean_post_subheading":"","ocean_post_title_style":"","ocean_post_title_background_color":"","ocean_post_title_background":0,"ocean_post_title_bg_image_position":"","ocean_post_title_bg_image_attachment":"","ocean_post_title_bg_image_repeat":"","ocean_post_title_bg_image_size":"","ocean_post_title_height":0,"ocean_post_title_bg_overlay":0.5,"ocean_post_title_bg_overlay_color":"","ocean_disable_breadcrumbs":"default","ocean_breadcrumbs_color":"","ocean_breadcrumbs_separator_color":"","ocean_breadcrumbs_links_color":"","ocean_breadcrumbs_links_hover_color":"","ocean_display_footer_widgets":"default","ocean_display_footer_bottom":"default","ocean_custom_footer_template":"","footnotes":""},"class_list":["post-536","page","type-page","status-publish","hentry","entry"],"_links":{"self":[{"href":"https:\/\/parisvu.fr\/index.php\/wp-json\/wp\/v2\/pages\/536","targetHints":{"allow":["GET"]}}],"collection":[{"href":"https:\/\/parisvu.fr\/index.php\/wp-json\/wp\/v2\/pages"}],"about":[{"href":"https:\/\/parisvu.fr\/index.php\/wp-json\/wp\/v2\/types\/page"}],"author":[{"embeddable":true,"href":"https:\/\/parisvu.fr\/index.php\/wp-json\/wp\/v2\/users\/1"}],"replies":[{"embeddable":true,"href":"https:\/\/parisvu.fr\/index.php\/wp-json\/wp\/v2\/comments?post=536"}],"version-history":[{"count":10,"href":"https:\/\/parisvu.fr\/index.php\/wp-json\/wp\/v2\/pages\/536\/revisions"}],"predecessor-version":[{"id":1086,"href":"https:\/\/parisvu.fr\/index.php\/wp-json\/wp\/v2\/pages\/536\/revisions\/1086"}],"wp:attachment":[{"href":"https:\/\/parisvu.fr\/index.php\/wp-json\/wp\/v2\/media?parent=536"}],"curies":[{"name":"wp","href":"https:\/\/api.w.org\/{rel}","templated":true}]}}