{"id":537,"date":"2024-02-26T13:10:18","date_gmt":"2024-02-26T12:10:18","guid":{"rendered":"https:\/\/parisvu.fr\/?page_id=537"},"modified":"2025-02-25T08:41:18","modified_gmt":"2025-02-25T07:41:18","slug":"paris-deja-vu-4","status":"publish","type":"page","link":"https:\/\/parisvu.fr\/index.php\/de\/paris-deja-vu-4\/","title":{"rendered":"Paris D\u00e9j\u00e0-vu"},"content":{"rendered":"\n<figure class=\"wp-block-image alignwide size-large\"><img fetchpriority=\"high\" decoding=\"async\" width=\"1024\" height=\"374\" src=\"https:\/\/parisvu.fr\/wp-content\/uploads\/2024\/06\/COUR-DAMOYE-2-e1716561532947-2-1024x374.jpg\" alt=\"\" class=\"wp-image-803\" srcset=\"https:\/\/parisvu.fr\/wp-content\/uploads\/2024\/06\/COUR-DAMOYE-2-e1716561532947-2-1024x374.jpg 1024w, https:\/\/parisvu.fr\/wp-content\/uploads\/2024\/06\/COUR-DAMOYE-2-e1716561532947-2-300x110.jpg 300w, https:\/\/parisvu.fr\/wp-content\/uploads\/2024\/06\/COUR-DAMOYE-2-e1716561532947-2-768x280.jpg 768w, https:\/\/parisvu.fr\/wp-content\/uploads\/2024\/06\/COUR-DAMOYE-2-e1716561532947-2-1536x561.jpg 1536w, https:\/\/parisvu.fr\/wp-content\/uploads\/2024\/06\/COUR-DAMOYE-2-e1716561532947-2.jpg 1600w\" sizes=\"(max-width: 1024px) 100vw, 1024px\" \/><\/figure>\n\n\n\n<h2 class=\"wp-block-heading alignwide has-text-align-center\"><strong>Paris D\u00e9j\u00e0-vu<\/strong><\/h2>\n\n\n\n<h4 class=\"wp-block-heading has-text-align-center\">Lust auf ein unverzichtbares Erlebnis? Lassen Sie sich von uns durch unsere Spazierg\u00e4nge durch <strong>die legend\u00e4ren Viertel<\/strong> der Hauptstadt f\u00fchren. Entdecken Sie bekannte Orte <strong>in einem neuen Licht<\/strong> und lauschen Sie den Anekdoten, die sie heimlich bezeugen.<\/h4>\n\n\n\n<div class=\"wp-block-cover alignfull is-light\" style=\"min-height:100vh;aspect-ratio:unset;\"><span aria-hidden=\"true\" class=\"wp-block-cover__background has-background-dim-100 has-background-dim\" style=\"background-color:#ffffff\"><\/span><div class=\"wp-block-cover__inner-container is-layout-flow wp-block-cover-is-layout-flow\">\n<div class=\"wp-block-media-text alignwide is-stacked-on-mobile is-vertically-aligned-center is-image-fill-element has-background\" style=\"background-color:#e6e4f0;grid-template-columns:28% auto\"><figure class=\"wp-block-media-text__media\"><img decoding=\"async\" width=\"683\" height=\"1024\" src=\"https:\/\/parisvu.fr\/wp-content\/uploads\/2024\/02\/Sorbonne-683x1024.jpg\" alt=\"\" class=\"wp-image-410 size-full\" style=\"object-position:51% 94%\" srcset=\"https:\/\/parisvu.fr\/wp-content\/uploads\/2024\/02\/Sorbonne-683x1024.jpg 683w, https:\/\/parisvu.fr\/wp-content\/uploads\/2024\/02\/Sorbonne-200x300.jpg 200w, https:\/\/parisvu.fr\/wp-content\/uploads\/2024\/02\/Sorbonne-768x1152.jpg 768w, https:\/\/parisvu.fr\/wp-content\/uploads\/2024\/02\/Sorbonne-1024x1536.jpg 1024w, https:\/\/parisvu.fr\/wp-content\/uploads\/2024\/02\/Sorbonne-1365x2048.jpg 1365w, https:\/\/parisvu.fr\/wp-content\/uploads\/2024\/02\/Sorbonne-scaled.jpg 1707w\" sizes=\"(max-width: 683px) 100vw, 683px\" \/><\/figure><div class=\"wp-block-media-text__content\">\n<h2 class=\"wp-block-heading has-text-color\" style=\"color:#000000;font-size:32px\"><strong>Le Quartier latin und die letzte Revolution von Mai 1968<\/strong><\/h2>\n\n\n\n<p class=\"has-text-color\" style=\"color:#000000;font-size:17px\">Das zentrale Viertel am linken Ufer, das<strong> Quartier Latin,<\/strong> ist vielleicht das emblematischste Viertel von Paris. Antike \u00dcberreste koexistieren mit moderneren Denkm\u00e4lern. Doch die ruhigen Stra\u00dfen dieses Studentenviertels bewahren die Spuren einer weit weniger ruhigen Revolution. Kommen Sie und entdecken Sie auf dem Montagne Sainte-Genevi\u00e8ve die Geschichte von Paris und der Studenten der Sorbonne.<br>Dauer: Ungef\u00e4hr 1 Stunde 30 Minuten <br>Gehschwierigkeiten: Einfach<\/p>\n\n\n\n<div class=\"wp-block-buttons is-layout-flex wp-block-buttons-is-layout-flex\">\n<div class=\"wp-block-button is-style-fill\"><a class=\"wp-block-button__link wp-element-button\" href=\"https:\/\/parisvu.fr\/index.php\/contact\/\">Buchen<\/a><\/div>\n<\/div>\n<\/div><\/div>\n\n\n\n<div class=\"wp-block-media-text alignwide has-media-on-the-right is-stacked-on-mobile is-vertically-aligned-center is-image-fill-element has-ast-global-color-4-background-color has-background\" style=\"grid-template-columns:auto 30%\"><div class=\"wp-block-media-text__content\">\n<h2 class=\"wp-block-heading has-text-color\" style=\"color:#000000;font-size:32px\"><strong>Die \u00fcberdachten Passagen: Vom Laden zur Kaufhalle<\/strong><\/h2>\n\n\n\n<p class=\"has-text-color\" style=\"color:#000000;font-size:17px\">Einst gab es in Paris mehr als <strong>120 \u00fcberdachte Passagen<\/strong> im Stadtzentrum. Diese schmalen, gesch\u00fctzten Stra\u00dfen haben das Gesicht von Paris radikal ver\u00e4ndert. Wie ein Labyrinth, das die \u00fcberf\u00fcllten Hauptstra\u00dfen umgeht, erm\u00f6glichen diese Passagen den Fu\u00dfg\u00e4ngern, gem\u00fctlich zu flanieren und die Schaufenster der aneinandergereihten Gesch\u00e4fte zu bewundern. Heute sind nicht weniger als 21 Galerien und \u00fcberdachte Passagen aus dem 18. und 19. Jahrhundert in Paris erhalten. Sie zeugen von einem entscheidenden Wendepunkt in der Geschichte Frankreichs, aber auch <strong>in der Geschichte des Handels<\/strong>. Lassen Sie uns gemeinsam verstehen, wie der \u00dcbergang vom Markt zum Laden und schlie\u00dflich zu den gro\u00dfen Kaufh\u00e4usern stattgefunden hat.. <br>Dauer: Ungef\u00e4hr 1 Stunde 30 Minuten <br>Gehschwierigkeiten: Einfach<\/p>\n\n\n\n<div class=\"wp-block-buttons is-layout-flex wp-block-buttons-is-layout-flex\">\n<div class=\"wp-block-button is-style-fill\"><a class=\"wp-block-button__link wp-element-button\" href=\"https:\/\/parisvu.fr\/index.php\/contact\/\">Buchen<\/a><\/div>\n<\/div>\n<\/div><figure class=\"wp-block-media-text__media\"><img decoding=\"async\" width=\"768\" height=\"1024\" src=\"https:\/\/parisvu.fr\/wp-content\/uploads\/2024\/12\/Passage-couvert-1-768x1024.jpg\" alt=\"\" class=\"wp-image-999 size-full\" style=\"object-position:50% 50%\" srcset=\"https:\/\/parisvu.fr\/wp-content\/uploads\/2024\/12\/Passage-couvert-1-768x1024.jpg 768w, https:\/\/parisvu.fr\/wp-content\/uploads\/2024\/12\/Passage-couvert-1-225x300.jpg 225w, https:\/\/parisvu.fr\/wp-content\/uploads\/2024\/12\/Passage-couvert-1-1152x1536.jpg 1152w, https:\/\/parisvu.fr\/wp-content\/uploads\/2024\/12\/Passage-couvert-1-1536x2048.jpg 1536w, https:\/\/parisvu.fr\/wp-content\/uploads\/2024\/12\/Passage-couvert-1-scaled.jpg 1920w\" sizes=\"(max-width: 768px) 100vw, 768px\" \/><\/figure><\/div>\n\n\n\n<div class=\"wp-block-media-text alignwide is-stacked-on-mobile is-vertically-aligned-center is-image-fill-element has-background\" style=\"background-color:#e6e4f0;grid-template-columns:27% auto\"><figure class=\"wp-block-media-text__media\"><img loading=\"lazy\" decoding=\"async\" width=\"768\" height=\"1024\" src=\"https:\/\/parisvu.fr\/wp-content\/uploads\/2024\/12\/WhatsApp-Image-2024-12-22-a-14.47.49_ef6edeef-3-768x1024.jpg\" alt=\"\" class=\"wp-image-1000 size-full\" style=\"object-position:50% 50%\" srcset=\"https:\/\/parisvu.fr\/wp-content\/uploads\/2024\/12\/WhatsApp-Image-2024-12-22-a-14.47.49_ef6edeef-3-768x1024.jpg 768w, https:\/\/parisvu.fr\/wp-content\/uploads\/2024\/12\/WhatsApp-Image-2024-12-22-a-14.47.49_ef6edeef-3-225x300.jpg 225w, https:\/\/parisvu.fr\/wp-content\/uploads\/2024\/12\/WhatsApp-Image-2024-12-22-a-14.47.49_ef6edeef-3-1152x1536.jpg 1152w, https:\/\/parisvu.fr\/wp-content\/uploads\/2024\/12\/WhatsApp-Image-2024-12-22-a-14.47.49_ef6edeef-3.jpg 1200w\" sizes=\"(max-width: 768px) 100vw, 768px\" \/><\/figure><div class=\"wp-block-media-text__content\">\n<h2 class=\"wp-block-heading has-text-color\" style=\"color:#000000;font-size:32px\"><strong>Notre-Dame und Victor Hugo<\/strong><\/h2>\n\n\n\n<p class=\"has-text-color\" style=\"color:#000000;font-size:17px\">Ein unverzichtbarer Autor der franz\u00f6sischen Literatur, <strong>Victor Hugo<\/strong>, widmete sich der Beschreibung von Paris, seiner langj\u00e4hrigen Wohnstadt. Was verr\u00e4t uns <em>Notre-Dame de Paris<\/em> \u00fcber die Stadt in der Mitte des 19. Jahrhunderts? Welche <strong>mittelalterlichen Monumente<\/strong> sind in Paris noch erhalten? Und \u00fcber den Roman von Victor Hugo hinaus \u2013 welche Geb\u00e4ude inspirierten die <strong>Walt Disney Studios<\/strong> zur Schaffung ihres Films <em>Der Gl\u00f6ckner von Notre-Dame<\/em>? Diese Tour, die von der Place des Vosges bis zum Vorplatz von Notre-Dame f\u00fchrt, l\u00e4dt dazu ein, anhand der Literatur des Schriftstellers in ein vergessenes Paris einzutauchen \u2013 ein Paris, das dank Victor Hugo bis heute bewahrt geblieben ist.<br>Dauer: Ungef\u00e4hr 1 Stunde 30 Minuten <br>Gehschwierigkeiten: Einfach<\/p>\n\n\n\n<div class=\"wp-block-buttons is-layout-flex wp-block-buttons-is-layout-flex\">\n<div class=\"wp-block-button is-style-fill\"><a class=\"wp-block-button__link wp-element-button\" href=\"https:\/\/parisvu.fr\/index.php\/contact\/\">Buchen<\/a><\/div>\n<\/div>\n<\/div><\/div>\n<\/div><\/div>\n","protected":false},"excerpt":{"rendered":"<p>Paris D\u00e9j\u00e0-vu Lust auf ein unverzichtbares Erlebnis? Lassen Sie sich von uns durch unsere Spazierg\u00e4nge durch die legend\u00e4ren Viertel der Hauptstadt f\u00fchren. Entdecken Sie bekannte Orte in einem neuen Licht und lauschen Sie den Anekdoten, die sie heimlich bezeugen.<\/p>\n","protected":false},"author":1,"featured_media":0,"parent":0,"menu_order":0,"comment_status":"closed","ping_status":"closed","template":"","meta":{"ocean_post_layout":"","ocean_both_sidebars_style":"","ocean_both_sidebars_content_width":0,"ocean_both_sidebars_sidebars_width":0,"ocean_sidebar":"","ocean_second_sidebar":"","ocean_disable_margins":"enable","ocean_add_body_class":"","ocean_shortcode_before_top_bar":"","ocean_shortcode_after_top_bar":"","ocean_shortcode_before_header":"","ocean_shortcode_after_header":"","ocean_has_shortcode":"","ocean_shortcode_after_title":"","ocean_shortcode_before_footer_widgets":"","ocean_shortcode_after_footer_widgets":"","ocean_shortcode_before_footer_bottom":"","ocean_shortcode_after_footer_bottom":"","ocean_display_top_bar":"default","ocean_display_header":"default","ocean_header_style":"","ocean_center_header_left_menu":"","ocean_custom_header_template":"","ocean_custom_logo":0,"ocean_custom_retina_logo":0,"ocean_custom_logo_max_width":0,"ocean_custom_logo_tablet_max_width":0,"ocean_custom_logo_mobile_max_width":0,"ocean_custom_logo_max_height":0,"ocean_custom_logo_tablet_max_height":0,"ocean_custom_logo_mobile_max_height":0,"ocean_header_custom_menu":"","ocean_menu_typo_font_family":"","ocean_menu_typo_font_subset":"","ocean_menu_typo_font_size":0,"ocean_menu_typo_font_size_tablet":0,"ocean_menu_typo_font_size_mobile":0,"ocean_menu_typo_font_size_unit":"px","ocean_menu_typo_font_weight":"","ocean_menu_typo_font_weight_tablet":"","ocean_menu_typo_font_weight_mobile":"","ocean_menu_typo_transform":"","ocean_menu_typo_transform_tablet":"","ocean_menu_typo_transform_mobile":"","ocean_menu_typo_line_height":0,"ocean_menu_typo_line_height_tablet":0,"ocean_menu_typo_line_height_mobile":0,"ocean_menu_typo_line_height_unit":"","ocean_menu_typo_spacing":0,"ocean_menu_typo_spacing_tablet":0,"ocean_menu_typo_spacing_mobile":0,"ocean_menu_typo_spacing_unit":"","ocean_menu_link_color":"","ocean_menu_link_color_hover":"","ocean_menu_link_color_active":"","ocean_menu_link_background":"","ocean_menu_link_hover_background":"","ocean_menu_link_active_background":"","ocean_menu_social_links_bg":"","ocean_menu_social_hover_links_bg":"","ocean_menu_social_links_color":"","ocean_menu_social_hover_links_color":"","ocean_disable_title":"default","ocean_disable_heading":"default","ocean_post_title":"","ocean_post_subheading":"","ocean_post_title_style":"","ocean_post_title_background_color":"","ocean_post_title_background":0,"ocean_post_title_bg_image_position":"","ocean_post_title_bg_image_attachment":"","ocean_post_title_bg_image_repeat":"","ocean_post_title_bg_image_size":"","ocean_post_title_height":0,"ocean_post_title_bg_overlay":0.5,"ocean_post_title_bg_overlay_color":"","ocean_disable_breadcrumbs":"default","ocean_breadcrumbs_color":"","ocean_breadcrumbs_separator_color":"","ocean_breadcrumbs_links_color":"","ocean_breadcrumbs_links_hover_color":"","ocean_display_footer_widgets":"default","ocean_display_footer_bottom":"default","ocean_custom_footer_template":"","footnotes":""},"class_list":["post-537","page","type-page","status-publish","hentry","entry"],"_links":{"self":[{"href":"https:\/\/parisvu.fr\/index.php\/wp-json\/wp\/v2\/pages\/537","targetHints":{"allow":["GET"]}}],"collection":[{"href":"https:\/\/parisvu.fr\/index.php\/wp-json\/wp\/v2\/pages"}],"about":[{"href":"https:\/\/parisvu.fr\/index.php\/wp-json\/wp\/v2\/types\/page"}],"author":[{"embeddable":true,"href":"https:\/\/parisvu.fr\/index.php\/wp-json\/wp\/v2\/users\/1"}],"replies":[{"embeddable":true,"href":"https:\/\/parisvu.fr\/index.php\/wp-json\/wp\/v2\/comments?post=537"}],"version-history":[{"count":11,"href":"https:\/\/parisvu.fr\/index.php\/wp-json\/wp\/v2\/pages\/537\/revisions"}],"predecessor-version":[{"id":1077,"href":"https:\/\/parisvu.fr\/index.php\/wp-json\/wp\/v2\/pages\/537\/revisions\/1077"}],"wp:attachment":[{"href":"https:\/\/parisvu.fr\/index.php\/wp-json\/wp\/v2\/media?parent=537"}],"curies":[{"name":"wp","href":"https:\/\/api.w.org\/{rel}","templated":true}]}}