{"id":55,"date":"2024-02-05T12:32:39","date_gmt":"2024-02-05T11:32:39","guid":{"rendered":"https:\/\/parisvu.fr\/?page_id=55"},"modified":"2025-11-23T19:11:15","modified_gmt":"2025-11-23T18:11:15","slug":"paris-deja-vu","status":"publish","type":"page","link":"https:\/\/parisvu.fr\/index.php\/paris-deja-vu\/","title":{"rendered":"Visites guid\u00e9es Paris D\u00e9j\u00e0-vu"},"content":{"rendered":"\t\t<div data-elementor-type=\"wp-page\" data-elementor-id=\"55\" class=\"elementor elementor-55\">\n\t\t\t\t<div class=\"elementor-element elementor-element-469b856e e-flex e-con-boxed e-con e-parent\" data-id=\"469b856e\" data-element_type=\"container\" data-e-type=\"container\">\n\t\t\t\t\t<div class=\"e-con-inner\">\n\t\t<div class=\"elementor-element elementor-element-72829ad1 e-con-full e-flex e-con e-child\" data-id=\"72829ad1\" data-element_type=\"container\" data-e-type=\"container\">\n\t\t\t\t<div class=\"elementor-element elementor-element-2d46f827 elementor-widget elementor-widget-image\" data-id=\"2d46f827\" data-element_type=\"widget\" data-e-type=\"widget\" data-widget_type=\"image.default\">\n\t\t\t\t<div class=\"elementor-widget-container\">\n\t\t\t\t\t\t\t\t\t\t\t\t\t\t\t<img fetchpriority=\"high\" decoding=\"async\" width=\"1500\" height=\"375\" src=\"https:\/\/parisvu.fr\/wp-content\/uploads\/2024\/05\/cropped-COUR-DAMOYE-2-e1716561532947.jpg\" class=\"attachment-full size-full wp-image-849\" alt=\"\" srcset=\"https:\/\/parisvu.fr\/wp-content\/uploads\/2024\/05\/cropped-COUR-DAMOYE-2-e1716561532947.jpg 1500w, https:\/\/parisvu.fr\/wp-content\/uploads\/2024\/05\/cropped-COUR-DAMOYE-2-e1716561532947-300x75.jpg 300w, https:\/\/parisvu.fr\/wp-content\/uploads\/2024\/05\/cropped-COUR-DAMOYE-2-e1716561532947-1024x256.jpg 1024w, https:\/\/parisvu.fr\/wp-content\/uploads\/2024\/05\/cropped-COUR-DAMOYE-2-e1716561532947-768x192.jpg 768w\" sizes=\"(max-width: 1500px) 100vw, 1500px\" \/>\t\t\t\t\t\t\t\t\t\t\t\t\t\t\t<\/div>\n\t\t\t\t<\/div>\n\t\t\t\t<div class=\"elementor-element elementor-element-7543e76b elementor-widget elementor-widget-heading\" data-id=\"7543e76b\" data-element_type=\"widget\" data-e-type=\"widget\" data-widget_type=\"heading.default\">\n\t\t\t\t<div class=\"elementor-widget-container\">\n\t\t\t\t\t<h1 class=\"elementor-heading-title elementor-size-default\">Visites guid\u00e9es Paris D\u00e9j\u00e0-Vu<\/h1>\t\t\t\t<\/div>\n\t\t\t\t<\/div>\n\t\t\t\t<div class=\"elementor-element elementor-element-4fd59f22 elementor-widget elementor-widget-text-editor\" data-id=\"4fd59f22\" data-element_type=\"widget\" data-e-type=\"widget\" data-widget_type=\"text-editor.default\">\n\t\t\t\t<div class=\"elementor-widget-container\">\n\t\t\t\t\t\t\t\t\t<p>\u00a0<\/p>\n<h1>Visite guid\u00e9e \u00e0 Paris : explorez les quartiers mythiques de la capitale<\/h1>\n<p>Envie de d\u00e9couvrir Paris autrement ? Partez pour une visite guid\u00e9e unique \u00e0 travers les quartiers embl\u00e9matiques de la capitale. Laissez-vous emporter par nos balades culturelles et plongez dans l\u2019histoire vivante de Paris, entre ruelles cach\u00e9es, monuments c\u00e9l\u00e8bres et tr\u00e9sors m\u00e9connus.<br \/><span style=\"font-size: 17px; letter-spacing: -0.8px;\">Chaque parcours r\u00e9v\u00e8le un Paris inattendu : derri\u00e8re chaque fa\u00e7ade se cache une anecdote, une l\u00e9gende ou un secret d\u2019autrefois. Que vous soyez curieux, passionn\u00e9 d\u2019histoire ou simple promeneur, ces visites vous invitent \u00e0 red\u00e9couvrir la ville sous un nouveau regard, entre patrimoine, culture et art de vivre parisien.<\/span><\/p>\t\t\t\t\t\t\t\t<\/div>\n\t\t\t\t<\/div>\n\t\t\t\t<\/div>\n\t\t\t\t\t<\/div>\n\t\t\t\t<\/div>\n\t\t<div class=\"elementor-element elementor-element-7213e6fa e-flex e-con-boxed e-con e-parent\" data-id=\"7213e6fa\" data-element_type=\"container\" data-e-type=\"container\">\n\t\t\t\t\t<div class=\"e-con-inner\">\n\t\t<div class=\"elementor-element elementor-element-5161e57f e-con-full e-flex e-con e-child\" data-id=\"5161e57f\" data-element_type=\"container\" data-e-type=\"container\">\n\t\t\t\t<div class=\"elementor-element elementor-element-f397d35 elementor-widget elementor-widget-image\" data-id=\"f397d35\" data-element_type=\"widget\" data-e-type=\"widget\" data-widget_type=\"image.default\">\n\t\t\t\t<div class=\"elementor-widget-container\">\n\t\t\t\t\t\t\t\t\t\t\t\t\t\t\t<img decoding=\"async\" width=\"1200\" height=\"1600\" src=\"https:\/\/parisvu.fr\/wp-content\/uploads\/2024\/12\/WhatsApp-Image-2024-12-22-a-14.47.49_c82a010b.jpg\" class=\"attachment-2048x2048 size-2048x2048 wp-image-946\" alt=\"Visite guid\u00e9e de Paris Moyen-Age avec un guide priv\u00e9\" srcset=\"https:\/\/parisvu.fr\/wp-content\/uploads\/2024\/12\/WhatsApp-Image-2024-12-22-a-14.47.49_c82a010b.jpg 1200w, https:\/\/parisvu.fr\/wp-content\/uploads\/2024\/12\/WhatsApp-Image-2024-12-22-a-14.47.49_c82a010b-225x300.jpg 225w, https:\/\/parisvu.fr\/wp-content\/uploads\/2024\/12\/WhatsApp-Image-2024-12-22-a-14.47.49_c82a010b-768x1024.jpg 768w, https:\/\/parisvu.fr\/wp-content\/uploads\/2024\/12\/WhatsApp-Image-2024-12-22-a-14.47.49_c82a010b-1152x1536.jpg 1152w\" sizes=\"(max-width: 1200px) 100vw, 1200px\" \/>\t\t\t\t\t\t\t\t\t\t\t\t\t\t\t<\/div>\n\t\t\t\t<\/div>\n\t\t\t\t<\/div>\n\t\t<div class=\"elementor-element elementor-element-5e39a771 e-con-full e-flex e-con e-child\" data-id=\"5e39a771\" data-element_type=\"container\" data-e-type=\"container\">\n\t\t<div class=\"elementor-element elementor-element-1fc8247 e-con-full e-flex e-con e-child\" data-id=\"1fc8247\" data-element_type=\"container\" data-e-type=\"container\">\n\t\t\t\t<div class=\"elementor-element elementor-element-7605e3ee elementor-widget elementor-widget-text-editor\" data-id=\"7605e3ee\" data-element_type=\"widget\" data-e-type=\"widget\" data-widget_type=\"text-editor.default\">\n\t\t\t\t<div class=\"elementor-widget-container\">\n\t\t\t\t\t\t\t\t\t<p>\u00a0<\/p><h1>Visite guid\u00e9e Victor Hugo : le Paris m\u00e9di\u00e9val et Notre-Dame<\/h1><p>D\u00e9couvrez Paris tel que Victor Hugo l\u2019a r\u00eav\u00e9 et immortalis\u00e9 dans son roman <em>Notre-Dame de Paris<\/em>. Cette visite guid\u00e9e au c\u0153ur de la capitale vous invite \u00e0 remonter le temps jusqu\u2019au Moyen \u00c2ge, \u00e9poque des cath\u00e9drales, des ruelles \u00e9troites et des artisans. \u00c0 travers les mots de l\u2019\u00e9crivain, revivez l\u2019atmosph\u00e8re du vieux Paris, celui des clochers, des gargouilles et des l\u00e9gendes qui peuplent encore les pierres de la cit\u00e9.<br \/><span style=\"font-size: 17px; letter-spacing: -0.8px;\">De la place des Vosges, o\u00f9 v\u00e9cut Victor Hugo, jusqu\u2019au parvis de Notre-Dame, cette promenade litt\u00e9raire et historique r\u00e9v\u00e8le les traces du Paris m\u00e9di\u00e9val pr\u00e9serv\u00e9 dans l\u2019\u0153uvre de l\u2019auteur. Les fa\u00e7ades gothiques, les ponts anciens et les vestiges de la cit\u00e9 m\u00e9di\u00e9vale prennent vie au fil de la visite, tandis que se dessine l\u2019histoire d\u2019une ville en pleine effervescence spirituelle et artistique.<br \/><\/span><span style=\"font-size: 17px; letter-spacing: -0.8px;\">Vous d\u00e9couvrirez comment Victor Hugo, \u00e0 travers <\/span><em style=\"font-size: 17px; letter-spacing: -0.8px;\">Notre-Dame de Paris<\/em><span style=\"font-size: 17px; letter-spacing: -0.8px;\">, a contribu\u00e9 \u00e0 sauver l\u2019un des joyaux du patrimoine gothique et \u00e0 faire rena\u00eetre l\u2019int\u00e9r\u00eat pour l\u2019art m\u00e9di\u00e9val. Vous verrez aussi comment les descriptions du roman ont inspir\u00e9 les studios Disney pour leur film <\/span><em style=\"font-size: 17px; letter-spacing: -0.8px;\">Le Bossu de Notre-Dame<\/em><span style=\"font-size: 17px; letter-spacing: -0.8px;\">, prolongeant ainsi la fascination pour ce Paris d\u2019un autre temps.<br \/><\/span><span style=\"font-size: 17px; letter-spacing: -0.8px;\">Cette visite guid\u00e9e du Paris m\u00e9di\u00e9val vous plonge dans une \u00e9poque fascinante, o\u00f9 chaque monument raconte une l\u00e9gende et chaque rue garde l\u2019\u00e9cho des pas de l\u2019histoire. Entre litt\u00e9rature, architecture et imaginaire, suivez les traces de Victor Hugo et laissez-vous emporter par la magie du Moyen \u00c2ge.<\/span><\/p><h2>Informations pratiques<\/h2><ul><li><strong>Dur\u00e9e :<\/strong> 1h30 \u00e0 2h<\/li><li><strong>Difficult\u00e9 de marche :<\/strong> facile<\/li><\/ul>\t\t\t\t\t\t\t\t<\/div>\n\t\t\t\t<\/div>\n\t\t\t\t<div class=\"elementor-element elementor-element-677cb122 elementor-widget elementor-widget-button\" data-id=\"677cb122\" data-element_type=\"widget\" data-e-type=\"widget\" data-widget_type=\"button.default\">\n\t\t\t\t<div class=\"elementor-widget-container\">\n\t\t\t\t\t\t\t\t\t<div class=\"elementor-button-wrapper\">\n\t\t\t\t\t<a class=\"elementor-button elementor-button-link elementor-size-sm\" href=\"https:\/\/parisvu.fr\/index.php\/contact\/\">\n\t\t\t\t\t\t<span class=\"elementor-button-content-wrapper\">\n\t\t\t\t\t\t\t\t\t<span class=\"elementor-button-text\">R\u00e9server<\/span>\n\t\t\t\t\t<\/span>\n\t\t\t\t\t<\/a>\n\t\t\t\t<\/div>\n\t\t\t\t\t\t\t\t<\/div>\n\t\t\t\t<\/div>\n\t\t\t\t<\/div>\n\t\t\t\t<\/div>\n\t\t<div class=\"elementor-element elementor-element-6301af90 e-con-full e-flex e-con e-child\" data-id=\"6301af90\" data-element_type=\"container\" data-e-type=\"container\">\n\t\t<div class=\"elementor-element elementor-element-511ad7f3 e-con-full e-flex e-con e-child\" data-id=\"511ad7f3\" data-element_type=\"container\" data-e-type=\"container\">\n\t\t\t\t<div class=\"elementor-element elementor-element-1ae2d65c elementor-widget elementor-widget-text-editor\" data-id=\"1ae2d65c\" data-element_type=\"widget\" data-e-type=\"widget\" data-widget_type=\"text-editor.default\">\n\t\t\t\t<div class=\"elementor-widget-container\">\n\t\t\t\t\t\t\t\t\t<p>\u00a0<\/p><h1>Visite guid\u00e9e des passages couverts de Paris : voyage dans le Paris secret<\/h1><p>Il fut un temps o\u00f9 Paris comptait plus de cent vingt passages couverts, v\u00e9ritables galeries marchandes qui transform\u00e8rent le visage de la capitale. Ces all\u00e9es \u00e9l\u00e9gantes, vitr\u00e9es et abrit\u00e9es, invitaient les Parisiens \u00e0 fl\u00e2ner \u00e0 l\u2019\u00e9cart des grands boulevards, entre caf\u00e9s, librairies, th\u00e9\u00e2tres et boutiques de luxe. V\u00e9ritables refuges urbains, ces passages racontent un Paris foisonnant, anim\u00e9 par les artistes, les bourgeois, les journalistes et les curieux de tout milieu.<br \/><span style=\"font-size: 17px; letter-spacing: -0.8px;\">Aujourd\u2019hui, une vingtaine de passages couverts subsistent encore \u00e0 Paris, t\u00e9moins pr\u00e9cieux du XVIIIe et du XIXe si\u00e8cle. Ils \u00e9voquent tour \u00e0 tour le Paris de la monarchie, celui de la R\u00e9publique et celui de l\u2019Empire napol\u00e9onien. Lieux de vie, de secrets et de comm\u00e9rages, ils furent aussi les coulisses du th\u00e9\u00e2tre parisien, des salons litt\u00e9raires et des premiers \u00e9lans du commerce moderne.<br \/><\/span><span style=\"font-size: 17px; letter-spacing: -0.8px;\">Cette visite guid\u00e9e des passages couverts de Paris propose de revivre cette \u00e9poque fascinante o\u00f9 se m\u00ealaient \u00e9l\u00e9gance et agitation, politique et culture, modernit\u00e9 et tradition. En parcourant ces galeries charg\u00e9es d\u2019histoire, on d\u00e9couvre comment la ville est pass\u00e9e des march\u00e9s de plein air aux boutiques raffin\u00e9es, avant de voir na\u00eetre les grands magasins qui allaient r\u00e9volutionner la vie parisienne.<br \/><\/span><span style=\"font-size: 17px; letter-spacing: -0.8px;\">Un v\u00e9ritable voyage dans le temps, au c\u0153ur du Paris secret, entre architecture, histoire et art de vivre.<\/span><\/p><h2>Informations pratiques<\/h2><ul><li><strong>Dur\u00e9e :<\/strong> 1h30<\/li><li><strong>Difficult\u00e9 de marche :<\/strong> facile<\/li><\/ul>\t\t\t\t\t\t\t\t<\/div>\n\t\t\t\t<\/div>\n\t\t\t\t<div class=\"elementor-element elementor-element-27aba609 elementor-widget elementor-widget-button\" data-id=\"27aba609\" data-element_type=\"widget\" data-e-type=\"widget\" data-widget_type=\"button.default\">\n\t\t\t\t<div class=\"elementor-widget-container\">\n\t\t\t\t\t\t\t\t\t<div class=\"elementor-button-wrapper\">\n\t\t\t\t\t<a class=\"elementor-button elementor-button-link elementor-size-sm\" href=\"https:\/\/parisvu.fr\/index.php\/contact\/\">\n\t\t\t\t\t\t<span class=\"elementor-button-content-wrapper\">\n\t\t\t\t\t\t\t\t\t<span class=\"elementor-button-text\">R\u00e9server<\/span>\n\t\t\t\t\t<\/span>\n\t\t\t\t\t<\/a>\n\t\t\t\t<\/div>\n\t\t\t\t\t\t\t\t<\/div>\n\t\t\t\t<\/div>\n\t\t\t\t<\/div>\n\t\t\t\t<\/div>\n\t\t<div class=\"elementor-element elementor-element-25888657 e-con-full e-flex e-con e-child\" data-id=\"25888657\" data-element_type=\"container\" data-e-type=\"container\">\n\t\t\t\t<div class=\"elementor-element elementor-element-4537f911 elementor-widget elementor-widget-image\" data-id=\"4537f911\" data-element_type=\"widget\" data-e-type=\"widget\" data-widget_type=\"image.default\">\n\t\t\t\t<div class=\"elementor-widget-container\">\n\t\t\t\t\t\t\t\t\t\t\t\t\t\t\t<img decoding=\"async\" width=\"768\" height=\"1024\" src=\"https:\/\/parisvu.fr\/wp-content\/uploads\/2025\/11\/image00011-768x1024.jpeg\" class=\"attachment-large size-large wp-image-1618\" alt=\"\" srcset=\"https:\/\/parisvu.fr\/wp-content\/uploads\/2025\/11\/image00011-768x1024.jpeg 768w, https:\/\/parisvu.fr\/wp-content\/uploads\/2025\/11\/image00011-225x300.jpeg 225w, https:\/\/parisvu.fr\/wp-content\/uploads\/2025\/11\/image00011-1152x1536.jpeg 1152w, https:\/\/parisvu.fr\/wp-content\/uploads\/2025\/11\/image00011-1536x2048.jpeg 1536w, https:\/\/parisvu.fr\/wp-content\/uploads\/2025\/11\/image00011-scaled.jpeg 1920w\" sizes=\"(max-width: 768px) 100vw, 768px\" \/>\t\t\t\t\t\t\t\t\t\t\t\t\t\t\t<\/div>\n\t\t\t\t<\/div>\n\t\t\t\t<\/div>\n\t\t<div class=\"elementor-element elementor-element-49afe880 e-con-full e-flex e-con e-child\" data-id=\"49afe880\" data-element_type=\"container\" data-e-type=\"container\">\n\t\t\t\t<div class=\"elementor-element elementor-element-1c46a27d elementor-widget elementor-widget-image\" data-id=\"1c46a27d\" data-element_type=\"widget\" data-e-type=\"widget\" data-widget_type=\"image.default\">\n\t\t\t\t<div class=\"elementor-widget-container\">\n\t\t\t\t\t\t\t\t\t\t\t\t\t\t\t<img loading=\"lazy\" decoding=\"async\" width=\"819\" height=\"1024\" src=\"https:\/\/parisvu.fr\/wp-content\/uploads\/2024\/02\/Pantheon-819x1024.jpg\" class=\"attachment-large size-large wp-image-409\" alt=\"Visite guid\u00e9e du quartier latin avec un professeur d&#039;universit\u00e9\" srcset=\"https:\/\/parisvu.fr\/wp-content\/uploads\/2024\/02\/Pantheon-819x1024.jpg 819w, https:\/\/parisvu.fr\/wp-content\/uploads\/2024\/02\/Pantheon-240x300.jpg 240w, https:\/\/parisvu.fr\/wp-content\/uploads\/2024\/02\/Pantheon-768x960.jpg 768w, https:\/\/parisvu.fr\/wp-content\/uploads\/2024\/02\/Pantheon-1229x1536.jpg 1229w, https:\/\/parisvu.fr\/wp-content\/uploads\/2024\/02\/Pantheon-1638x2048.jpg 1638w, https:\/\/parisvu.fr\/wp-content\/uploads\/2024\/02\/Pantheon-scaled.jpg 2048w\" sizes=\"(max-width: 819px) 100vw, 819px\" \/>\t\t\t\t\t\t\t\t\t\t\t\t\t\t\t<\/div>\n\t\t\t\t<\/div>\n\t\t\t\t<\/div>\n\t\t<div class=\"elementor-element elementor-element-18a01123 e-con-full e-flex e-con e-child\" data-id=\"18a01123\" data-element_type=\"container\" data-e-type=\"container\">\n\t\t<div class=\"elementor-element elementor-element-773178bb e-con-full e-flex e-con e-child\" data-id=\"773178bb\" data-element_type=\"container\" data-e-type=\"container\">\n\t\t\t\t<div class=\"elementor-element elementor-element-f85ab2a elementor-widget elementor-widget-text-editor\" data-id=\"f85ab2a\" data-element_type=\"widget\" data-e-type=\"widget\" data-widget_type=\"text-editor.default\">\n\t\t\t\t<div class=\"elementor-widget-container\">\n\t\t\t\t\t\t\t\t\t<p>\u00a0<\/p>\n<h1>Visite guid\u00e9e du Quartier Latin : histoire, \u00e9tudiants et monuments embl\u00e9matiques<\/h1>\n<p>Au c\u0153ur de la rive gauche, le Quartier Latin est l\u2019un des quartiers les plus embl\u00e9matiques de Paris. Ici, les vestiges antiques cohabitent avec des monuments modernes, offrant un panorama unique sur l\u2019histoire de la capitale. Les rues calmes de ce quartier \u00e9tudiant t\u00e9moignent \u00e9galement d\u2019\u00e9v\u00e9nements bien moins tranquilles, o\u00f9 r\u00e9volutions et mouvements intellectuels ont fa\u00e7onn\u00e9 la ville.<br \/><span style=\"font-size: 17px; letter-spacing: -0.8px;\">Lors de cette visite guid\u00e9e du Quartier Latin, vous d\u00e9couvrirez la Montagne Sainte-Genevi\u00e8ve, haut lieu historique de Paris et berceau des \u00e9tudiants de la Sorbonne. Entre patrimoine, anecdotes et l\u00e9gendes, plongez dans le Paris universitaire et culturel, o\u00f9 chaque rue raconte l\u2019histoire d\u2019une ville en perp\u00e9tuel mouvement.<br \/><\/span><span style=\"font-size: 17px; letter-spacing: -0.8px;\">Cette balade culturelle est id\u00e9ale pour les passionn\u00e9s d\u2019histoire, de litt\u00e9rature et de patrimoine, offrant une vision compl\u00e8te du Paris m\u00e9di\u00e9val et moderne dans l\u2019un des quartiers les plus vivants de la capitale.<\/span><\/p>\n<h2 style=\"font-variant-ligatures: normal; font-variant-caps: normal; font-style: normal; letter-spacing: -0.8px;\">Informations pratiques<\/h2>\n<ul style=\"font-variant-ligatures: normal; font-variant-caps: normal; font-family: Inter; font-size: 17px; font-style: normal; font-weight: 400; letter-spacing: -0.8px;\">\n<li style=\"font-size: 17px;\"><span style=\"font-size: 17px; font-weight: 600;\">Dur\u00e9e :<\/span>\u00a01h30<\/li>\n<li style=\"font-size: 17px;\"><span style=\"font-size: 17px; font-weight: 600;\">Difficult\u00e9 de marche :<\/span>\u00a0facile<\/li>\n<\/ul>\t\t\t\t\t\t\t\t<\/div>\n\t\t\t\t<\/div>\n\t\t\t\t<div class=\"elementor-element elementor-element-2187718e elementor-widget elementor-widget-button\" data-id=\"2187718e\" data-element_type=\"widget\" data-e-type=\"widget\" data-widget_type=\"button.default\">\n\t\t\t\t<div class=\"elementor-widget-container\">\n\t\t\t\t\t\t\t\t\t<div class=\"elementor-button-wrapper\">\n\t\t\t\t\t<a class=\"elementor-button elementor-button-link elementor-size-sm\" href=\"https:\/\/parisvu.fr\/index.php\/contact\/\">\n\t\t\t\t\t\t<span class=\"elementor-button-content-wrapper\">\n\t\t\t\t\t\t\t\t\t<span class=\"elementor-button-text\">R\u00e9server<\/span>\n\t\t\t\t\t<\/span>\n\t\t\t\t\t<\/a>\n\t\t\t\t<\/div>\n\t\t\t\t\t\t\t\t<\/div>\n\t\t\t\t<\/div>\n\t\t\t\t<\/div>\n\t\t\t\t<\/div>\n\t\t\t\t\t<\/div>\n\t\t\t\t<\/div>\n\t\t\t\t<\/div>\n\t\t","protected":false},"excerpt":{"rendered":"<p>Visites guid\u00e9es Paris D\u00e9j\u00e0-Vu \u00a0 Visite guid\u00e9e \u00e0 Paris : explorez les quartiers mythiques de la capitale Envie de d\u00e9couvrir Paris autrement ? Partez pour une visite guid\u00e9e unique \u00e0 travers les quartiers embl\u00e9matiques de la capitale. Laissez-vous emporter par nos balades culturelles et plongez dans l\u2019histoire vivante de Paris, entre ruelles cach\u00e9es, monuments c\u00e9l\u00e8bres [&hellip;]<\/p>\n","protected":false},"author":1,"featured_media":0,"parent":0,"menu_order":0,"comment_status":"closed","ping_status":"closed","template":"","meta":{"ocean_post_layout":"","ocean_both_sidebars_style":"","ocean_both_sidebars_content_width":0,"ocean_both_sidebars_sidebars_width":0,"ocean_sidebar":"","ocean_second_sidebar":"","ocean_disable_margins":"enable","ocean_add_body_class":"","ocean_shortcode_before_top_bar":"","ocean_shortcode_after_top_bar":"","ocean_shortcode_before_header":"","ocean_shortcode_after_header":"","ocean_has_shortcode":"","ocean_shortcode_after_title":"","ocean_shortcode_before_footer_widgets":"","ocean_shortcode_after_footer_widgets":"","ocean_shortcode_before_footer_bottom":"","ocean_shortcode_after_footer_bottom":"","ocean_display_top_bar":"default","ocean_display_header":"default","ocean_header_style":"","ocean_center_header_left_menu":"","ocean_custom_header_template":"","ocean_custom_logo":0,"ocean_custom_retina_logo":0,"ocean_custom_logo_max_width":0,"ocean_custom_logo_tablet_max_width":0,"ocean_custom_logo_mobile_max_width":0,"ocean_custom_logo_max_height":0,"ocean_custom_logo_tablet_max_height":0,"ocean_custom_logo_mobile_max_height":0,"ocean_header_custom_menu":"","ocean_menu_typo_font_family":"","ocean_menu_typo_font_subset":"","ocean_menu_typo_font_size":0,"ocean_menu_typo_font_size_tablet":0,"ocean_menu_typo_font_size_mobile":0,"ocean_menu_typo_font_size_unit":"px","ocean_menu_typo_font_weight":"","ocean_menu_typo_font_weight_tablet":"","ocean_menu_typo_font_weight_mobile":"","ocean_menu_typo_transform":"","ocean_menu_typo_transform_tablet":"","ocean_menu_typo_transform_mobile":"","ocean_menu_typo_line_height":0,"ocean_menu_typo_line_height_tablet":0,"ocean_menu_typo_line_height_mobile":0,"ocean_menu_typo_line_height_unit":"","ocean_menu_typo_spacing":0,"ocean_menu_typo_spacing_tablet":0,"ocean_menu_typo_spacing_mobile":0,"ocean_menu_typo_spacing_unit":"","ocean_menu_link_color":"","ocean_menu_link_color_hover":"","ocean_menu_link_color_active":"","ocean_menu_link_background":"","ocean_menu_link_hover_background":"","ocean_menu_link_active_background":"","ocean_menu_social_links_bg":"","ocean_menu_social_hover_links_bg":"","ocean_menu_social_links_color":"","ocean_menu_social_hover_links_color":"","ocean_disable_title":"default","ocean_disable_heading":"default","ocean_post_title":"","ocean_post_subheading":"","ocean_post_title_style":"","ocean_post_title_background_color":"","ocean_post_title_background":0,"ocean_post_title_bg_image_position":"","ocean_post_title_bg_image_attachment":"","ocean_post_title_bg_image_repeat":"","ocean_post_title_bg_image_size":"","ocean_post_title_height":0,"ocean_post_title_bg_overlay":0.5,"ocean_post_title_bg_overlay_color":"","ocean_disable_breadcrumbs":"default","ocean_breadcrumbs_color":"","ocean_breadcrumbs_separator_color":"","ocean_breadcrumbs_links_color":"","ocean_breadcrumbs_links_hover_color":"","ocean_display_footer_widgets":"default","ocean_display_footer_bottom":"default","ocean_custom_footer_template":"","footnotes":""},"class_list":["post-55","page","type-page","status-publish","hentry","entry"],"_links":{"self":[{"href":"https:\/\/parisvu.fr\/index.php\/wp-json\/wp\/v2\/pages\/55","targetHints":{"allow":["GET"]}}],"collection":[{"href":"https:\/\/parisvu.fr\/index.php\/wp-json\/wp\/v2\/pages"}],"about":[{"href":"https:\/\/parisvu.fr\/index.php\/wp-json\/wp\/v2\/types\/page"}],"author":[{"embeddable":true,"href":"https:\/\/parisvu.fr\/index.php\/wp-json\/wp\/v2\/users\/1"}],"replies":[{"embeddable":true,"href":"https:\/\/parisvu.fr\/index.php\/wp-json\/wp\/v2\/comments?post=55"}],"version-history":[{"count":70,"href":"https:\/\/parisvu.fr\/index.php\/wp-json\/wp\/v2\/pages\/55\/revisions"}],"predecessor-version":[{"id":1621,"href":"https:\/\/parisvu.fr\/index.php\/wp-json\/wp\/v2\/pages\/55\/revisions\/1621"}],"wp:attachment":[{"href":"https:\/\/parisvu.fr\/index.php\/wp-json\/wp\/v2\/media?parent=55"}],"curies":[{"name":"wp","href":"https:\/\/api.w.org\/{rel}","templated":true}]}}