{"id":552,"date":"2024-02-26T13:31:43","date_gmt":"2024-02-26T12:31:43","guid":{"rendered":"https:\/\/parisvu.fr\/?page_id=552"},"modified":"2025-02-25T08:45:53","modified_gmt":"2025-02-25T07:45:53","slug":"besichtigungen-und-spaziergange","status":"publish","type":"page","link":"https:\/\/parisvu.fr\/index.php\/de\/besichtigungen-und-spaziergange\/","title":{"rendered":"STADTF\u00dcHRUNGEN"},"content":{"rendered":"\n<figure class=\"wp-block-image alignwide size-large\"><img fetchpriority=\"high\" decoding=\"async\" width=\"1024\" height=\"374\" src=\"https:\/\/parisvu.fr\/wp-content\/uploads\/2024\/06\/COUR-DAMOYE-2-e1716561532947-2-1024x374.jpg\" alt=\"\" class=\"wp-image-803\" srcset=\"https:\/\/parisvu.fr\/wp-content\/uploads\/2024\/06\/COUR-DAMOYE-2-e1716561532947-2-1024x374.jpg 1024w, https:\/\/parisvu.fr\/wp-content\/uploads\/2024\/06\/COUR-DAMOYE-2-e1716561532947-2-300x110.jpg 300w, https:\/\/parisvu.fr\/wp-content\/uploads\/2024\/06\/COUR-DAMOYE-2-e1716561532947-2-768x280.jpg 768w, https:\/\/parisvu.fr\/wp-content\/uploads\/2024\/06\/COUR-DAMOYE-2-e1716561532947-2-1536x561.jpg 1536w, https:\/\/parisvu.fr\/wp-content\/uploads\/2024\/06\/COUR-DAMOYE-2-e1716561532947-2.jpg 1600w\" sizes=\"(max-width: 1024px) 100vw, 1024px\" \/><\/figure>\n\n\n\n<h2 class=\"wp-block-heading alignwide has-text-align-center\"><strong>STADTF\u00dcHRUNGEN<\/strong><\/h2>\n\n\n\n<h4 class=\"wp-block-heading has-text-align-center\">ParisVu bietet <strong>drei Arten von Au\u00dfenbesichtigungen<\/strong> entsprechend Ihren aktuellen W\u00fcnschen und der Besichtigung des Monats an. F\u00fcr alle Informationen zu den Besichtigungen kontaktieren Sie uns bitte per E-Mail.<\/h4>\n\n\n\n<div class=\"wp-block-cover alignfull is-light\" style=\"min-height:100vh;aspect-ratio:unset;\"><span aria-hidden=\"true\" class=\"wp-block-cover__background has-background-dim-100 has-background-dim\" style=\"background-color:#ffffff\"><\/span><div class=\"wp-block-cover__inner-container is-layout-flow wp-block-cover-is-layout-flow\">\n<div class=\"wp-block-media-text alignwide is-stacked-on-mobile is-vertically-aligned-center is-image-fill-element has-background\" style=\"background-color:#e6e4f0;grid-template-columns:29% auto\"><figure class=\"wp-block-media-text__media\"><img decoding=\"async\" width=\"875\" height=\"1024\" src=\"https:\/\/parisvu.fr\/wp-content\/uploads\/2024\/02\/Haussmannien-875x1024.jpg\" alt=\"\" class=\"wp-image-267 size-full\" style=\"object-position:50% 50%\" srcset=\"https:\/\/parisvu.fr\/wp-content\/uploads\/2024\/02\/Haussmannien-875x1024.jpg 875w, https:\/\/parisvu.fr\/wp-content\/uploads\/2024\/02\/Haussmannien-256x300.jpg 256w, https:\/\/parisvu.fr\/wp-content\/uploads\/2024\/02\/Haussmannien-768x899.jpg 768w, https:\/\/parisvu.fr\/wp-content\/uploads\/2024\/02\/Haussmannien-1312x1536.jpg 1312w, https:\/\/parisvu.fr\/wp-content\/uploads\/2024\/02\/Haussmannien.jpg 1445w\" sizes=\"(max-width: 875px) 100vw, 875px\" \/><\/figure><div class=\"wp-block-media-text__content\">\n<h2 class=\"wp-block-heading has-text-color\" style=\"color:#000000;font-size:32px\"><strong>Paris D\u00e9j\u00e0-vu<\/strong><\/h2>\n\n\n\n<p class=\"has-text-color\" style=\"color:#000000;font-size:17px\">Lust darauf, einen Klassiker neu zu erleben oder endlich mehr \u00fcber einen der mythischen Orte der Pariser Hauptstadt zu erfahren? Diese gef\u00fchrten Spazierg\u00e4nge f\u00fchren Sie mitten ins Herz der Stadt, wo Sie an Stra\u00dfenecken verschiedene Anekdoten h\u00f6ren, entlang der Boulevards Geschichtsfragmente beobachten und die Sch\u00f6nheit jeder Nachbarschaft genie\u00dfen k\u00f6nnen.<\/p>\n\n\n\n<div class=\"wp-block-buttons is-layout-flex wp-block-buttons-is-layout-flex\">\n<div class=\"wp-block-button is-style-fill\"><a class=\"wp-block-button__link wp-element-button\" href=\"https:\/\/parisvu.fr\/index.php\/de\/paris-deja-vu-4\/\">Paris D\u00e9j\u00e0-Vu<\/a><\/div>\n<\/div>\n\n\n\n<p><\/p>\n<\/div><\/div>\n\n\n\n<p><\/p>\n\n\n\n<div class=\"wp-block-media-text alignwide has-media-on-the-right is-stacked-on-mobile is-vertically-aligned-center is-image-fill-element has-ast-global-color-4-background-color has-background\" style=\"grid-template-columns:auto 27%\"><div class=\"wp-block-media-text__content\">\n<h2 class=\"wp-block-heading has-text-color\" style=\"color:#000000;font-size:32px\"><strong>Paris Jamais vu<\/strong> <strong>&#8211; Paris nie gesehen<\/strong><\/h2>\n\n\n\n<p class=\"has-text-color\" style=\"color:#000000;font-size:17px\">Es gibt Viertel, von denen die meisten Pariser wenig oder gar nichts wissen. Andere haben aufgrund st\u00e4dtischer Transformation ihren Reiz verloren. Paris Jamais Vu hat es sich zur Aufgabe gemacht, die Geheimnisse weniger bekannter Orte in Paris zu enth\u00fcllen oder der Seele bestimmter schlafender st\u00e4dtischer Gebiete wieder Leben einzuhauchen.<\/p>\n\n\n\n<div class=\"wp-block-buttons is-layout-flex wp-block-buttons-is-layout-flex\">\n<div class=\"wp-block-button is-style-fill\"><a class=\"wp-block-button__link wp-element-button\" href=\"https:\/\/parisvu.fr\/index.php\/de\/paris-jamais-vu-de\/\">Paris Jamais vu<\/a><\/div>\n<\/div>\n\n\n\n<p><\/p>\n<\/div><figure class=\"wp-block-media-text__media\"><img decoding=\"async\" width=\"1024\" height=\"768\" src=\"https:\/\/parisvu.fr\/wp-content\/uploads\/2024\/02\/Cite-universitaire-Bresil-1024x768.jpg\" alt=\"\" class=\"wp-image-243 size-full\" style=\"object-position:50% 50%\" srcset=\"https:\/\/parisvu.fr\/wp-content\/uploads\/2024\/02\/Cite-universitaire-Bresil-1024x768.jpg 1024w, https:\/\/parisvu.fr\/wp-content\/uploads\/2024\/02\/Cite-universitaire-Bresil-300x225.jpg 300w, https:\/\/parisvu.fr\/wp-content\/uploads\/2024\/02\/Cite-universitaire-Bresil-768x576.jpg 768w, https:\/\/parisvu.fr\/wp-content\/uploads\/2024\/02\/Cite-universitaire-Bresil-1536x1152.jpg 1536w, https:\/\/parisvu.fr\/wp-content\/uploads\/2024\/02\/Cite-universitaire-Bresil.jpg 2048w\" sizes=\"(max-width: 1024px) 100vw, 1024px\" \/><\/figure><\/div>\n\n\n\n<p><\/p>\n\n\n\n<div class=\"wp-block-media-text alignwide is-stacked-on-mobile is-vertically-aligned-center is-image-fill-element has-background\" style=\"background-color:#e6e4f0;grid-template-columns:31% auto\"><figure class=\"wp-block-media-text__media\"><img loading=\"lazy\" decoding=\"async\" width=\"1024\" height=\"768\" src=\"https:\/\/parisvu.fr\/wp-content\/uploads\/2024\/02\/Arts-et-metiers-4-1024x768.jpg\" alt=\"\" class=\"wp-image-696 size-full\" style=\"object-position:50% 50%\" srcset=\"https:\/\/parisvu.fr\/wp-content\/uploads\/2024\/02\/Arts-et-metiers-4-1024x768.jpg 1024w, https:\/\/parisvu.fr\/wp-content\/uploads\/2024\/02\/Arts-et-metiers-4-300x225.jpg 300w, https:\/\/parisvu.fr\/wp-content\/uploads\/2024\/02\/Arts-et-metiers-4-768x576.jpg 768w, https:\/\/parisvu.fr\/wp-content\/uploads\/2024\/02\/Arts-et-metiers-4-1536x1152.jpg 1536w, https:\/\/parisvu.fr\/wp-content\/uploads\/2024\/02\/Arts-et-metiers-4.jpg 1600w\" sizes=\"(max-width: 1024px) 100vw, 1024px\" \/><\/figure><div class=\"wp-block-media-text__content\">\n<h2 class=\"wp-block-heading has-text-color\" style=\"color:#000000;font-size:32px\"><strong>Paris P\u00e9dagogie<\/strong><\/h2>\n\n\n\n<p class=\"has-text-color\" style=\"color:#000000;font-size:17px\">Was gibt es Besseres, als beim Lernen Spa\u00df zu haben? Suchen Sie nach Aktivit\u00e4ten f\u00fcr Teambuilding oder f\u00fcr einen Franz\u00f6sischkurs als Fremdsprache? ParisVu hat unterhaltsame und lehrreiche Spazierg\u00e4nge f\u00fcr Gruppen entworfen, um gemeinsam zu entdecken.<\/p>\n\n\n\n<div class=\"wp-block-buttons is-layout-flex wp-block-buttons-is-layout-flex\">\n<div class=\"wp-block-button is-style-fill\"><a class=\"wp-block-button__link wp-element-button\" href=\"https:\/\/parisvu.fr\/index.php\/de\/kontakt\/\">Paris P\u00e9dagogie<\/a><\/div>\n<\/div>\n<\/div><\/div>\n<\/div><\/div>\n","protected":false},"excerpt":{"rendered":"<p>STADTF\u00dcHRUNGEN ParisVu bietet drei Arten von Au\u00dfenbesichtigungen entsprechend Ihren aktuellen W\u00fcnschen und der Besichtigung des Monats an. F\u00fcr alle Informationen zu den Besichtigungen kontaktieren Sie uns bitte per E-Mail.<\/p>\n","protected":false},"author":1,"featured_media":0,"parent":0,"menu_order":0,"comment_status":"closed","ping_status":"closed","template":"","meta":{"ocean_post_layout":"","ocean_both_sidebars_style":"","ocean_both_sidebars_content_width":0,"ocean_both_sidebars_sidebars_width":0,"ocean_sidebar":"","ocean_second_sidebar":"","ocean_disable_margins":"enable","ocean_add_body_class":"","ocean_shortcode_before_top_bar":"","ocean_shortcode_after_top_bar":"","ocean_shortcode_before_header":"","ocean_shortcode_after_header":"","ocean_has_shortcode":"","ocean_shortcode_after_title":"","ocean_shortcode_before_footer_widgets":"","ocean_shortcode_after_footer_widgets":"","ocean_shortcode_before_footer_bottom":"","ocean_shortcode_after_footer_bottom":"","ocean_display_top_bar":"default","ocean_display_header":"default","ocean_header_style":"","ocean_center_header_left_menu":"","ocean_custom_header_template":"","ocean_custom_logo":0,"ocean_custom_retina_logo":0,"ocean_custom_logo_max_width":0,"ocean_custom_logo_tablet_max_width":0,"ocean_custom_logo_mobile_max_width":0,"ocean_custom_logo_max_height":0,"ocean_custom_logo_tablet_max_height":0,"ocean_custom_logo_mobile_max_height":0,"ocean_header_custom_menu":"","ocean_menu_typo_font_family":"","ocean_menu_typo_font_subset":"","ocean_menu_typo_font_size":0,"ocean_menu_typo_font_size_tablet":0,"ocean_menu_typo_font_size_mobile":0,"ocean_menu_typo_font_size_unit":"px","ocean_menu_typo_font_weight":"","ocean_menu_typo_font_weight_tablet":"","ocean_menu_typo_font_weight_mobile":"","ocean_menu_typo_transform":"","ocean_menu_typo_transform_tablet":"","ocean_menu_typo_transform_mobile":"","ocean_menu_typo_line_height":0,"ocean_menu_typo_line_height_tablet":0,"ocean_menu_typo_line_height_mobile":0,"ocean_menu_typo_line_height_unit":"","ocean_menu_typo_spacing":0,"ocean_menu_typo_spacing_tablet":0,"ocean_menu_typo_spacing_mobile":0,"ocean_menu_typo_spacing_unit":"","ocean_menu_link_color":"","ocean_menu_link_color_hover":"","ocean_menu_link_color_active":"","ocean_menu_link_background":"","ocean_menu_link_hover_background":"","ocean_menu_link_active_background":"","ocean_menu_social_links_bg":"","ocean_menu_social_hover_links_bg":"","ocean_menu_social_links_color":"","ocean_menu_social_hover_links_color":"","ocean_disable_title":"default","ocean_disable_heading":"default","ocean_post_title":"","ocean_post_subheading":"","ocean_post_title_style":"","ocean_post_title_background_color":"","ocean_post_title_background":0,"ocean_post_title_bg_image_position":"","ocean_post_title_bg_image_attachment":"","ocean_post_title_bg_image_repeat":"","ocean_post_title_bg_image_size":"","ocean_post_title_height":0,"ocean_post_title_bg_overlay":0.5,"ocean_post_title_bg_overlay_color":"","ocean_disable_breadcrumbs":"default","ocean_breadcrumbs_color":"","ocean_breadcrumbs_separator_color":"","ocean_breadcrumbs_links_color":"","ocean_breadcrumbs_links_hover_color":"","ocean_display_footer_widgets":"default","ocean_display_footer_bottom":"default","ocean_custom_footer_template":"","footnotes":""},"class_list":["post-552","page","type-page","status-publish","hentry","entry"],"_links":{"self":[{"href":"https:\/\/parisvu.fr\/index.php\/wp-json\/wp\/v2\/pages\/552","targetHints":{"allow":["GET"]}}],"collection":[{"href":"https:\/\/parisvu.fr\/index.php\/wp-json\/wp\/v2\/pages"}],"about":[{"href":"https:\/\/parisvu.fr\/index.php\/wp-json\/wp\/v2\/types\/page"}],"author":[{"embeddable":true,"href":"https:\/\/parisvu.fr\/index.php\/wp-json\/wp\/v2\/users\/1"}],"replies":[{"embeddable":true,"href":"https:\/\/parisvu.fr\/index.php\/wp-json\/wp\/v2\/comments?post=552"}],"version-history":[{"count":7,"href":"https:\/\/parisvu.fr\/index.php\/wp-json\/wp\/v2\/pages\/552\/revisions"}],"predecessor-version":[{"id":1081,"href":"https:\/\/parisvu.fr\/index.php\/wp-json\/wp\/v2\/pages\/552\/revisions\/1081"}],"wp:attachment":[{"href":"https:\/\/parisvu.fr\/index.php\/wp-json\/wp\/v2\/media?parent=552"}],"curies":[{"name":"wp","href":"https:\/\/api.w.org\/{rel}","templated":true}]}}