{"id":56,"date":"2024-02-05T12:32:39","date_gmt":"2024-02-05T11:32:39","guid":{"rendered":"https:\/\/parisvu.fr\/?page_id=56"},"modified":"2025-11-04T08:53:33","modified_gmt":"2025-11-04T07:53:33","slug":"paris-jamais-vu","status":"publish","type":"page","link":"https:\/\/parisvu.fr\/index.php\/paris-jamais-vu\/","title":{"rendered":"Visites guid\u00e9es Paris Jamais vu"},"content":{"rendered":"\t\t<div data-elementor-type=\"wp-page\" data-elementor-id=\"56\" class=\"elementor elementor-56\">\n\t\t\t\t<div class=\"elementor-element elementor-element-2b9c4c0b e-flex e-con-boxed e-con e-parent\" data-id=\"2b9c4c0b\" data-element_type=\"container\" data-e-type=\"container\">\n\t\t\t\t\t<div class=\"e-con-inner\">\n\t\t<div class=\"elementor-element elementor-element-328af9ee e-con-full e-flex e-con e-child\" data-id=\"328af9ee\" data-element_type=\"container\" data-e-type=\"container\">\n\t\t\t\t<div class=\"elementor-element elementor-element-12a44f97 elementor-widget elementor-widget-image\" data-id=\"12a44f97\" data-element_type=\"widget\" data-e-type=\"widget\" data-widget_type=\"image.default\">\n\t\t\t\t<div class=\"elementor-widget-container\">\n\t\t\t\t\t\t\t\t\t\t\t\t\t\t\t<img fetchpriority=\"high\" decoding=\"async\" width=\"1500\" height=\"375\" src=\"https:\/\/parisvu.fr\/wp-content\/uploads\/2024\/05\/cropped-COUR-DAMOYE-2-e1716561532947.jpg\" class=\"attachment-full size-full wp-image-849\" alt=\"\" srcset=\"https:\/\/parisvu.fr\/wp-content\/uploads\/2024\/05\/cropped-COUR-DAMOYE-2-e1716561532947.jpg 1500w, https:\/\/parisvu.fr\/wp-content\/uploads\/2024\/05\/cropped-COUR-DAMOYE-2-e1716561532947-300x75.jpg 300w, https:\/\/parisvu.fr\/wp-content\/uploads\/2024\/05\/cropped-COUR-DAMOYE-2-e1716561532947-1024x256.jpg 1024w, https:\/\/parisvu.fr\/wp-content\/uploads\/2024\/05\/cropped-COUR-DAMOYE-2-e1716561532947-768x192.jpg 768w\" sizes=\"(max-width: 1500px) 100vw, 1500px\" \/>\t\t\t\t\t\t\t\t\t\t\t\t\t\t\t<\/div>\n\t\t\t\t<\/div>\n\t\t\t\t<div class=\"elementor-element elementor-element-7b3609fa elementor-widget elementor-widget-heading\" data-id=\"7b3609fa\" data-element_type=\"widget\" data-e-type=\"widget\" data-widget_type=\"heading.default\">\n\t\t\t\t<div class=\"elementor-widget-container\">\n\t\t\t\t\t<h1 class=\"elementor-heading-title elementor-size-default\">Visites guid\u00e9es Paris Jamais Vu<\/h1>\t\t\t\t<\/div>\n\t\t\t\t<\/div>\n\t\t\t\t<div class=\"elementor-element elementor-element-76a8637d elementor-widget elementor-widget-text-editor\" data-id=\"76a8637d\" data-element_type=\"widget\" data-e-type=\"widget\" data-widget_type=\"text-editor.default\">\n\t\t\t\t<div class=\"elementor-widget-container\">\n\t\t\t\t\t\t\t\t\t<h1>D\u00e9couvrez Paris autrement<\/h1>\n<p>Vous en avez toujours entendu parler, mais n\u2019y \u00eates jamais all\u00e9s ? Ou bien vous n\u2019avez jamais vraiment pris le temps d\u2019explorer ? Vous \u00eates au bon endroit. ParisVu vous invite \u00e0 d\u00e9couvrir la capitale sous un nouveau jour gr\u00e2ce \u00e0 des visites guid\u00e9es dans les quartiers m\u00e9connus ou oubli\u00e9s de Paris.<\/p>\n<p>Explorez les ruelles cach\u00e9es, les passages discrets, les anciens faubourgs et les lieux charg\u00e9s d\u2019histoire que peu de Parisiens connaissent encore. \u00c0 travers nos balades culturelles, ParisVu vous fait red\u00e9couvrir la ville autrement : vivante, surprenante et pleine de secrets.<\/p>\t\t\t\t\t\t\t\t<\/div>\n\t\t\t\t<\/div>\n\t\t\t\t<\/div>\n\t\t\t\t\t<\/div>\n\t\t\t\t<\/div>\n\t\t<div class=\"elementor-element elementor-element-569ed59 e-flex e-con-boxed e-con e-parent\" data-id=\"569ed59\" data-element_type=\"container\" data-e-type=\"container\">\n\t\t\t\t\t<div class=\"e-con-inner\">\n\t\t<div class=\"elementor-element elementor-element-29413c65 e-con-full e-flex e-con e-child\" data-id=\"29413c65\" data-element_type=\"container\" data-e-type=\"container\">\n\t\t\t\t<div class=\"elementor-element elementor-element-1d99f7e4 elementor-widget elementor-widget-image\" data-id=\"1d99f7e4\" data-element_type=\"widget\" data-e-type=\"widget\" data-widget_type=\"image.default\">\n\t\t\t\t<div class=\"elementor-widget-container\">\n\t\t\t\t\t\t\t\t\t\t\t\t\t\t\t<img decoding=\"async\" width=\"1536\" height=\"2048\" src=\"https:\/\/parisvu.fr\/wp-content\/uploads\/2025\/11\/WhatsApp-Image-2024-03-22-a-20.47.57_ac298d6c.jpg\" class=\"attachment-2048x2048 size-2048x2048 wp-image-1535\" alt=\"Visite guid\u00e9e de la R\u00e9volution fran\u00e7aise avec un guide local\" srcset=\"https:\/\/parisvu.fr\/wp-content\/uploads\/2025\/11\/WhatsApp-Image-2024-03-22-a-20.47.57_ac298d6c.jpg 1536w, https:\/\/parisvu.fr\/wp-content\/uploads\/2025\/11\/WhatsApp-Image-2024-03-22-a-20.47.57_ac298d6c-225x300.jpg 225w, https:\/\/parisvu.fr\/wp-content\/uploads\/2025\/11\/WhatsApp-Image-2024-03-22-a-20.47.57_ac298d6c-768x1024.jpg 768w, https:\/\/parisvu.fr\/wp-content\/uploads\/2025\/11\/WhatsApp-Image-2024-03-22-a-20.47.57_ac298d6c-1152x1536.jpg 1152w\" sizes=\"(max-width: 1536px) 100vw, 1536px\" \/>\t\t\t\t\t\t\t\t\t\t\t\t\t\t\t<\/div>\n\t\t\t\t<\/div>\n\t\t\t\t<\/div>\n\t\t<div class=\"elementor-element elementor-element-3d20735 e-con-full e-flex e-con e-child\" data-id=\"3d20735\" data-element_type=\"container\" data-e-type=\"container\">\n\t\t<div class=\"elementor-element elementor-element-61fceb51 e-con-full e-flex e-con e-child\" data-id=\"61fceb51\" data-element_type=\"container\" data-e-type=\"container\">\n\t\t\t\t<div class=\"elementor-element elementor-element-4ab99ebf elementor-widget elementor-widget-text-editor\" data-id=\"4ab99ebf\" data-element_type=\"widget\" data-e-type=\"widget\" data-widget_type=\"text-editor.default\">\n\t\t\t\t<div class=\"elementor-widget-container\">\n\t\t\t\t\t\t\t\t\t<p>\u00a0<\/p>\n<h1>Visite guid\u00e9e Paris R\u00e9volution : revivez le 14 juillet 1789, heure par heure<\/h1>\n<p>Replongez au c\u0153ur du Paris r\u00e9volutionnaire et revivez le 14 juillet 1789, heure par heure, l\u00e0 o\u00f9 tout a commenc\u00e9. La visite Paris R\u00e9volution vous entra\u00eene dans les rues du Faubourg Saint-Antoine et autour de la Bastille, hauts lieux de la R\u00e9volution fran\u00e7aise. C\u2019est ici que les Parisiens, artisans, \u00e9b\u00e9nistes et ouvriers, se sont lev\u00e9s pour \u00e9crire l\u2019une des pages les plus marquantes de l\u2019histoire de France.<br \/><span style=\"font-size: 17px; letter-spacing: -0.8px;\">Guid\u00e9 par un passionn\u00e9 d\u2019histoire, suivez pas \u00e0 pas le d\u00e9roulement de cette journ\u00e9e d\u00e9cisive : de la col\u00e8re populaire \u00e0 l\u2019assaut de la forteresse, d\u00e9couvrez comment les \u00e9v\u00e9nements du 14 juillet 1789 ont transform\u00e9 Paris et le monde.<br \/><\/span><span style=\"font-size: 17px; letter-spacing: -0.8px;\">Cette balade historique traverse \u00e9galement le patrimoine industriel et populaire des XIe et XIIe arrondissements. Entre ruelles, cours cach\u00e9es et anciens ateliers, chaque lieu raconte l\u2019\u00e9cho de la R\u00e9volution et du peuple parisien qui en fut le moteur.<br \/><\/span><span style=\"font-size: 17px; letter-spacing: -0.8px;\">Une visite guid\u00e9e captivante pour comprendre le Paris des r\u00e9volutions, l\u00e0 o\u00f9 libert\u00e9, \u00e9galit\u00e9 et fraternit\u00e9 ont pris vie.<\/span><\/p>\n<h2 style=\"font-variant-ligatures: normal; font-variant-caps: normal; font-style: normal; letter-spacing: -0.8px;\">Informations pratiques<\/h2>\n<ul>\n<li>Dur\u00e9e : 1h30 environ<\/li>\n<li>Difficult\u00e9 de marche : faible<\/li>\n<\/ul>\t\t\t\t\t\t\t\t<\/div>\n\t\t\t\t<\/div>\n\t\t\t\t<div class=\"elementor-element elementor-element-5bc3634 elementor-widget elementor-widget-button\" data-id=\"5bc3634\" data-element_type=\"widget\" data-e-type=\"widget\" data-widget_type=\"button.default\">\n\t\t\t\t<div class=\"elementor-widget-container\">\n\t\t\t\t\t\t\t\t\t<div class=\"elementor-button-wrapper\">\n\t\t\t\t\t<a class=\"elementor-button elementor-button-link elementor-size-sm\" href=\"https:\/\/parisvu.fr\/index.php\/contact\/\">\n\t\t\t\t\t\t<span class=\"elementor-button-content-wrapper\">\n\t\t\t\t\t\t\t\t\t<span class=\"elementor-button-text\">R\u00e9server<\/span>\n\t\t\t\t\t<\/span>\n\t\t\t\t\t<\/a>\n\t\t\t\t<\/div>\n\t\t\t\t\t\t\t\t<\/div>\n\t\t\t\t<\/div>\n\t\t\t\t<\/div>\n\t\t\t\t<\/div>\n\t\t<div class=\"elementor-element elementor-element-64daf153 e-con-full e-flex e-con e-child\" data-id=\"64daf153\" data-element_type=\"container\" data-e-type=\"container\">\n\t\t<div class=\"elementor-element elementor-element-729a4733 e-con-full e-flex e-con e-child\" data-id=\"729a4733\" data-element_type=\"container\" data-e-type=\"container\">\n\t\t\t\t<div class=\"elementor-element elementor-element-5496be47 elementor-widget elementor-widget-text-editor\" data-id=\"5496be47\" data-element_type=\"widget\" data-e-type=\"widget\" data-widget_type=\"text-editor.default\">\n\t\t\t\t<div class=\"elementor-widget-container\">\n\t\t\t\t\t\t\t\t\t<p>\u00a0<\/p>\n<h1>Visite guid\u00e9e du Marais juif \u00e0 Paris \u2013 Paris Yiddish<\/h1>\n<p>Explorez le <strong>Marais juif<\/strong> avec notre <strong>visite guid\u00e9e Paris Yiddish<\/strong> et d\u00e9couvrez un Paris historique et vivant. De la <strong>rue des Rosiers<\/strong> \u00e0 la <strong>rue Pav\u00e9e<\/strong>, plongez dans l\u2019histoire de la communaut\u00e9 juive parisienne et d\u00e9couvrez comment elle a fa\u00e7onn\u00e9 le quartier et l\u2019histoire de France. Cette balade culturelle est id\u00e9ale pour les passionn\u00e9s d\u2019histoire, les curieux de culture et les amateurs de patrimoine.<br \/><span style=\"font-size: 17px; letter-spacing: -0.8px;\">Au fil des ruelles m\u00e9di\u00e9vales et des h\u00f4tels particuliers, votre guide vous racontera les traditions yiddish, les synagogues, les \u00e9coles communautaires et les lieux de m\u00e9moire. Vous comprendrez comment la <\/span><em style=\"font-size: 17px; letter-spacing: -0.8px;\">Yiddishkeit<\/em><span style=\"font-size: 17px; letter-spacing: -0.8px;\"> a influenc\u00e9 la culture, l\u2019art et l\u2019identit\u00e9 du Marais pendant plus d\u2019un si\u00e8cle. Vous d\u00e9couvrirez \u00e9galement les anecdotes et r\u00e9cits des familles juives qui ont marqu\u00e9 la vie du quartier et particip\u00e9 \u00e0 son rayonnement culturel.<br \/><\/span><span style=\"font-size: 17px; letter-spacing: -0.8px;\">Cette visite met \u00e9galement \u00e0 l\u2019honneur la gastronomie du quartier : falafels, pain hallah, pastrami et strudels aux saveurs ashk\u00e9nazes et s\u00e9farades. Une promenade culturelle et sensorielle qui allie histoire, m\u00e9moire et traditions culinaires, pour red\u00e9couvrir le <\/span><strong style=\"font-size: 17px; letter-spacing: -0.8px;\">Marais juif<\/strong><span style=\"font-size: 17px; letter-spacing: -0.8px;\"> sous un angle unique. La visite permet aussi de comprendre le lien entre patrimoine, gastronomie et vie quotidienne \u00e0 Paris, et offre un aper\u00e7u de la richesse multiculturelle du quartier. C\u2019est une exp\u00e9rience \u00e0 pied incontournable pour tous ceux qui souhaitent explorer un Paris authentique et moins touristique.<\/span><\/p>\n<h2>Informations pratiques<\/h2>\n<p><strong>Dur\u00e9e :<\/strong> 1h30 environ<br \/><strong>Difficult\u00e9 de marche :<\/strong> faible<\/p>\n<p>\u00a0<\/p>\t\t\t\t\t\t\t\t<\/div>\n\t\t\t\t<\/div>\n\t\t\t\t<div class=\"elementor-element elementor-element-12060a3a elementor-widget elementor-widget-button\" data-id=\"12060a3a\" data-element_type=\"widget\" data-e-type=\"widget\" data-widget_type=\"button.default\">\n\t\t\t\t<div class=\"elementor-widget-container\">\n\t\t\t\t\t\t\t\t\t<div class=\"elementor-button-wrapper\">\n\t\t\t\t\t<a class=\"elementor-button elementor-button-link elementor-size-sm\" href=\"https:\/\/parisvu.fr\/index.php\/contact\/\">\n\t\t\t\t\t\t<span class=\"elementor-button-content-wrapper\">\n\t\t\t\t\t\t\t\t\t<span class=\"elementor-button-text\">R\u00e9server<\/span>\n\t\t\t\t\t<\/span>\n\t\t\t\t\t<\/a>\n\t\t\t\t<\/div>\n\t\t\t\t\t\t\t\t<\/div>\n\t\t\t\t<\/div>\n\t\t\t\t<\/div>\n\t\t\t\t<\/div>\n\t\t<div class=\"elementor-element elementor-element-1167f179 e-con-full e-flex e-con e-child\" data-id=\"1167f179\" data-element_type=\"container\" data-e-type=\"container\">\n\t\t\t\t<div class=\"elementor-element elementor-element-7ee9d964 elementor-widget elementor-widget-image\" data-id=\"7ee9d964\" data-element_type=\"widget\" data-e-type=\"widget\" data-widget_type=\"image.default\">\n\t\t\t\t<div class=\"elementor-widget-container\">\n\t\t\t\t\t\t\t\t\t\t\t\t\t\t\t<img decoding=\"async\" width=\"771\" height=\"1024\" src=\"https:\/\/parisvu.fr\/wp-content\/uploads\/2025\/11\/376e1f14-855c-4f11-8594-131fb3002c28-771x1024.jpg\" class=\"attachment-large size-large wp-image-1536\" alt=\"Visite guid\u00e9e du Marais juif avec un guide expert\" srcset=\"https:\/\/parisvu.fr\/wp-content\/uploads\/2025\/11\/376e1f14-855c-4f11-8594-131fb3002c28-771x1024.jpg 771w, https:\/\/parisvu.fr\/wp-content\/uploads\/2025\/11\/376e1f14-855c-4f11-8594-131fb3002c28-226x300.jpg 226w, https:\/\/parisvu.fr\/wp-content\/uploads\/2025\/11\/376e1f14-855c-4f11-8594-131fb3002c28-768x1020.jpg 768w, https:\/\/parisvu.fr\/wp-content\/uploads\/2025\/11\/376e1f14-855c-4f11-8594-131fb3002c28-1157x1536.jpg 1157w, https:\/\/parisvu.fr\/wp-content\/uploads\/2025\/11\/376e1f14-855c-4f11-8594-131fb3002c28.jpg 1536w\" sizes=\"(max-width: 771px) 100vw, 771px\" \/>\t\t\t\t\t\t\t\t\t\t\t\t\t\t\t<\/div>\n\t\t\t\t<\/div>\n\t\t\t\t<\/div>\n\t\t<div class=\"elementor-element elementor-element-5ec3bda6 e-con-full e-flex e-con e-child\" data-id=\"5ec3bda6\" data-element_type=\"container\" data-e-type=\"container\">\n\t\t\t\t<div class=\"elementor-element elementor-element-d26548c elementor-widget elementor-widget-image\" data-id=\"d26548c\" data-element_type=\"widget\" data-e-type=\"widget\" data-widget_type=\"image.default\">\n\t\t\t\t<div class=\"elementor-widget-container\">\n\t\t\t\t\t\t\t\t\t\t\t\t\t\t\t<img loading=\"lazy\" decoding=\"async\" width=\"768\" height=\"1024\" src=\"https:\/\/parisvu.fr\/wp-content\/uploads\/2024\/02\/Cite-universitaire-Espagne-768x1024.jpg\" class=\"attachment-large size-large wp-image-246\" alt=\"Visite guid\u00e9e de la cit\u00e9 universitaire de Paris avec un guide ind\u00e9pendant\" srcset=\"https:\/\/parisvu.fr\/wp-content\/uploads\/2024\/02\/Cite-universitaire-Espagne-768x1024.jpg 768w, https:\/\/parisvu.fr\/wp-content\/uploads\/2024\/02\/Cite-universitaire-Espagne-225x300.jpg 225w, https:\/\/parisvu.fr\/wp-content\/uploads\/2024\/02\/Cite-universitaire-Espagne-1152x1536.jpg 1152w, https:\/\/parisvu.fr\/wp-content\/uploads\/2024\/02\/Cite-universitaire-Espagne.jpg 1536w\" sizes=\"(max-width: 768px) 100vw, 768px\" \/>\t\t\t\t\t\t\t\t\t\t\t\t\t\t\t<\/div>\n\t\t\t\t<\/div>\n\t\t\t\t<\/div>\n\t\t<div class=\"elementor-element elementor-element-63943f84 e-con-full e-flex e-con e-child\" data-id=\"63943f84\" data-element_type=\"container\" data-e-type=\"container\">\n\t\t<div class=\"elementor-element elementor-element-1a8f601f e-con-full e-flex e-con e-child\" data-id=\"1a8f601f\" data-element_type=\"container\" data-e-type=\"container\">\n\t\t\t\t<div class=\"elementor-element elementor-element-2dce674a elementor-widget elementor-widget-text-editor\" data-id=\"2dce674a\" data-element_type=\"widget\" data-e-type=\"widget\" data-widget_type=\"text-editor.default\">\n\t\t\t\t<div class=\"elementor-widget-container\">\n\t\t\t\t\t\t\t\t\t<h1>Visite guid\u00e9e de la Cit\u00e9 universitaire internationale \u2013 Paris 14\u00e8me<\/h1>\n<p>Perdue au c\u0153ur du <strong>14\u00e8me arrondissement<\/strong>, la <strong>Cit\u00e9 universitaire internationale<\/strong> est un campus unique au monde. V\u00e9ritable microcosme de la vie \u00e9tudiante internationale, elle regroupe des architectures aussi diverses que vari\u00e9es, refl\u00e9tant l\u2019histoire et les influences culturelles de nombreux pays depuis le d\u00e9but du XX\u00e8me si\u00e8cle. Cette <strong>visite guid\u00e9e de la Cit\u00e9 universitaire \u00e0 Paris<\/strong> offre un regard unique sur un lieu embl\u00e9matique, o\u00f9 chaque b\u00e2timent raconte une histoire. C\u2019est aussi un v\u00e9ritable laboratoire d\u2019architecture moderne et contemporaine, o\u00f9 se c\u00f4toient styles traditionnels et avant-gardistes.<br \/><span style=\"font-size: 17px; letter-spacing: -0.8px;\">Au fil de cette promenade culturelle, d\u00e9couvrez les diff\u00e9rentes r\u00e9sidences, pavillons et jardins qui composent le campus. Apprenez comment la <\/span><strong style=\"font-size: 17px; letter-spacing: -0.8px;\">Cit\u00e9 internationale universitaire<\/strong><span style=\"font-size: 17px; letter-spacing: -0.8px;\"> est devenue un centre de vie \u00e9tudiante, un espace d\u2019\u00e9changes et un symbole de la coop\u00e9ration internationale. Vous comprendrez \u00e9galement le r\u00f4le historique de ce site dans le d\u00e9veloppement de l\u2019enseignement sup\u00e9rieur et de la vie culturelle \u00e0 Paris. La visite permet de rencontrer l\u2019esprit cosmopolite du campus et de comprendre comment des \u00e9tudiants venus du monde entier ont contribu\u00e9 \u00e0 la richesse culturelle du site.<br \/><\/span><span style=\"font-size: 17px; letter-spacing: -0.8px;\">Cette visite guid\u00e9e permet de contempler l\u2019architecture atypique et les \u0153uvres d\u2019art pr\u00e9sentes sur le campus, tout en explorant l\u2019histoire sociale et culturelle des \u00e9tudiants venus du monde entier. Une exp\u00e9rience enrichissante pour tous les amateurs d\u2019architecture, d\u2019histoire et de culture internationale \u00e0 Paris. Id\u00e9al pour d\u00e9couvrir un Paris moins connu, entre patrimoine, modernit\u00e9 et vie \u00e9tudiante cosmopolite. C\u2019est une balade incontournable pour tous ceux qui s\u2019int\u00e9ressent \u00e0 l\u2019histoire des \u00e9tudiants, \u00e0 l\u2019art architectural et aux \u00e9changes interculturels.<\/span><\/p>\n<h2>Informations pratiques<\/h2>\n<p><strong>Dur\u00e9e :<\/strong> 1h30 minimum<br \/><strong>Difficult\u00e9 de marche :<\/strong> moyenne<\/p>\n<p>\u00a0<\/p>\t\t\t\t\t\t\t\t<\/div>\n\t\t\t\t<\/div>\n\t\t\t\t<div class=\"elementor-element elementor-element-2720370d elementor-widget elementor-widget-button\" data-id=\"2720370d\" data-element_type=\"widget\" data-e-type=\"widget\" data-widget_type=\"button.default\">\n\t\t\t\t<div class=\"elementor-widget-container\">\n\t\t\t\t\t\t\t\t\t<div class=\"elementor-button-wrapper\">\n\t\t\t\t\t<a class=\"elementor-button elementor-button-link elementor-size-sm\" href=\"https:\/\/parisvu.fr\/index.php\/contact\/\">\n\t\t\t\t\t\t<span class=\"elementor-button-content-wrapper\">\n\t\t\t\t\t\t\t\t\t<span class=\"elementor-button-text\">R\u00e9server<\/span>\n\t\t\t\t\t<\/span>\n\t\t\t\t\t<\/a>\n\t\t\t\t<\/div>\n\t\t\t\t\t\t\t\t<\/div>\n\t\t\t\t<\/div>\n\t\t\t\t<\/div>\n\t\t\t\t<\/div>\n\t\t\t\t\t<\/div>\n\t\t\t\t<\/div>\n\t\t\t\t<\/div>\n\t\t","protected":false},"excerpt":{"rendered":"<p>Visites guid\u00e9es Paris Jamais Vu D\u00e9couvrez Paris autrement Vous en avez toujours entendu parler, mais n\u2019y \u00eates jamais all\u00e9s ? Ou bien vous n\u2019avez jamais vraiment pris le temps d\u2019explorer ? Vous \u00eates au bon endroit. ParisVu vous invite \u00e0 d\u00e9couvrir la capitale sous un nouveau jour gr\u00e2ce \u00e0 des visites guid\u00e9es dans les quartiers [&hellip;]<\/p>\n","protected":false},"author":1,"featured_media":0,"parent":0,"menu_order":0,"comment_status":"closed","ping_status":"closed","template":"","meta":{"ocean_post_layout":"","ocean_both_sidebars_style":"","ocean_both_sidebars_content_width":0,"ocean_both_sidebars_sidebars_width":0,"ocean_sidebar":"","ocean_second_sidebar":"","ocean_disable_margins":"enable","ocean_add_body_class":"","ocean_shortcode_before_top_bar":"","ocean_shortcode_after_top_bar":"","ocean_shortcode_before_header":"","ocean_shortcode_after_header":"","ocean_has_shortcode":"","ocean_shortcode_after_title":"","ocean_shortcode_before_footer_widgets":"","ocean_shortcode_after_footer_widgets":"","ocean_shortcode_before_footer_bottom":"","ocean_shortcode_after_footer_bottom":"","ocean_display_top_bar":"default","ocean_display_header":"default","ocean_header_style":"","ocean_center_header_left_menu":"","ocean_custom_header_template":"","ocean_custom_logo":0,"ocean_custom_retina_logo":0,"ocean_custom_logo_max_width":0,"ocean_custom_logo_tablet_max_width":0,"ocean_custom_logo_mobile_max_width":0,"ocean_custom_logo_max_height":0,"ocean_custom_logo_tablet_max_height":0,"ocean_custom_logo_mobile_max_height":0,"ocean_header_custom_menu":"","ocean_menu_typo_font_family":"","ocean_menu_typo_font_subset":"","ocean_menu_typo_font_size":0,"ocean_menu_typo_font_size_tablet":0,"ocean_menu_typo_font_size_mobile":0,"ocean_menu_typo_font_size_unit":"px","ocean_menu_typo_font_weight":"","ocean_menu_typo_font_weight_tablet":"","ocean_menu_typo_font_weight_mobile":"","ocean_menu_typo_transform":"","ocean_menu_typo_transform_tablet":"","ocean_menu_typo_transform_mobile":"","ocean_menu_typo_line_height":0,"ocean_menu_typo_line_height_tablet":0,"ocean_menu_typo_line_height_mobile":0,"ocean_menu_typo_line_height_unit":"","ocean_menu_typo_spacing":0,"ocean_menu_typo_spacing_tablet":0,"ocean_menu_typo_spacing_mobile":0,"ocean_menu_typo_spacing_unit":"","ocean_menu_link_color":"","ocean_menu_link_color_hover":"","ocean_menu_link_color_active":"","ocean_menu_link_background":"","ocean_menu_link_hover_background":"","ocean_menu_link_active_background":"","ocean_menu_social_links_bg":"","ocean_menu_social_hover_links_bg":"","ocean_menu_social_links_color":"","ocean_menu_social_hover_links_color":"","ocean_disable_title":"default","ocean_disable_heading":"default","ocean_post_title":"","ocean_post_subheading":"","ocean_post_title_style":"","ocean_post_title_background_color":"","ocean_post_title_background":0,"ocean_post_title_bg_image_position":"","ocean_post_title_bg_image_attachment":"","ocean_post_title_bg_image_repeat":"","ocean_post_title_bg_image_size":"","ocean_post_title_height":0,"ocean_post_title_bg_overlay":0.5,"ocean_post_title_bg_overlay_color":"","ocean_disable_breadcrumbs":"default","ocean_breadcrumbs_color":"","ocean_breadcrumbs_separator_color":"","ocean_breadcrumbs_links_color":"","ocean_breadcrumbs_links_hover_color":"","ocean_display_footer_widgets":"default","ocean_display_footer_bottom":"default","ocean_custom_footer_template":"","footnotes":""},"class_list":["post-56","page","type-page","status-publish","hentry","entry"],"_links":{"self":[{"href":"https:\/\/parisvu.fr\/index.php\/wp-json\/wp\/v2\/pages\/56","targetHints":{"allow":["GET"]}}],"collection":[{"href":"https:\/\/parisvu.fr\/index.php\/wp-json\/wp\/v2\/pages"}],"about":[{"href":"https:\/\/parisvu.fr\/index.php\/wp-json\/wp\/v2\/types\/page"}],"author":[{"embeddable":true,"href":"https:\/\/parisvu.fr\/index.php\/wp-json\/wp\/v2\/users\/1"}],"replies":[{"embeddable":true,"href":"https:\/\/parisvu.fr\/index.php\/wp-json\/wp\/v2\/comments?post=56"}],"version-history":[{"count":53,"href":"https:\/\/parisvu.fr\/index.php\/wp-json\/wp\/v2\/pages\/56\/revisions"}],"predecessor-version":[{"id":1557,"href":"https:\/\/parisvu.fr\/index.php\/wp-json\/wp\/v2\/pages\/56\/revisions\/1557"}],"wp:attachment":[{"href":"https:\/\/parisvu.fr\/index.php\/wp-json\/wp\/v2\/media?parent=56"}],"curies":[{"name":"wp","href":"https:\/\/api.w.org\/{rel}","templated":true}]}}