{"id":576,"date":"2024-02-26T14:13:12","date_gmt":"2024-02-26T13:13:12","guid":{"rendered":"https:\/\/parisvu.fr\/?page_id=576"},"modified":"2025-11-24T10:30:41","modified_gmt":"2025-11-24T09:30:41","slug":"paris-jamais-vu-en","status":"publish","type":"page","link":"https:\/\/parisvu.fr\/index.php\/en\/paris-jamais-vu-en\/","title":{"rendered":"Paris Jamais vu"},"content":{"rendered":"\t\t<div data-elementor-type=\"wp-page\" data-elementor-id=\"576\" class=\"elementor elementor-576\">\n\t\t\t\t<div class=\"elementor-element elementor-element-9ba0d55 e-flex e-con-boxed e-con e-parent\" data-id=\"9ba0d55\" data-element_type=\"container\" data-e-type=\"container\">\n\t\t\t\t\t<div class=\"e-con-inner\">\n\t\t<div class=\"elementor-element elementor-element-18acaa93 e-con-full e-flex e-con e-child\" data-id=\"18acaa93\" data-element_type=\"container\" data-e-type=\"container\">\n\t\t\t\t<div class=\"elementor-element elementor-element-6e1d830d elementor-widget elementor-widget-image\" data-id=\"6e1d830d\" data-element_type=\"widget\" data-e-type=\"widget\" data-widget_type=\"image.default\">\n\t\t\t\t<div class=\"elementor-widget-container\">\n\t\t\t\t\t\t\t\t\t\t\t\t\t\t\t<img fetchpriority=\"high\" decoding=\"async\" width=\"1500\" height=\"375\" src=\"https:\/\/parisvu.fr\/wp-content\/uploads\/2024\/05\/cropped-COUR-DAMOYE-2-e1716561532947.jpg\" class=\"attachment-full size-full wp-image-849\" alt=\"\" srcset=\"https:\/\/parisvu.fr\/wp-content\/uploads\/2024\/05\/cropped-COUR-DAMOYE-2-e1716561532947.jpg 1500w, https:\/\/parisvu.fr\/wp-content\/uploads\/2024\/05\/cropped-COUR-DAMOYE-2-e1716561532947-300x75.jpg 300w, https:\/\/parisvu.fr\/wp-content\/uploads\/2024\/05\/cropped-COUR-DAMOYE-2-e1716561532947-1024x256.jpg 1024w, https:\/\/parisvu.fr\/wp-content\/uploads\/2024\/05\/cropped-COUR-DAMOYE-2-e1716561532947-768x192.jpg 768w\" sizes=\"(max-width: 1500px) 100vw, 1500px\" \/>\t\t\t\t\t\t\t\t\t\t\t\t\t\t\t<\/div>\n\t\t\t\t<\/div>\n\t\t\t\t<div class=\"elementor-element elementor-element-23702dc5 elementor-widget elementor-widget-heading\" data-id=\"23702dc5\" data-element_type=\"widget\" data-e-type=\"widget\" data-widget_type=\"heading.default\">\n\t\t\t\t<div class=\"elementor-widget-container\">\n\t\t\t\t\t<h1 class=\"elementor-heading-title elementor-size-default\">Guided Tours Paris Jamais Vu<\/h1>\t\t\t\t<\/div>\n\t\t\t\t<\/div>\n\t\t\t\t<div class=\"elementor-element elementor-element-700405be elementor-widget elementor-widget-text-editor\" data-id=\"700405be\" data-element_type=\"widget\" data-e-type=\"widget\" data-widget_type=\"text-editor.default\">\n\t\t\t\t<div class=\"elementor-widget-container\">\n\t\t\t\t\t\t\t\t\t<h1>Discover Paris in a New Way<\/h1>\n\n<p>Have you always heard about it but never really visited? Or perhaps you\u2019ve never taken the time to truly explore? You\u2019re in the right place. ParisVu invites you to see the capital from a fresh perspective through guided tours in Paris\u2019s lesser-known or forgotten neighborhoods.<\/p>\n\n<p>Explore hidden alleyways, discreet passages, historic outskirts, and places steeped in history that few Parisians still know. Through our cultural walks, ParisVu helps you rediscover the city in a new light: vibrant, surprising, and full of secrets.<\/p>\n\t\t\t\t\t\t\t\t<\/div>\n\t\t\t\t<\/div>\n\t\t\t\t<\/div>\n\t\t\t\t\t<\/div>\n\t\t\t\t<\/div>\n\t\t<div class=\"elementor-element elementor-element-2254b624 e-flex e-con-boxed e-con e-parent\" data-id=\"2254b624\" data-element_type=\"container\" data-e-type=\"container\">\n\t\t\t\t\t<div class=\"e-con-inner\">\n\t\t<div class=\"elementor-element elementor-element-3249f4ef e-con-full e-flex e-con e-child\" data-id=\"3249f4ef\" data-element_type=\"container\" data-e-type=\"container\">\n\t\t\t\t<div class=\"elementor-element elementor-element-309ce52c elementor-widget elementor-widget-image\" data-id=\"309ce52c\" data-element_type=\"widget\" data-e-type=\"widget\" data-widget_type=\"image.default\">\n\t\t\t\t<div class=\"elementor-widget-container\">\n\t\t\t\t\t\t\t\t\t\t\t\t\t\t\t<img decoding=\"async\" width=\"1536\" height=\"2048\" src=\"https:\/\/parisvu.fr\/wp-content\/uploads\/2025\/11\/WhatsApp-Image-2024-03-22-a-20.47.57_ac298d6c.jpg\" class=\"attachment-2048x2048 size-2048x2048 wp-image-1535\" alt=\"Visite guid\u00e9e de la R\u00e9volution fran\u00e7aise avec un guide local\" srcset=\"https:\/\/parisvu.fr\/wp-content\/uploads\/2025\/11\/WhatsApp-Image-2024-03-22-a-20.47.57_ac298d6c.jpg 1536w, https:\/\/parisvu.fr\/wp-content\/uploads\/2025\/11\/WhatsApp-Image-2024-03-22-a-20.47.57_ac298d6c-225x300.jpg 225w, https:\/\/parisvu.fr\/wp-content\/uploads\/2025\/11\/WhatsApp-Image-2024-03-22-a-20.47.57_ac298d6c-768x1024.jpg 768w, https:\/\/parisvu.fr\/wp-content\/uploads\/2025\/11\/WhatsApp-Image-2024-03-22-a-20.47.57_ac298d6c-1152x1536.jpg 1152w\" sizes=\"(max-width: 1536px) 100vw, 1536px\" \/>\t\t\t\t\t\t\t\t\t\t\t\t\t\t\t<\/div>\n\t\t\t\t<\/div>\n\t\t\t\t<\/div>\n\t\t<div class=\"elementor-element elementor-element-2532d7b2 e-con-full e-flex e-con e-child\" data-id=\"2532d7b2\" data-element_type=\"container\" data-e-type=\"container\">\n\t\t<div class=\"elementor-element elementor-element-474c9168 e-con-full e-flex e-con e-child\" data-id=\"474c9168\" data-element_type=\"container\" data-e-type=\"container\">\n\t\t\t\t<div class=\"elementor-element elementor-element-682dd1b elementor-widget elementor-widget-text-editor\" data-id=\"682dd1b\" data-element_type=\"widget\" data-e-type=\"widget\" data-widget_type=\"text-editor.default\">\n\t\t\t\t<div class=\"elementor-widget-container\">\n\t\t\t\t\t\t\t\t\t<h1>Paris Revolution Guided Tour: Relive July 14, 1789, Hour by Hour<\/h1>\n<p>Step back into revolutionary Paris and relive July 14, 1789, hour by hour, at the very place where it all began. The Paris Revolution tour takes you through the streets of Faubourg Saint-Antoine and around the Bastille, key sites of the French Revolution. Here, Parisians\u2014craftsmen, cabinetmakers, and workers\u2014rose to write one of the most significant chapters in France\u2019s history.<\/p>\n<p>Led by a passionate history expert, follow the unfolding of this decisive day: from popular anger to the assault on the fortress, and discover how the events of July 14, 1789, transformed Paris and the world.<\/p>\n<p>This historical walk also explores the industrial and working-class heritage of the 11th and 12th districts. Through narrow streets, hidden courtyards, and old workshops, each site echoes the Revolution and the Parisian people who were its driving force.<\/p>\n<p>A captivating guided tour to understand revolutionary Paris, where liberty, equality, and fraternity came to life.<\/p>\n<h2>Practical Information<\/h2>\n<ul>\n<li><strong>Duration:<\/strong> approx. 1h30<\/li>\n<li><strong>Walking Difficulty:<\/strong> easy<\/li>\n<\/ul>\t\t\t\t\t\t\t\t<\/div>\n\t\t\t\t<\/div>\n\t\t\t\t<div class=\"elementor-element elementor-element-75ca0b5b elementor-widget elementor-widget-button\" data-id=\"75ca0b5b\" data-element_type=\"widget\" data-e-type=\"widget\" data-widget_type=\"button.default\">\n\t\t\t\t<div class=\"elementor-widget-container\">\n\t\t\t\t\t\t\t\t\t<div class=\"elementor-button-wrapper\">\n\t\t\t\t\t<a class=\"elementor-button elementor-button-link elementor-size-sm\" href=\"https:\/\/parisvu.fr\/index.php\/en\/contact-en\/\">\n\t\t\t\t\t\t<span class=\"elementor-button-content-wrapper\">\n\t\t\t\t\t\t\t\t\t<span class=\"elementor-button-text\">R\u00e9server<\/span>\n\t\t\t\t\t<\/span>\n\t\t\t\t\t<\/a>\n\t\t\t\t<\/div>\n\t\t\t\t\t\t\t\t<\/div>\n\t\t\t\t<\/div>\n\t\t\t\t<\/div>\n\t\t\t\t<\/div>\n\t\t<div class=\"elementor-element elementor-element-4ec2019a e-con-full e-flex e-con e-child\" data-id=\"4ec2019a\" data-element_type=\"container\" data-e-type=\"container\">\n\t\t<div class=\"elementor-element elementor-element-7be3c733 e-con-full e-flex e-con e-child\" data-id=\"7be3c733\" data-element_type=\"container\" data-e-type=\"container\">\n\t\t\t\t<div class=\"elementor-element elementor-element-7a1179e0 elementor-widget elementor-widget-text-editor\" data-id=\"7a1179e0\" data-element_type=\"widget\" data-e-type=\"widget\" data-widget_type=\"text-editor.default\">\n\t\t\t\t<div class=\"elementor-widget-container\">\n\t\t\t\t\t\t\t\t\t<h1>Guided Tour of Paris\u2019 Jewish Quarter \u2013 Paris Yiddish<\/h1>\n<p>Explore the Jewish Quarter with our Paris Yiddish guided tour and discover a historic and vibrant side of Paris. From Rue des Rosiers to Rue Pav\u00e9e, immerse yourself in the history of Paris\u2019s Jewish community and learn how it shaped the neighborhood and France\u2019s history. This cultural walk is perfect for history enthusiasts, curious travelers, and heritage lovers.<\/p>\n<p>Wander through medieval streets and elegant townhouses as your guide shares stories of Yiddish traditions, synagogues, community schools, and sites of memory. Understand how Yiddishkeit influenced the culture, art, and identity of the Marais for over a century, while discovering anecdotes and accounts of Jewish families who shaped the neighborhood and contributed to its cultural vibrancy.<\/p>\n<p>This tour also highlights the local cuisine: falafel, challah bread, pastrami, and strudels with Ashkenazi and Sephardic flavors. A cultural and sensory journey combining history, memory, and culinary traditions, offering a unique perspective on the Jewish Marais. The tour also showcases the connection between heritage, gastronomy, and daily life in Paris, providing insight into the neighborhood\u2019s multicultural richness. An essential walking experience for anyone wishing to explore an authentic, less-touristy Paris.<\/p>\n<h2>Practical Information<\/h2>\n<ul>\n<li><strong>Duration:<\/strong> approx. 1h30<\/li>\n<li><strong>Walking Difficulty:<\/strong> easy<\/li>\n<\/ul>\t\t\t\t\t\t\t\t<\/div>\n\t\t\t\t<\/div>\n\t\t\t\t<div class=\"elementor-element elementor-element-43986262 elementor-widget elementor-widget-button\" data-id=\"43986262\" data-element_type=\"widget\" data-e-type=\"widget\" data-widget_type=\"button.default\">\n\t\t\t\t<div class=\"elementor-widget-container\">\n\t\t\t\t\t\t\t\t\t<div class=\"elementor-button-wrapper\">\n\t\t\t\t\t<a class=\"elementor-button elementor-button-link elementor-size-sm\" href=\"https:\/\/parisvu.fr\/index.php\/en\/contact-en\/\">\n\t\t\t\t\t\t<span class=\"elementor-button-content-wrapper\">\n\t\t\t\t\t\t\t\t\t<span class=\"elementor-button-text\">R\u00e9server<\/span>\n\t\t\t\t\t<\/span>\n\t\t\t\t\t<\/a>\n\t\t\t\t<\/div>\n\t\t\t\t\t\t\t\t<\/div>\n\t\t\t\t<\/div>\n\t\t\t\t<\/div>\n\t\t\t\t<\/div>\n\t\t<div class=\"elementor-element elementor-element-f02480c e-con-full e-flex e-con e-child\" data-id=\"f02480c\" data-element_type=\"container\" data-e-type=\"container\">\n\t\t\t\t<div class=\"elementor-element elementor-element-76282766 elementor-widget elementor-widget-image\" data-id=\"76282766\" data-element_type=\"widget\" data-e-type=\"widget\" data-widget_type=\"image.default\">\n\t\t\t\t<div class=\"elementor-widget-container\">\n\t\t\t\t\t\t\t\t\t\t\t\t\t\t\t<img decoding=\"async\" width=\"771\" height=\"1024\" src=\"https:\/\/parisvu.fr\/wp-content\/uploads\/2025\/11\/376e1f14-855c-4f11-8594-131fb3002c28-771x1024.jpg\" class=\"attachment-large size-large wp-image-1536\" alt=\"Visite guid\u00e9e du Marais juif avec un guide expert\" srcset=\"https:\/\/parisvu.fr\/wp-content\/uploads\/2025\/11\/376e1f14-855c-4f11-8594-131fb3002c28-771x1024.jpg 771w, https:\/\/parisvu.fr\/wp-content\/uploads\/2025\/11\/376e1f14-855c-4f11-8594-131fb3002c28-226x300.jpg 226w, https:\/\/parisvu.fr\/wp-content\/uploads\/2025\/11\/376e1f14-855c-4f11-8594-131fb3002c28-768x1020.jpg 768w, https:\/\/parisvu.fr\/wp-content\/uploads\/2025\/11\/376e1f14-855c-4f11-8594-131fb3002c28-1157x1536.jpg 1157w, https:\/\/parisvu.fr\/wp-content\/uploads\/2025\/11\/376e1f14-855c-4f11-8594-131fb3002c28.jpg 1536w\" sizes=\"(max-width: 771px) 100vw, 771px\" \/>\t\t\t\t\t\t\t\t\t\t\t\t\t\t\t<\/div>\n\t\t\t\t<\/div>\n\t\t\t\t<\/div>\n\t\t<div class=\"elementor-element elementor-element-4c89d18c e-con-full e-flex e-con e-child\" data-id=\"4c89d18c\" data-element_type=\"container\" data-e-type=\"container\">\n\t\t\t\t<div class=\"elementor-element elementor-element-3774b1e5 elementor-widget elementor-widget-image\" data-id=\"3774b1e5\" data-element_type=\"widget\" data-e-type=\"widget\" data-widget_type=\"image.default\">\n\t\t\t\t<div class=\"elementor-widget-container\">\n\t\t\t\t\t\t\t\t\t\t\t\t\t\t\t<img loading=\"lazy\" decoding=\"async\" width=\"768\" height=\"1024\" src=\"https:\/\/parisvu.fr\/wp-content\/uploads\/2024\/02\/Cite-universitaire-Espagne-768x1024.jpg\" class=\"attachment-large size-large wp-image-246\" alt=\"Visite guid\u00e9e de la cit\u00e9 universitaire de Paris avec un guide ind\u00e9pendant\" srcset=\"https:\/\/parisvu.fr\/wp-content\/uploads\/2024\/02\/Cite-universitaire-Espagne-768x1024.jpg 768w, https:\/\/parisvu.fr\/wp-content\/uploads\/2024\/02\/Cite-universitaire-Espagne-225x300.jpg 225w, https:\/\/parisvu.fr\/wp-content\/uploads\/2024\/02\/Cite-universitaire-Espagne-1152x1536.jpg 1152w, https:\/\/parisvu.fr\/wp-content\/uploads\/2024\/02\/Cite-universitaire-Espagne.jpg 1536w\" sizes=\"(max-width: 768px) 100vw, 768px\" \/>\t\t\t\t\t\t\t\t\t\t\t\t\t\t\t<\/div>\n\t\t\t\t<\/div>\n\t\t\t\t<\/div>\n\t\t<div class=\"elementor-element elementor-element-7a4b8b15 e-con-full e-flex e-con e-child\" data-id=\"7a4b8b15\" data-element_type=\"container\" data-e-type=\"container\">\n\t\t<div class=\"elementor-element elementor-element-1b1e074 e-con-full e-flex e-con e-child\" data-id=\"1b1e074\" data-element_type=\"container\" data-e-type=\"container\">\n\t\t\t\t<div class=\"elementor-element elementor-element-5bd7841b elementor-widget elementor-widget-text-editor\" data-id=\"5bd7841b\" data-element_type=\"widget\" data-e-type=\"widget\" data-widget_type=\"text-editor.default\">\n\t\t\t\t<div class=\"elementor-widget-container\">\n\t\t\t\t\t\t\t\t\t<h1>Guided Tour of the International University Campus \u2013 Paris 14th District<\/h1>\n\n<p>\nNestled in the heart of Paris\u2019s 14th district, the International University Campus is a one-of-a-kind campus. A true microcosm of international student life, it features a wide variety of architectural styles reflecting the history and cultural influences of numerous countries since the early 20th century. This guided tour of the campus offers a unique perspective on an iconic site, where every building tells a story. It is also a living laboratory of modern and contemporary architecture, blending traditional and avant-garde styles.\n<\/p>\n\n<p>\nDuring this cultural walk, discover the different residences, pavilions, and gardens that make up the campus. Learn how the International University Campus became a hub of student life, a space for cultural exchange, and a symbol of international cooperation. Understand the historical role of the site in the development of higher education and cultural life in Paris. Experience the cosmopolitan spirit of the campus and see how students from around the world contributed to its cultural richness.\n<\/p>\n\n<p>\nThis guided tour allows you to admire the campus\u2019s unique architecture and artworks while exploring the social and cultural history of students from across the globe. An enriching experience for architecture, history, and international culture enthusiasts in Paris. Perfect for discovering a lesser-known side of Paris, combining heritage, modernity, and cosmopolitan student life. A must-do walk for anyone interested in student history, architectural art, and intercultural exchange.\n<\/p>\n\n<h2>Practical Information<\/h2>\n<ul>\n<li><strong>Duration:<\/strong> minimum 1h30<\/li>\n<li><strong>Walking Difficulty:<\/strong> moderate<\/li>\n<\/ul>\n\t\t\t\t\t\t\t\t<\/div>\n\t\t\t\t<\/div>\n\t\t\t\t<div class=\"elementor-element elementor-element-697b407f elementor-widget elementor-widget-button\" data-id=\"697b407f\" data-element_type=\"widget\" data-e-type=\"widget\" data-widget_type=\"button.default\">\n\t\t\t\t<div class=\"elementor-widget-container\">\n\t\t\t\t\t\t\t\t\t<div class=\"elementor-button-wrapper\">\n\t\t\t\t\t<a class=\"elementor-button elementor-button-link elementor-size-sm\" href=\"https:\/\/parisvu.fr\/index.php\/en\/contact-en\/\">\n\t\t\t\t\t\t<span class=\"elementor-button-content-wrapper\">\n\t\t\t\t\t\t\t\t\t<span class=\"elementor-button-text\">R\u00e9server<\/span>\n\t\t\t\t\t<\/span>\n\t\t\t\t\t<\/a>\n\t\t\t\t<\/div>\n\t\t\t\t\t\t\t\t<\/div>\n\t\t\t\t<\/div>\n\t\t\t\t<\/div>\n\t\t\t\t<\/div>\n\t\t\t\t\t<\/div>\n\t\t\t\t<\/div>\n\t\t\t\t<\/div>\n\t\t","protected":false},"excerpt":{"rendered":"<p>Guided Tours Paris Jamais Vu Discover Paris in a New Way Have you always heard about it but never really visited? Or perhaps you\u2019ve never taken the time to truly explore? You\u2019re in the right place. ParisVu invites you to see the capital from a fresh perspective through guided tours in Paris\u2019s lesser-known or forgotten [&hellip;]<\/p>\n","protected":false},"author":1,"featured_media":0,"parent":0,"menu_order":0,"comment_status":"closed","ping_status":"closed","template":"","meta":{"ocean_post_layout":"","ocean_both_sidebars_style":"","ocean_both_sidebars_content_width":0,"ocean_both_sidebars_sidebars_width":0,"ocean_sidebar":"","ocean_second_sidebar":"","ocean_disable_margins":"enable","ocean_add_body_class":"","ocean_shortcode_before_top_bar":"","ocean_shortcode_after_top_bar":"","ocean_shortcode_before_header":"","ocean_shortcode_after_header":"","ocean_has_shortcode":"","ocean_shortcode_after_title":"","ocean_shortcode_before_footer_widgets":"","ocean_shortcode_after_footer_widgets":"","ocean_shortcode_before_footer_bottom":"","ocean_shortcode_after_footer_bottom":"","ocean_display_top_bar":"default","ocean_display_header":"default","ocean_header_style":"","ocean_center_header_left_menu":"","ocean_custom_header_template":"","ocean_custom_logo":0,"ocean_custom_retina_logo":0,"ocean_custom_logo_max_width":0,"ocean_custom_logo_tablet_max_width":0,"ocean_custom_logo_mobile_max_width":0,"ocean_custom_logo_max_height":0,"ocean_custom_logo_tablet_max_height":0,"ocean_custom_logo_mobile_max_height":0,"ocean_header_custom_menu":"","ocean_menu_typo_font_family":"","ocean_menu_typo_font_subset":"","ocean_menu_typo_font_size":0,"ocean_menu_typo_font_size_tablet":0,"ocean_menu_typo_font_size_mobile":0,"ocean_menu_typo_font_size_unit":"px","ocean_menu_typo_font_weight":"","ocean_menu_typo_font_weight_tablet":"","ocean_menu_typo_font_weight_mobile":"","ocean_menu_typo_transform":"","ocean_menu_typo_transform_tablet":"","ocean_menu_typo_transform_mobile":"","ocean_menu_typo_line_height":0,"ocean_menu_typo_line_height_tablet":0,"ocean_menu_typo_line_height_mobile":0,"ocean_menu_typo_line_height_unit":"","ocean_menu_typo_spacing":0,"ocean_menu_typo_spacing_tablet":0,"ocean_menu_typo_spacing_mobile":0,"ocean_menu_typo_spacing_unit":"","ocean_menu_link_color":"","ocean_menu_link_color_hover":"","ocean_menu_link_color_active":"","ocean_menu_link_background":"","ocean_menu_link_hover_background":"","ocean_menu_link_active_background":"","ocean_menu_social_links_bg":"","ocean_menu_social_hover_links_bg":"","ocean_menu_social_links_color":"","ocean_menu_social_hover_links_color":"","ocean_disable_title":"default","ocean_disable_heading":"default","ocean_post_title":"","ocean_post_subheading":"","ocean_post_title_style":"","ocean_post_title_background_color":"","ocean_post_title_background":0,"ocean_post_title_bg_image_position":"","ocean_post_title_bg_image_attachment":"","ocean_post_title_bg_image_repeat":"","ocean_post_title_bg_image_size":"","ocean_post_title_height":0,"ocean_post_title_bg_overlay":0.5,"ocean_post_title_bg_overlay_color":"","ocean_disable_breadcrumbs":"default","ocean_breadcrumbs_color":"","ocean_breadcrumbs_separator_color":"","ocean_breadcrumbs_links_color":"","ocean_breadcrumbs_links_hover_color":"","ocean_display_footer_widgets":"default","ocean_display_footer_bottom":"default","ocean_custom_footer_template":"","footnotes":""},"class_list":["post-576","page","type-page","status-publish","hentry","entry"],"_links":{"self":[{"href":"https:\/\/parisvu.fr\/index.php\/wp-json\/wp\/v2\/pages\/576","targetHints":{"allow":["GET"]}}],"collection":[{"href":"https:\/\/parisvu.fr\/index.php\/wp-json\/wp\/v2\/pages"}],"about":[{"href":"https:\/\/parisvu.fr\/index.php\/wp-json\/wp\/v2\/types\/page"}],"author":[{"embeddable":true,"href":"https:\/\/parisvu.fr\/index.php\/wp-json\/wp\/v2\/users\/1"}],"replies":[{"embeddable":true,"href":"https:\/\/parisvu.fr\/index.php\/wp-json\/wp\/v2\/comments?post=576"}],"version-history":[{"count":10,"href":"https:\/\/parisvu.fr\/index.php\/wp-json\/wp\/v2\/pages\/576\/revisions"}],"predecessor-version":[{"id":1700,"href":"https:\/\/parisvu.fr\/index.php\/wp-json\/wp\/v2\/pages\/576\/revisions\/1700"}],"wp:attachment":[{"href":"https:\/\/parisvu.fr\/index.php\/wp-json\/wp\/v2\/media?parent=576"}],"curies":[{"name":"wp","href":"https:\/\/api.w.org\/{rel}","templated":true}]}}