{"id":577,"date":"2024-02-26T14:14:20","date_gmt":"2024-02-26T13:14:20","guid":{"rendered":"https:\/\/parisvu.fr\/?page_id=577"},"modified":"2025-02-25T08:52:14","modified_gmt":"2025-02-25T07:52:14","slug":"paris-jamais-vu-it","status":"publish","type":"page","link":"https:\/\/parisvu.fr\/index.php\/it\/paris-jamais-vu-it\/","title":{"rendered":"Paris Jamais vu"},"content":{"rendered":"\n<figure class=\"wp-block-image alignwide size-large\"><img fetchpriority=\"high\" decoding=\"async\" width=\"1024\" height=\"374\" src=\"https:\/\/parisvu.fr\/wp-content\/uploads\/2024\/06\/COUR-DAMOYE-2-e1716561532947-1-1024x374.jpg\" alt=\"\" class=\"wp-image-789\" srcset=\"https:\/\/parisvu.fr\/wp-content\/uploads\/2024\/06\/COUR-DAMOYE-2-e1716561532947-1-1024x374.jpg 1024w, https:\/\/parisvu.fr\/wp-content\/uploads\/2024\/06\/COUR-DAMOYE-2-e1716561532947-1-300x110.jpg 300w, https:\/\/parisvu.fr\/wp-content\/uploads\/2024\/06\/COUR-DAMOYE-2-e1716561532947-1-768x280.jpg 768w, https:\/\/parisvu.fr\/wp-content\/uploads\/2024\/06\/COUR-DAMOYE-2-e1716561532947-1-1536x561.jpg 1536w, https:\/\/parisvu.fr\/wp-content\/uploads\/2024\/06\/COUR-DAMOYE-2-e1716561532947-1.jpg 1600w\" sizes=\"(max-width: 1024px) 100vw, 1024px\" \/><\/figure>\n\n\n\n<h2 class=\"wp-block-heading alignwide has-text-align-center\"><strong>Paris Jamais vu<\/strong><\/h2>\n\n\n\n<h4 class=\"wp-block-heading has-text-align-center\">Ne hai sempre sentito parlare ma non ci sei mai stato o non hai mai davvero avuto il tempo di esplorare? Sei nel posto giusto. ParisVu offre <strong>visite guidate a piedi nei quartieri meno conosciuti o dimenticati di Parigi<\/strong>.<\/h4>\n\n\n\n<div class=\"wp-block-cover alignfull is-light\" style=\"min-height:408px;aspect-ratio:unset;\"><span aria-hidden=\"true\" class=\"wp-block-cover__background has-background-dim-100 has-background-dim\" style=\"background-color:#ffffff\"><\/span><div class=\"wp-block-cover__inner-container is-layout-flow wp-block-cover-is-layout-flow\">\n<div class=\"wp-block-media-text alignwide is-stacked-on-mobile is-vertically-aligned-center is-image-fill-element has-background\" style=\"background-color:#e6e4f0;grid-template-columns:34% auto\"><figure class=\"wp-block-media-text__media\"><img decoding=\"async\" width=\"1024\" height=\"768\" src=\"https:\/\/parisvu.fr\/wp-content\/uploads\/2024\/02\/Cite-universitaire-Maison-internationale-1024x768.jpg\" alt=\"\" class=\"wp-image-247 size-full\" style=\"object-position:50% 50%\" srcset=\"https:\/\/parisvu.fr\/wp-content\/uploads\/2024\/02\/Cite-universitaire-Maison-internationale-1024x768.jpg 1024w, https:\/\/parisvu.fr\/wp-content\/uploads\/2024\/02\/Cite-universitaire-Maison-internationale-300x225.jpg 300w, https:\/\/parisvu.fr\/wp-content\/uploads\/2024\/02\/Cite-universitaire-Maison-internationale-768x576.jpg 768w, https:\/\/parisvu.fr\/wp-content\/uploads\/2024\/02\/Cite-universitaire-Maison-internationale-1536x1152.jpg 1536w, https:\/\/parisvu.fr\/wp-content\/uploads\/2024\/02\/Cite-universitaire-Maison-internationale.jpg 2048w\" sizes=\"(max-width: 1024px) 100vw, 1024px\" \/><\/figure><div class=\"wp-block-media-text__content\">\n<h2 class=\"wp-block-heading has-text-color\" style=\"color:#000000;font-size:32px\"><strong>La Cit\u00e9 universitaire internationale<\/strong><\/h2>\n\n\n\n<p class=\"has-text-color\" style=\"color:#000000;font-size:17px\">Perduta nelle profondit\u00e0 del 14\u00b0 arrondissement, la <strong>Cit\u00e9 Universitaire Internationale<\/strong> \u00e8 un campus unico al mondo. Riunendo architetture tanto diverse quanto varie, questo parco atipico rappresenta un microcosmo difficile da comprendere per chi non sa leggere la sua storia. Scoprite un luogo emblematico della vita studentesca internazionale e della sua storia fin dall&rsquo;inizio del XX secolo. <br>Durata: Minimo 1 ora e 30 minuti <br>Difficolt\u00e0 di camminata: Media<\/p>\n\n\n\n<div class=\"wp-block-buttons is-layout-flex wp-block-buttons-is-layout-flex\">\n<div class=\"wp-block-button is-style-fill\"><a class=\"wp-block-button__link wp-element-button\" href=\"https:\/\/parisvu.fr\/index.php\/it\/contatto\/\">Riservare<\/a><\/div>\n<\/div>\n<\/div><\/div>\n\n\n\n<div class=\"wp-block-media-text alignwide has-media-on-the-right is-stacked-on-mobile is-vertically-aligned-center is-image-fill-element has-ast-global-color-4-background-color has-background\" style=\"grid-template-columns:auto 37%\"><div class=\"wp-block-media-text__content\">\n<h2 class=\"wp-block-heading has-text-color\" style=\"color:#000000;font-size:32px\"><strong>Paris la rivoluzione francese<\/strong><\/h2>\n\n\n\n<p class=\"has-text-color\" style=\"color:#000000;font-size:17px\">Cosa sarebbe Parigi senza le diverse rivoluzioni che hanno segnato la sua storia? <strong>Paris R\u00e9volution<\/strong> propone di esplorare il quartiere della Bastiglia e del Faubourg Saint-Antoine alla ricerca delle tracce che ancora testimoniano la Rivoluzione francese del 1789. Attraverso il patrimonio industriale dei XII e XI arrondissement di Parigi, il percorso segue passo dopo passo i momenti salienti della Rivoluzione. <br>Durata: Circa 1 ora e 30 minuti <br>Difficolt\u00e0 di camminata: Facile<\/p>\n\n\n\n<div class=\"wp-block-buttons is-layout-flex wp-block-buttons-is-layout-flex\">\n<div class=\"wp-block-button is-style-fill\"><a class=\"wp-block-button__link wp-element-button\" href=\"https:\/\/parisvu.fr\/index.php\/it\/contatto\/\">Riservare<\/a><\/div>\n<\/div>\n<\/div><figure class=\"wp-block-media-text__media\"><img decoding=\"async\" width=\"768\" height=\"1024\" src=\"https:\/\/parisvu.fr\/wp-content\/uploads\/2024\/12\/WhatsApp-Image-2024-03-22-a-20.47.57_ac298d6c-4-768x1024.jpg\" alt=\"\" class=\"wp-image-1013 size-full\" style=\"object-position:50% 50%\" srcset=\"https:\/\/parisvu.fr\/wp-content\/uploads\/2024\/12\/WhatsApp-Image-2024-03-22-a-20.47.57_ac298d6c-4-768x1024.jpg 768w, https:\/\/parisvu.fr\/wp-content\/uploads\/2024\/12\/WhatsApp-Image-2024-03-22-a-20.47.57_ac298d6c-4-225x300.jpg 225w, https:\/\/parisvu.fr\/wp-content\/uploads\/2024\/12\/WhatsApp-Image-2024-03-22-a-20.47.57_ac298d6c-4-1152x1536.jpg 1152w, https:\/\/parisvu.fr\/wp-content\/uploads\/2024\/12\/WhatsApp-Image-2024-03-22-a-20.47.57_ac298d6c-4.jpg 1536w\" sizes=\"(max-width: 768px) 100vw, 768px\" \/><\/figure><\/div>\n\n\n\n<div class=\"wp-block-media-text alignwide is-stacked-on-mobile is-vertically-aligned-center is-image-fill-element has-background\" style=\"background-color:#e6e4f0;grid-template-columns:35% auto\"><figure class=\"wp-block-media-text__media\"><img loading=\"lazy\" decoding=\"async\" width=\"576\" height=\"1024\" src=\"https:\/\/parisvu.fr\/wp-content\/uploads\/2024\/12\/Pletzl-2-3-576x1024.jpg\" alt=\"\" class=\"wp-image-1019 size-full\" style=\"object-position:50% 50%\" srcset=\"https:\/\/parisvu.fr\/wp-content\/uploads\/2024\/12\/Pletzl-2-3-576x1024.jpg 576w, https:\/\/parisvu.fr\/wp-content\/uploads\/2024\/12\/Pletzl-2-3-169x300.jpg 169w, https:\/\/parisvu.fr\/wp-content\/uploads\/2024\/12\/Pletzl-2-3-768x1365.jpg 768w, https:\/\/parisvu.fr\/wp-content\/uploads\/2024\/12\/Pletzl-2-3-864x1536.jpg 864w, https:\/\/parisvu.fr\/wp-content\/uploads\/2024\/12\/Pletzl-2-3.jpg 1148w\" sizes=\"(max-width: 576px) 100vw, 576px\" \/><\/figure><div class=\"wp-block-media-text__content\">\n<h2 class=\"wp-block-heading has-text-color\" style=\"color:#000000;font-size:32px\"><strong>Yiddish Marais<\/strong><\/h2>\n\n\n\n<p class=\"has-text-color\" style=\"color:#000000;font-size:17px\">Conoscete il passato ebraico di Parigi? Sapevate che la storia degli ebrei \u00e8 strettamente legata alla storia della Francia? Con Paris Yiddish, scoprite il quartiere del Marais sotto una nuova luce. Dietro i piccoli vicoli medievali e le boutique di ogni genere, lasciatevi conquistare dal profumo dei piatti provenienti dai ristoranti ashkenaziti e sefarditi. Lasciatevi sorprendere dalla storia degli ebrei parigini e dal loro impatto sulla citt\u00e0 e sulla sua storia. Familiarizzate con la Yiddishkeit, che si \u00e8 diffusa a Parigi per un secolo e che oggi sta tornando a vivere.<br>Durata: Circa 1 ora e 30 minuti <br>Difficolt\u00e0 di camminata: Facile<\/p>\n\n\n\n<div class=\"wp-block-buttons is-layout-flex wp-block-buttons-is-layout-flex\">\n<div class=\"wp-block-button is-style-fill\"><a class=\"wp-block-button__link wp-element-button\" href=\"https:\/\/parisvu.fr\/index.php\/it\/contatto\/\">Riservare<\/a><\/div>\n<\/div>\n\n\n\n<p><\/p>\n<\/div><\/div>\n<\/div><\/div>\n","protected":false},"excerpt":{"rendered":"<p>Paris Jamais vu Ne hai sempre sentito parlare ma non ci sei mai stato o non hai mai davvero avuto il tempo di esplorare? Sei nel posto giusto. ParisVu offre visite guidate a piedi nei quartieri meno conosciuti o dimenticati di Parigi.<\/p>\n","protected":false},"author":1,"featured_media":0,"parent":0,"menu_order":0,"comment_status":"closed","ping_status":"closed","template":"","meta":{"ocean_post_layout":"","ocean_both_sidebars_style":"","ocean_both_sidebars_content_width":0,"ocean_both_sidebars_sidebars_width":0,"ocean_sidebar":"","ocean_second_sidebar":"","ocean_disable_margins":"enable","ocean_add_body_class":"","ocean_shortcode_before_top_bar":"","ocean_shortcode_after_top_bar":"","ocean_shortcode_before_header":"","ocean_shortcode_after_header":"","ocean_has_shortcode":"","ocean_shortcode_after_title":"","ocean_shortcode_before_footer_widgets":"","ocean_shortcode_after_footer_widgets":"","ocean_shortcode_before_footer_bottom":"","ocean_shortcode_after_footer_bottom":"","ocean_display_top_bar":"default","ocean_display_header":"default","ocean_header_style":"","ocean_center_header_left_menu":"","ocean_custom_header_template":"","ocean_custom_logo":0,"ocean_custom_retina_logo":0,"ocean_custom_logo_max_width":0,"ocean_custom_logo_tablet_max_width":0,"ocean_custom_logo_mobile_max_width":0,"ocean_custom_logo_max_height":0,"ocean_custom_logo_tablet_max_height":0,"ocean_custom_logo_mobile_max_height":0,"ocean_header_custom_menu":"","ocean_menu_typo_font_family":"","ocean_menu_typo_font_subset":"","ocean_menu_typo_font_size":0,"ocean_menu_typo_font_size_tablet":0,"ocean_menu_typo_font_size_mobile":0,"ocean_menu_typo_font_size_unit":"px","ocean_menu_typo_font_weight":"","ocean_menu_typo_font_weight_tablet":"","ocean_menu_typo_font_weight_mobile":"","ocean_menu_typo_transform":"","ocean_menu_typo_transform_tablet":"","ocean_menu_typo_transform_mobile":"","ocean_menu_typo_line_height":0,"ocean_menu_typo_line_height_tablet":0,"ocean_menu_typo_line_height_mobile":0,"ocean_menu_typo_line_height_unit":"","ocean_menu_typo_spacing":0,"ocean_menu_typo_spacing_tablet":0,"ocean_menu_typo_spacing_mobile":0,"ocean_menu_typo_spacing_unit":"","ocean_menu_link_color":"","ocean_menu_link_color_hover":"","ocean_menu_link_color_active":"","ocean_menu_link_background":"","ocean_menu_link_hover_background":"","ocean_menu_link_active_background":"","ocean_menu_social_links_bg":"","ocean_menu_social_hover_links_bg":"","ocean_menu_social_links_color":"","ocean_menu_social_hover_links_color":"","ocean_disable_title":"default","ocean_disable_heading":"default","ocean_post_title":"","ocean_post_subheading":"","ocean_post_title_style":"","ocean_post_title_background_color":"","ocean_post_title_background":0,"ocean_post_title_bg_image_position":"","ocean_post_title_bg_image_attachment":"","ocean_post_title_bg_image_repeat":"","ocean_post_title_bg_image_size":"","ocean_post_title_height":0,"ocean_post_title_bg_overlay":0.5,"ocean_post_title_bg_overlay_color":"","ocean_disable_breadcrumbs":"default","ocean_breadcrumbs_color":"","ocean_breadcrumbs_separator_color":"","ocean_breadcrumbs_links_color":"","ocean_breadcrumbs_links_hover_color":"","ocean_display_footer_widgets":"default","ocean_display_footer_bottom":"default","ocean_custom_footer_template":"","footnotes":""},"class_list":["post-577","page","type-page","status-publish","hentry","entry"],"_links":{"self":[{"href":"https:\/\/parisvu.fr\/index.php\/wp-json\/wp\/v2\/pages\/577","targetHints":{"allow":["GET"]}}],"collection":[{"href":"https:\/\/parisvu.fr\/index.php\/wp-json\/wp\/v2\/pages"}],"about":[{"href":"https:\/\/parisvu.fr\/index.php\/wp-json\/wp\/v2\/types\/page"}],"author":[{"embeddable":true,"href":"https:\/\/parisvu.fr\/index.php\/wp-json\/wp\/v2\/users\/1"}],"replies":[{"embeddable":true,"href":"https:\/\/parisvu.fr\/index.php\/wp-json\/wp\/v2\/comments?post=577"}],"version-history":[{"count":9,"href":"https:\/\/parisvu.fr\/index.php\/wp-json\/wp\/v2\/pages\/577\/revisions"}],"predecessor-version":[{"id":1087,"href":"https:\/\/parisvu.fr\/index.php\/wp-json\/wp\/v2\/pages\/577\/revisions\/1087"}],"wp:attachment":[{"href":"https:\/\/parisvu.fr\/index.php\/wp-json\/wp\/v2\/media?parent=577"}],"curies":[{"name":"wp","href":"https:\/\/api.w.org\/{rel}","templated":true}]}}