{"id":58,"date":"2024-02-05T12:32:39","date_gmt":"2024-02-05T11:32:39","guid":{"rendered":"https:\/\/parisvu.fr\/?page_id=58"},"modified":"2025-01-06T11:21:51","modified_gmt":"2025-01-06T10:21:51","slug":"tarifs","status":"publish","type":"page","link":"https:\/\/parisvu.fr\/index.php\/tarifs\/","title":{"rendered":"Tarifs"},"content":{"rendered":"\n<figure class=\"wp-block-image alignwide size-large\"><img fetchpriority=\"high\" decoding=\"async\" width=\"1024\" height=\"374\" src=\"https:\/\/parisvu.fr\/wp-content\/uploads\/2024\/05\/COUR-DAMOYE-2-e1716561532947-1024x374.jpg\" alt=\"\" class=\"wp-image-762\" srcset=\"https:\/\/parisvu.fr\/wp-content\/uploads\/2024\/05\/COUR-DAMOYE-2-e1716561532947-1024x374.jpg 1024w, https:\/\/parisvu.fr\/wp-content\/uploads\/2024\/05\/COUR-DAMOYE-2-e1716561532947-300x110.jpg 300w, https:\/\/parisvu.fr\/wp-content\/uploads\/2024\/05\/COUR-DAMOYE-2-e1716561532947-768x280.jpg 768w, https:\/\/parisvu.fr\/wp-content\/uploads\/2024\/05\/COUR-DAMOYE-2-e1716561532947-1536x561.jpg 1536w, https:\/\/parisvu.fr\/wp-content\/uploads\/2024\/05\/COUR-DAMOYE-2-e1716561532947.jpg 1600w\" sizes=\"(max-width: 1024px) 100vw, 1024px\" \/><\/figure>\n\n\n\n<p class=\"has-text-align-center\">Pour les <strong>visites non-priv\u00e9es<\/strong> merci d&rsquo;envoyer un mail \u00e0 <strong><a>parisvu.contact@gmail.com<\/a><\/strong>\u00a0 afin de conna\u00eetre les disponibilit\u00e9s de nos guides. Le prix est de 20 euros par adultes et 15 euros pour les moins de 18 ans. <br>Pour les <strong>visites priv\u00e9es<\/strong> voire ci-dessous.<\/p>\n\n\n\n<h2 class=\"wp-block-heading has-text-align-center\">TARIFS VISITES PRIVEES<\/h2>\n\n\n<h2 id=\"tablepress-1-name\" class=\"tablepress-table-name tablepress-table-name-id-1\">Grille tarifaire ParisVu<\/h2>\n\n<table id=\"tablepress-1\" class=\"tablepress tablepress-id-1\" aria-labelledby=\"tablepress-1-name\">\n<thead>\n<tr class=\"row-1\">\n\t<th class=\"column-1\">Nombre de participants (enfant moins de 14 ans gratuit)<\/th><th class=\"column-2\">Tarifs<\/th><td class=\"column-3\"><\/td>\n<\/tr>\n<\/thead>\n<tbody class=\"row-striping row-hover\">\n<tr class=\"row-2\">\n\t<td class=\"column-1\">1 \u00e0 5 adultes<\/td><td class=\"column-2\">150 euros<\/td><td class=\"column-3\"><\/td>\n<\/tr>\n<tr class=\"row-3\">\n\t<td class=\"column-1\">6 \u00e0 9 adultes<\/td><td class=\"column-2\">30 euros par personne<\/td><td class=\"column-3\"><\/td>\n<\/tr>\n<tr class=\"row-4\">\n\t<td class=\"column-1\">10 \u00e0 15 adultes<\/td><td class=\"column-2\">25 euros par personne<\/td><td class=\"column-3\"><\/td>\n<\/tr>\n<tr class=\"row-5\">\n\t<td class=\"column-1\">au-del\u00e0 de 15 adultes <\/td><td class=\"column-2\">devis par mail<\/td><td class=\"column-3\"><\/td>\n<\/tr>\n<\/tbody>\n<\/table>\n<!-- #tablepress-1 from cache -->","protected":false},"excerpt":{"rendered":"<p>Pour les visites non-priv\u00e9es merci d&rsquo;envoyer un mail \u00e0 parisvu.contact@gmail.com\u00a0 afin de conna\u00eetre les disponibilit\u00e9s de nos guides. Le prix est de 20 euros par adultes et 15 euros pour les moins de 18 ans. Pour les visites priv\u00e9es voire ci-dessous. TARIFS VISITES PRIVEES<\/p>\n","protected":false},"author":1,"featured_media":0,"parent":0,"menu_order":0,"comment_status":"closed","ping_status":"closed","template":"","meta":{"ocean_post_layout":"","ocean_both_sidebars_style":"","ocean_both_sidebars_content_width":0,"ocean_both_sidebars_sidebars_width":0,"ocean_sidebar":"","ocean_second_sidebar":"","ocean_disable_margins":"enable","ocean_add_body_class":"","ocean_shortcode_before_top_bar":"","ocean_shortcode_after_top_bar":"","ocean_shortcode_before_header":"","ocean_shortcode_after_header":"","ocean_has_shortcode":"","ocean_shortcode_after_title":"","ocean_shortcode_before_footer_widgets":"","ocean_shortcode_after_footer_widgets":"","ocean_shortcode_before_footer_bottom":"","ocean_shortcode_after_footer_bottom":"","ocean_display_top_bar":"default","ocean_display_header":"default","ocean_header_style":"","ocean_center_header_left_menu":"","ocean_custom_header_template":"","ocean_custom_logo":0,"ocean_custom_retina_logo":0,"ocean_custom_logo_max_width":0,"ocean_custom_logo_tablet_max_width":0,"ocean_custom_logo_mobile_max_width":0,"ocean_custom_logo_max_height":0,"ocean_custom_logo_tablet_max_height":0,"ocean_custom_logo_mobile_max_height":0,"ocean_header_custom_menu":"","ocean_menu_typo_font_family":"","ocean_menu_typo_font_subset":"","ocean_menu_typo_font_size":0,"ocean_menu_typo_font_size_tablet":0,"ocean_menu_typo_font_size_mobile":0,"ocean_menu_typo_font_size_unit":"px","ocean_menu_typo_font_weight":"","ocean_menu_typo_font_weight_tablet":"","ocean_menu_typo_font_weight_mobile":"","ocean_menu_typo_transform":"","ocean_menu_typo_transform_tablet":"","ocean_menu_typo_transform_mobile":"","ocean_menu_typo_line_height":0,"ocean_menu_typo_line_height_tablet":0,"ocean_menu_typo_line_height_mobile":0,"ocean_menu_typo_line_height_unit":"","ocean_menu_typo_spacing":0,"ocean_menu_typo_spacing_tablet":0,"ocean_menu_typo_spacing_mobile":0,"ocean_menu_typo_spacing_unit":"","ocean_menu_link_color":"","ocean_menu_link_color_hover":"","ocean_menu_link_color_active":"","ocean_menu_link_background":"","ocean_menu_link_hover_background":"","ocean_menu_link_active_background":"","ocean_menu_social_links_bg":"","ocean_menu_social_hover_links_bg":"","ocean_menu_social_links_color":"","ocean_menu_social_hover_links_color":"","ocean_disable_title":"default","ocean_disable_heading":"default","ocean_post_title":"","ocean_post_subheading":"","ocean_post_title_style":"","ocean_post_title_background_color":"","ocean_post_title_background":0,"ocean_post_title_bg_image_position":"","ocean_post_title_bg_image_attachment":"","ocean_post_title_bg_image_repeat":"","ocean_post_title_bg_image_size":"","ocean_post_title_height":0,"ocean_post_title_bg_overlay":0.5,"ocean_post_title_bg_overlay_color":"","ocean_disable_breadcrumbs":"default","ocean_breadcrumbs_color":"","ocean_breadcrumbs_separator_color":"","ocean_breadcrumbs_links_color":"","ocean_breadcrumbs_links_hover_color":"","ocean_display_footer_widgets":"default","ocean_display_footer_bottom":"default","ocean_custom_footer_template":"","footnotes":""},"class_list":["post-58","page","type-page","status-publish","hentry","entry"],"_links":{"self":[{"href":"https:\/\/parisvu.fr\/index.php\/wp-json\/wp\/v2\/pages\/58","targetHints":{"allow":["GET"]}}],"collection":[{"href":"https:\/\/parisvu.fr\/index.php\/wp-json\/wp\/v2\/pages"}],"about":[{"href":"https:\/\/parisvu.fr\/index.php\/wp-json\/wp\/v2\/types\/page"}],"author":[{"embeddable":true,"href":"https:\/\/parisvu.fr\/index.php\/wp-json\/wp\/v2\/users\/1"}],"replies":[{"embeddable":true,"href":"https:\/\/parisvu.fr\/index.php\/wp-json\/wp\/v2\/comments?post=58"}],"version-history":[{"count":8,"href":"https:\/\/parisvu.fr\/index.php\/wp-json\/wp\/v2\/pages\/58\/revisions"}],"predecessor-version":[{"id":1046,"href":"https:\/\/parisvu.fr\/index.php\/wp-json\/wp\/v2\/pages\/58\/revisions\/1046"}],"wp:attachment":[{"href":"https:\/\/parisvu.fr\/index.php\/wp-json\/wp\/v2\/media?parent=58"}],"curies":[{"name":"wp","href":"https:\/\/api.w.org\/{rel}","templated":true}]}}