{"id":584,"date":"2024-02-26T14:23:31","date_gmt":"2024-02-26T13:23:31","guid":{"rendered":"https:\/\/parisvu.fr\/?page_id=584"},"modified":"2025-02-25T08:43:38","modified_gmt":"2025-02-25T07:43:38","slug":"paris-pedagogie-de","status":"publish","type":"page","link":"https:\/\/parisvu.fr\/index.php\/de\/paris-pedagogie-de\/","title":{"rendered":"Paris P\u00e9dagogie"},"content":{"rendered":"\n<figure class=\"wp-block-image alignwide size-large\"><img fetchpriority=\"high\" decoding=\"async\" width=\"1024\" height=\"374\" src=\"https:\/\/parisvu.fr\/wp-content\/uploads\/2024\/06\/COUR-DAMOYE-2-e1716561532947-2-1024x374.jpg\" alt=\"\" class=\"wp-image-803\" srcset=\"https:\/\/parisvu.fr\/wp-content\/uploads\/2024\/06\/COUR-DAMOYE-2-e1716561532947-2-1024x374.jpg 1024w, https:\/\/parisvu.fr\/wp-content\/uploads\/2024\/06\/COUR-DAMOYE-2-e1716561532947-2-300x110.jpg 300w, https:\/\/parisvu.fr\/wp-content\/uploads\/2024\/06\/COUR-DAMOYE-2-e1716561532947-2-768x280.jpg 768w, https:\/\/parisvu.fr\/wp-content\/uploads\/2024\/06\/COUR-DAMOYE-2-e1716561532947-2-1536x561.jpg 1536w, https:\/\/parisvu.fr\/wp-content\/uploads\/2024\/06\/COUR-DAMOYE-2-e1716561532947-2.jpg 1600w\" sizes=\"(max-width: 1024px) 100vw, 1024px\" \/><\/figure>\n\n\n\n<h2 class=\"wp-block-heading has-text-align-center\"><strong>Paris P\u00e9dagogie<\/strong><\/h2>\n\n\n\n<h4 class=\"wp-block-heading has-text-align-center\">Ob Sie <strong>internationale Gruppen <\/strong>oder<strong> Franz\u00f6sisch als Fremdsprache (FLE) Zentren <\/strong>sind, ob Sie auf der Suche nach <strong>Teambuilding-Besuchen <\/strong>oder <strong>p\u00e4dagogischen Aktivit\u00e4ten <\/strong>sind, ParisVu bietet Ihnen spielerische und\/oder didaktische Spazierg\u00e4nge an.<\/h4>\n\n\n\n<div class=\"wp-block-cover alignfull is-light\" style=\"min-height:100vh;aspect-ratio:unset;\"><span aria-hidden=\"true\" class=\"wp-block-cover__background has-background-dim-100 has-background-dim\" style=\"background-color:#ffffff\"><\/span><div class=\"wp-block-cover__inner-container is-layout-flow wp-block-cover-is-layout-flow\">\n<div class=\"wp-block-media-text alignwide is-stacked-on-mobile is-vertically-aligned-center is-image-fill-element has-background\" style=\"background-color:#e6e4f0;grid-template-columns:30% auto\"><figure class=\"wp-block-media-text__media\"><img decoding=\"async\" width=\"1024\" height=\"768\" src=\"https:\/\/parisvu.fr\/wp-content\/uploads\/2024\/02\/Cite-universitaire-Espagne-2-1024x768.jpg\" alt=\"\" class=\"wp-image-245 size-full\" style=\"object-position:50% 50%\" srcset=\"https:\/\/parisvu.fr\/wp-content\/uploads\/2024\/02\/Cite-universitaire-Espagne-2-1024x768.jpg 1024w, https:\/\/parisvu.fr\/wp-content\/uploads\/2024\/02\/Cite-universitaire-Espagne-2-300x225.jpg 300w, https:\/\/parisvu.fr\/wp-content\/uploads\/2024\/02\/Cite-universitaire-Espagne-2-768x576.jpg 768w, https:\/\/parisvu.fr\/wp-content\/uploads\/2024\/02\/Cite-universitaire-Espagne-2-1536x1152.jpg 1536w, https:\/\/parisvu.fr\/wp-content\/uploads\/2024\/02\/Cite-universitaire-Espagne-2.jpg 2048w\" sizes=\"(max-width: 1024px) 100vw, 1024px\" \/><\/figure><div class=\"wp-block-media-text__content\">\n<h2 class=\"wp-block-heading has-text-color\" style=\"color:#000000;font-size:32px\"><strong>La Cit\u00e9 universitaire internationale<\/strong> <strong>1<\/strong><\/h2>\n\n\n\n<p class=\"has-text-color\" style=\"color:#000000;font-size:17px\">Der erste Teil der Tour durch die <strong>Cit\u00e9 universitaire internationale<\/strong> erm\u00f6glicht es Ihnen, die ersten Stunden des zweitgr\u00f6\u00dften Parks der Hauptstadt zu entdecken. Ein weniger bekannter Ort in Paris, aber er gilt weltweit als Ausnahme. Seine Architektur, die je nach Nationalit\u00e4t der Pavillons variiert, bietet einen perfekten Erkundungsgrund. Kommen Sie und probieren Sie unser Schatzsuche-Spiel aus. K\u00f6nnen Sie jede Stiftung mit ihrem Land verbinden? <br>Dauer: Ungef\u00e4hr 2 Stunden <br>Schwierigkeit: Medium<\/p>\n\n\n\n<div class=\"wp-block-buttons is-layout-flex wp-block-buttons-is-layout-flex\">\n<div class=\"wp-block-button is-style-fill\"><a class=\"wp-block-button__link wp-element-button\" href=\"https:\/\/parisvu.fr\/index.php\/contact\/\">Buchen<\/a><\/div>\n<\/div>\n<\/div><\/div>\n\n\n\n<div class=\"wp-block-media-text alignwide has-media-on-the-right is-stacked-on-mobile is-vertically-aligned-center is-image-fill-element has-ast-global-color-4-background-color has-background\" style=\"grid-template-columns:auto 27%\"><div class=\"wp-block-media-text__content\">\n<h2 class=\"wp-block-heading has-text-color\" style=\"color:#000000;font-size:32px\"><strong>La Cit\u00e9 universitaire internationale 2<\/strong><\/h2>\n\n\n\n<p class=\"has-text-color\" style=\"color:#000000;font-size:17px\">Der zweite Teil der Tour durch die <strong>Cit\u00e9 universitaire internationale<\/strong> bietet eine spielerische Entdeckung des moderneren Bereichs und der Bauwerke des Parks. Dank der immer innovativeren Ambitionen der neuen Stiftungen, die sich in der Stadt niederlassen, k\u00f6nnen die Teilnehmer die Entwicklung der Weltarchitektur nachvollziehen. Ausgehend von Le Corbusier werden wir verstehen, dass der Park auch ein Ort der Experimente f\u00fcr viele Architekten ist. <br>Dauer: Ungef\u00e4hr 2 Stunden <br>Schwierigkeit: Medium<\/p>\n\n\n\n<div class=\"wp-block-buttons is-layout-flex wp-block-buttons-is-layout-flex\">\n<div class=\"wp-block-button is-style-fill\"><a class=\"wp-block-button__link wp-element-button\" href=\"https:\/\/parisvu.fr\/index.php\/contact\/\">Buchen<\/a><\/div>\n<\/div>\n<\/div><figure class=\"wp-block-media-text__media\"><img decoding=\"async\" width=\"1024\" height=\"768\" src=\"https:\/\/parisvu.fr\/wp-content\/uploads\/2024\/02\/Cite-universitaire-Bresil-1024x768.jpg\" alt=\"\" class=\"wp-image-243 size-full\" style=\"object-position:50% 50%\" srcset=\"https:\/\/parisvu.fr\/wp-content\/uploads\/2024\/02\/Cite-universitaire-Bresil-1024x768.jpg 1024w, https:\/\/parisvu.fr\/wp-content\/uploads\/2024\/02\/Cite-universitaire-Bresil-300x225.jpg 300w, https:\/\/parisvu.fr\/wp-content\/uploads\/2024\/02\/Cite-universitaire-Bresil-768x576.jpg 768w, https:\/\/parisvu.fr\/wp-content\/uploads\/2024\/02\/Cite-universitaire-Bresil-1536x1152.jpg 1536w, https:\/\/parisvu.fr\/wp-content\/uploads\/2024\/02\/Cite-universitaire-Bresil.jpg 2048w\" sizes=\"(max-width: 1024px) 100vw, 1024px\" \/><\/figure><\/div>\n<\/div><\/div>\n","protected":false},"excerpt":{"rendered":"<p>Paris P\u00e9dagogie Ob Sie internationale Gruppen oder Franz\u00f6sisch als Fremdsprache (FLE) Zentren sind, ob Sie auf der Suche nach Teambuilding-Besuchen oder p\u00e4dagogischen Aktivit\u00e4ten sind, ParisVu bietet Ihnen spielerische und\/oder didaktische Spazierg\u00e4nge an.<\/p>\n","protected":false},"author":1,"featured_media":0,"parent":0,"menu_order":0,"comment_status":"closed","ping_status":"closed","template":"","meta":{"ocean_post_layout":"","ocean_both_sidebars_style":"","ocean_both_sidebars_content_width":0,"ocean_both_sidebars_sidebars_width":0,"ocean_sidebar":"","ocean_second_sidebar":"","ocean_disable_margins":"enable","ocean_add_body_class":"","ocean_shortcode_before_top_bar":"","ocean_shortcode_after_top_bar":"","ocean_shortcode_before_header":"","ocean_shortcode_after_header":"","ocean_has_shortcode":"","ocean_shortcode_after_title":"","ocean_shortcode_before_footer_widgets":"","ocean_shortcode_after_footer_widgets":"","ocean_shortcode_before_footer_bottom":"","ocean_shortcode_after_footer_bottom":"","ocean_display_top_bar":"default","ocean_display_header":"default","ocean_header_style":"","ocean_center_header_left_menu":"","ocean_custom_header_template":"","ocean_custom_logo":0,"ocean_custom_retina_logo":0,"ocean_custom_logo_max_width":0,"ocean_custom_logo_tablet_max_width":0,"ocean_custom_logo_mobile_max_width":0,"ocean_custom_logo_max_height":0,"ocean_custom_logo_tablet_max_height":0,"ocean_custom_logo_mobile_max_height":0,"ocean_header_custom_menu":"","ocean_menu_typo_font_family":"","ocean_menu_typo_font_subset":"","ocean_menu_typo_font_size":0,"ocean_menu_typo_font_size_tablet":0,"ocean_menu_typo_font_size_mobile":0,"ocean_menu_typo_font_size_unit":"px","ocean_menu_typo_font_weight":"","ocean_menu_typo_font_weight_tablet":"","ocean_menu_typo_font_weight_mobile":"","ocean_menu_typo_transform":"","ocean_menu_typo_transform_tablet":"","ocean_menu_typo_transform_mobile":"","ocean_menu_typo_line_height":0,"ocean_menu_typo_line_height_tablet":0,"ocean_menu_typo_line_height_mobile":0,"ocean_menu_typo_line_height_unit":"","ocean_menu_typo_spacing":0,"ocean_menu_typo_spacing_tablet":0,"ocean_menu_typo_spacing_mobile":0,"ocean_menu_typo_spacing_unit":"","ocean_menu_link_color":"","ocean_menu_link_color_hover":"","ocean_menu_link_color_active":"","ocean_menu_link_background":"","ocean_menu_link_hover_background":"","ocean_menu_link_active_background":"","ocean_menu_social_links_bg":"","ocean_menu_social_hover_links_bg":"","ocean_menu_social_links_color":"","ocean_menu_social_hover_links_color":"","ocean_disable_title":"default","ocean_disable_heading":"default","ocean_post_title":"","ocean_post_subheading":"","ocean_post_title_style":"","ocean_post_title_background_color":"","ocean_post_title_background":0,"ocean_post_title_bg_image_position":"","ocean_post_title_bg_image_attachment":"","ocean_post_title_bg_image_repeat":"","ocean_post_title_bg_image_size":"","ocean_post_title_height":0,"ocean_post_title_bg_overlay":0.5,"ocean_post_title_bg_overlay_color":"","ocean_disable_breadcrumbs":"default","ocean_breadcrumbs_color":"","ocean_breadcrumbs_separator_color":"","ocean_breadcrumbs_links_color":"","ocean_breadcrumbs_links_hover_color":"","ocean_display_footer_widgets":"default","ocean_display_footer_bottom":"default","ocean_custom_footer_template":"","footnotes":""},"class_list":["post-584","page","type-page","status-publish","hentry","entry"],"_links":{"self":[{"href":"https:\/\/parisvu.fr\/index.php\/wp-json\/wp\/v2\/pages\/584","targetHints":{"allow":["GET"]}}],"collection":[{"href":"https:\/\/parisvu.fr\/index.php\/wp-json\/wp\/v2\/pages"}],"about":[{"href":"https:\/\/parisvu.fr\/index.php\/wp-json\/wp\/v2\/types\/page"}],"author":[{"embeddable":true,"href":"https:\/\/parisvu.fr\/index.php\/wp-json\/wp\/v2\/users\/1"}],"replies":[{"embeddable":true,"href":"https:\/\/parisvu.fr\/index.php\/wp-json\/wp\/v2\/comments?post=584"}],"version-history":[{"count":5,"href":"https:\/\/parisvu.fr\/index.php\/wp-json\/wp\/v2\/pages\/584\/revisions"}],"predecessor-version":[{"id":1079,"href":"https:\/\/parisvu.fr\/index.php\/wp-json\/wp\/v2\/pages\/584\/revisions\/1079"}],"wp:attachment":[{"href":"https:\/\/parisvu.fr\/index.php\/wp-json\/wp\/v2\/media?parent=584"}],"curies":[{"name":"wp","href":"https:\/\/api.w.org\/{rel}","templated":true}]}}