{"id":61,"date":"2024-02-05T12:32:39","date_gmt":"2024-02-05T11:32:39","guid":{"rendered":"https:\/\/parisvu.fr\/?page_id=61"},"modified":"2025-11-08T15:58:15","modified_gmt":"2025-11-08T14:58:15","slug":"idees-cadeaux","status":"publish","type":"page","link":"https:\/\/parisvu.fr\/index.php\/idees-cadeaux\/","title":{"rendered":"Id\u00e9es cadeaux"},"content":{"rendered":"\t\t<div data-elementor-type=\"wp-page\" data-elementor-id=\"61\" class=\"elementor elementor-61\">\n\t\t\t\t<div class=\"elementor-element elementor-element-2eaac96 e-flex e-con-boxed e-con e-parent\" data-id=\"2eaac96\" data-element_type=\"container\" data-e-type=\"container\">\n\t\t\t\t\t<div class=\"e-con-inner\">\n\t\t<div class=\"elementor-element elementor-element-1bd87ffa e-con-full e-flex e-con e-child\" data-id=\"1bd87ffa\" data-element_type=\"container\" data-e-type=\"container\">\n\t\t\t\t<div class=\"elementor-element elementor-element-339aeee9 elementor-widget elementor-widget-image\" data-id=\"339aeee9\" data-element_type=\"widget\" data-e-type=\"widget\" data-widget_type=\"image.default\">\n\t\t\t\t<div class=\"elementor-widget-container\">\n\t\t\t\t\t\t\t\t\t\t\t\t\t\t\t<img fetchpriority=\"high\" decoding=\"async\" width=\"1500\" height=\"375\" src=\"https:\/\/parisvu.fr\/wp-content\/uploads\/2024\/05\/cropped-COUR-DAMOYE-2-e1716561532947.jpg\" class=\"attachment-full size-full wp-image-849\" alt=\"\" srcset=\"https:\/\/parisvu.fr\/wp-content\/uploads\/2024\/05\/cropped-COUR-DAMOYE-2-e1716561532947.jpg 1500w, https:\/\/parisvu.fr\/wp-content\/uploads\/2024\/05\/cropped-COUR-DAMOYE-2-e1716561532947-300x75.jpg 300w, https:\/\/parisvu.fr\/wp-content\/uploads\/2024\/05\/cropped-COUR-DAMOYE-2-e1716561532947-1024x256.jpg 1024w, https:\/\/parisvu.fr\/wp-content\/uploads\/2024\/05\/cropped-COUR-DAMOYE-2-e1716561532947-768x192.jpg 768w\" sizes=\"(max-width: 1500px) 100vw, 1500px\" \/>\t\t\t\t\t\t\t\t\t\t\t\t\t\t\t<\/div>\n\t\t\t\t<\/div>\n\t\t\t\t<div class=\"elementor-element elementor-element-64dee013 elementor-widget elementor-widget-text-editor\" data-id=\"64dee013\" data-element_type=\"widget\" data-e-type=\"widget\" data-widget_type=\"text-editor.default\">\n\t\t\t\t<div class=\"elementor-widget-container\">\n\t\t\t\t\t\t\t\t\t<h1>Id\u00e9es Cadeaux : Offrez une Visite Guid\u00e9e \u00e0 Paris<\/h1>\n<p>Offrez un cadeau original : une <strong>visite guid\u00e9e \u00e0 Paris<\/strong>. Explorez la capitale avec nos <strong>tours guid\u00e9s et excursions culturelles<\/strong>. <strong>Carte-cadeau personnalis\u00e9e<\/strong> incluse !<\/p>\n<h2>Pourquoi offrir une visite guid\u00e9e \u00e0 Paris ?<\/h2>\n<ul>\n<li><strong>Une exp\u00e9rience culturelle inoubliable<\/strong> : d\u00e9couvrez les monuments, quartiers et secrets de Paris avec un guide passionn\u00e9.<\/li>\n<li><strong>Une id\u00e9e cadeau originale<\/strong> : loin des objets classiques, offrez un moment \u00e0 partager.<\/li>\n<li><strong>Adapt\u00e9e \u00e0 tous<\/strong> : famille, amis ou couple, nos visites guid\u00e9es s\u2019adaptent \u00e0 toutes les envies.<\/li>\n<\/ul>\n<h2>Comment offrir une visite guid\u00e9e \u00e0 Paris ?<\/h2>\n<ol>\n<li><strong>Choisissez votre visite<\/strong> : explorez notre s\u00e9lection de <strong>tours guid\u00e9s et excursions culturelles<\/strong> sur la page R\u00e9servation.<\/li>\n<li><strong>Personnalisez votre cadeau<\/strong> : envoyez-nous un message pour indiquer le type de visite et vos pr\u00e9f\u00e9rences.<\/li>\n<li><strong>Recevez une carte-cadeau<\/strong> : nous pr\u00e9parons une <strong>carte personnalis\u00e9e<\/strong> pour inviter votre proche \u00e0 sa <strong>visite surprise \u00e0 Paris<\/strong>.<\/li>\n<\/ol>\t\t\t\t\t\t\t\t<\/div>\n\t\t\t\t<\/div>\n\t\t\t\t<\/div>\n\t\t\t\t\t<\/div>\n\t\t\t\t<\/div>\n\t\t<div class=\"elementor-element elementor-element-10ac77b0 e-flex e-con-boxed e-con e-parent\" data-id=\"10ac77b0\" data-element_type=\"container\" data-e-type=\"container\">\n\t\t\t\t\t<div class=\"e-con-inner\">\n\t\t\t\t<div class=\"elementor-element elementor-element-6cd650dc elementor-widget elementor-widget-heading\" data-id=\"6cd650dc\" data-element_type=\"widget\" data-e-type=\"widget\" data-widget_type=\"heading.default\">\n\t\t\t\t<div class=\"elementor-widget-container\">\n\t\t\t\t\t<h2 class=\"elementor-heading-title elementor-size-default\">Calendrier des disponibilit\u00e9s<\/h2>\t\t\t\t<\/div>\n\t\t\t\t<\/div>\n\t\t\t\t\t<\/div>\n\t\t\t\t<\/div>\n\t\t<div class=\"elementor-element elementor-element-14402d9 e-flex e-con-boxed e-con e-parent\" data-id=\"14402d9\" data-element_type=\"container\" data-e-type=\"container\">\n\t\t\t\t\t<div class=\"e-con-inner\">\n\t\t\t\t<div class=\"elementor-element elementor-element-db02abe elementor-widget elementor-widget-heading\" data-id=\"db02abe\" data-element_type=\"widget\" data-e-type=\"widget\" data-widget_type=\"heading.default\">\n\t\t\t\t<div class=\"elementor-widget-container\">\n\t\t\t\t\t<h2 class=\"elementor-heading-title elementor-size-default\">Janvier<\/h2>\t\t\t\t<\/div>\n\t\t\t\t<\/div>\n\t\t\t\t<div class=\"elementor-element elementor-element-97e82fb elementor-widget elementor-widget-text-editor\" data-id=\"97e82fb\" data-element_type=\"widget\" data-e-type=\"widget\" data-widget_type=\"text-editor.default\">\n\t\t\t\t<div class=\"elementor-widget-container\">\n\t\t\t\t\t\t\t\t\t<p>Visites disponibles le week-end et en semaine sur demande.<br \/>Ferm\u00e9 du lundi 26.01 au samedi 31.01<\/p>\t\t\t\t\t\t\t\t<\/div>\n\t\t\t\t<\/div>\n\t\t\t\t\t<\/div>\n\t\t\t\t<\/div>\n\t\t<div class=\"elementor-element elementor-element-c0bd05a e-flex e-con-boxed e-con e-parent\" data-id=\"c0bd05a\" data-element_type=\"container\" data-e-type=\"container\">\n\t\t\t\t\t<div class=\"e-con-inner\">\n\t\t\t\t<div class=\"elementor-element elementor-element-006c6a9 elementor-widget elementor-widget-heading\" data-id=\"006c6a9\" data-element_type=\"widget\" data-e-type=\"widget\" data-widget_type=\"heading.default\">\n\t\t\t\t<div class=\"elementor-widget-container\">\n\t\t\t\t\t<h2 class=\"elementor-heading-title elementor-size-default\">F\u00e9vrier<\/h2>\t\t\t\t<\/div>\n\t\t\t\t<\/div>\n\t\t\t\t<div class=\"elementor-element elementor-element-88a4149 elementor-widget elementor-widget-text-editor\" data-id=\"88a4149\" data-element_type=\"widget\" data-e-type=\"widget\" data-widget_type=\"text-editor.default\">\n\t\t\t\t<div class=\"elementor-widget-container\">\n\t\t\t\t\t\t\t\t\t<p><span style=\"font-family: Inter; font-size: 20px; font-style: normal; font-variant-ligatures: normal; font-variant-caps: normal; font-weight: 400; letter-spacing: -0.8px;\">Visites disponibles le week-end et en semaine sur demande.<\/span><br style=\"letter-spacing: -0.8px;\" \/><span style=\"font-family: Inter; font-size: 20px; font-style: normal; font-variant-ligatures: normal; font-variant-caps: normal; font-weight: 400; letter-spacing: -0.8px;\">Ferm\u00e9 le dimanche 01.02\u00a0<br \/>Ferm\u00e9 du lundi 23.02 au samedi 28.02<\/span><\/p>\t\t\t\t\t\t\t\t<\/div>\n\t\t\t\t<\/div>\n\t\t\t\t\t<\/div>\n\t\t\t\t<\/div>\n\t\t<div class=\"elementor-element elementor-element-94a8679 e-flex e-con-boxed e-con e-parent\" data-id=\"94a8679\" data-element_type=\"container\" data-e-type=\"container\">\n\t\t\t\t\t<div class=\"e-con-inner\">\n\t\t\t\t<div class=\"elementor-element elementor-element-b549ec9 elementor-widget elementor-widget-heading\" data-id=\"b549ec9\" data-element_type=\"widget\" data-e-type=\"widget\" data-widget_type=\"heading.default\">\n\t\t\t\t<div class=\"elementor-widget-container\">\n\t\t\t\t\t<h2 class=\"elementor-heading-title elementor-size-default\">Mars<\/h2>\t\t\t\t<\/div>\n\t\t\t\t<\/div>\n\t\t\t\t<div class=\"elementor-element elementor-element-3896643 elementor-widget elementor-widget-text-editor\" data-id=\"3896643\" data-element_type=\"widget\" data-e-type=\"widget\" data-widget_type=\"text-editor.default\">\n\t\t\t\t<div class=\"elementor-widget-container\">\n\t\t\t\t\t\t\t\t\t<p>Visites disponibles le week-end et en semaine sur demande.<br \/>Ferm\u00e9 le dimanche 01.03\u00a0<br \/><span style=\"font-size: 20px; letter-spacing: -0.8px;\">Ferm\u00e9 du vendredi 20.03 au dimanche 22.03<\/span><\/p>\t\t\t\t\t\t\t\t<\/div>\n\t\t\t\t<\/div>\n\t\t\t\t\t<\/div>\n\t\t\t\t<\/div>\n\t\t<div class=\"elementor-element elementor-element-d735461 e-flex e-con-boxed e-con e-parent\" data-id=\"d735461\" data-element_type=\"container\" data-e-type=\"container\">\n\t\t\t\t\t<div class=\"e-con-inner\">\n\t\t\t\t<div class=\"elementor-element elementor-element-e40413d elementor-widget elementor-widget-heading\" data-id=\"e40413d\" data-element_type=\"widget\" data-e-type=\"widget\" data-widget_type=\"heading.default\">\n\t\t\t\t<div class=\"elementor-widget-container\">\n\t\t\t\t\t<h2 class=\"elementor-heading-title elementor-size-default\">Avril<\/h2>\t\t\t\t<\/div>\n\t\t\t\t<\/div>\n\t\t\t\t<div class=\"elementor-element elementor-element-880eff7 elementor-widget elementor-widget-text-editor\" data-id=\"880eff7\" data-element_type=\"widget\" data-e-type=\"widget\" data-widget_type=\"text-editor.default\">\n\t\t\t\t<div class=\"elementor-widget-container\">\n\t\t\t\t\t\t\t\t\t<p><span style=\"font-variant-ligatures: normal; font-variant-caps: normal; font-family: Inter; font-size: 20px; font-style: normal; font-weight: 400; letter-spacing: -0.8px;\">Visites disponibles le week-end et en semaine sur demande.<\/span><br style=\"letter-spacing: -0.8px;\" \/><span style=\"font-variant-ligatures: normal; font-variant-caps: normal; font-family: Inter; font-size: 20px; font-style: normal; font-weight: 400; letter-spacing: -0.8px;\">Aucun jour de fermeture.<\/span><\/p>\t\t\t\t\t\t\t\t<\/div>\n\t\t\t\t<\/div>\n\t\t\t\t\t<\/div>\n\t\t\t\t<\/div>\n\t\t<div class=\"elementor-element elementor-element-675e1e4 e-flex e-con-boxed e-con e-parent\" data-id=\"675e1e4\" data-element_type=\"container\" data-e-type=\"container\">\n\t\t\t\t\t<div class=\"e-con-inner\">\n\t\t\t\t<div class=\"elementor-element elementor-element-4269741 elementor-widget elementor-widget-heading\" data-id=\"4269741\" data-element_type=\"widget\" data-e-type=\"widget\" data-widget_type=\"heading.default\">\n\t\t\t\t<div class=\"elementor-widget-container\">\n\t\t\t\t\t<h2 class=\"elementor-heading-title elementor-size-default\">Mai<\/h2>\t\t\t\t<\/div>\n\t\t\t\t<\/div>\n\t\t\t\t<div class=\"elementor-element elementor-element-b0bc212 elementor-widget elementor-widget-text-editor\" data-id=\"b0bc212\" data-element_type=\"widget\" data-e-type=\"widget\" data-widget_type=\"text-editor.default\">\n\t\t\t\t<div class=\"elementor-widget-container\">\n\t\t\t\t\t\t\t\t\t<p><span style=\"font-variant-ligatures: normal; font-variant-caps: normal; font-family: Inter; font-size: 20px; font-style: normal; font-weight: 400; letter-spacing: -0.8px;\">Visites disponibles le week-end et en semaine sur demande.<\/span><br style=\"letter-spacing: -0.8px;\" \/><span style=\"font-variant-ligatures: normal; font-variant-caps: normal; font-family: Inter; font-size: 20px; font-style: normal; font-weight: 400; letter-spacing: -0.8px;\">Aucun jour de fermeture.<\/span><\/p>\t\t\t\t\t\t\t\t<\/div>\n\t\t\t\t<\/div>\n\t\t\t\t\t<\/div>\n\t\t\t\t<\/div>\n\t\t<div class=\"elementor-element elementor-element-66152c9 e-flex e-con-boxed e-con e-parent\" data-id=\"66152c9\" data-element_type=\"container\" data-e-type=\"container\">\n\t\t\t\t\t<div class=\"e-con-inner\">\n\t\t\t\t<div class=\"elementor-element elementor-element-afca143 elementor-widget elementor-widget-heading\" data-id=\"afca143\" data-element_type=\"widget\" data-e-type=\"widget\" data-widget_type=\"heading.default\">\n\t\t\t\t<div class=\"elementor-widget-container\">\n\t\t\t\t\t<h2 class=\"elementor-heading-title elementor-size-default\">Juin<\/h2>\t\t\t\t<\/div>\n\t\t\t\t<\/div>\n\t\t\t\t<div class=\"elementor-element elementor-element-fb2c766 elementor-widget elementor-widget-text-editor\" data-id=\"fb2c766\" data-element_type=\"widget\" data-e-type=\"widget\" data-widget_type=\"text-editor.default\">\n\t\t\t\t<div class=\"elementor-widget-container\">\n\t\t\t\t\t\t\t\t\t<p>Visites disponibles le week-end et en semaine sur demande.\u00a0<br \/><span style=\"font-size: 20px; letter-spacing: -0.8px;\">Ferm\u00e9 du lundi 01.06 au jeudi 18.06\u00a0<\/span><\/p>\t\t\t\t\t\t\t\t<\/div>\n\t\t\t\t<\/div>\n\t\t\t\t\t<\/div>\n\t\t\t\t<\/div>\n\t\t<div class=\"elementor-element elementor-element-4ae5307 e-flex e-con-boxed e-con e-parent\" data-id=\"4ae5307\" data-element_type=\"container\" data-e-type=\"container\">\n\t\t\t\t\t<div class=\"e-con-inner\">\n\t\t\t\t<div class=\"elementor-element elementor-element-251644b elementor-widget elementor-widget-heading\" data-id=\"251644b\" data-element_type=\"widget\" data-e-type=\"widget\" data-widget_type=\"heading.default\">\n\t\t\t\t<div class=\"elementor-widget-container\">\n\t\t\t\t\t<h2 class=\"elementor-heading-title elementor-size-default\">Juillet<\/h2>\t\t\t\t<\/div>\n\t\t\t\t<\/div>\n\t\t\t\t<div class=\"elementor-element elementor-element-5243b07 elementor-widget elementor-widget-text-editor\" data-id=\"5243b07\" data-element_type=\"widget\" data-e-type=\"widget\" data-widget_type=\"text-editor.default\">\n\t\t\t\t<div class=\"elementor-widget-container\">\n\t\t\t\t\t\t\t\t\t<p>Visites disponibles le week-end et en semaine sur demande.<br \/><span style=\"font-size: 20px; letter-spacing: -0.8px;\">Ferm\u00e9 du jeudi 16.07 au vendredi 31.06<\/span><\/p>\t\t\t\t\t\t\t\t<\/div>\n\t\t\t\t<\/div>\n\t\t\t\t\t<\/div>\n\t\t\t\t<\/div>\n\t\t<div class=\"elementor-element elementor-element-f1f352f e-flex e-con-boxed e-con e-parent\" data-id=\"f1f352f\" data-element_type=\"container\" data-e-type=\"container\">\n\t\t\t\t\t<div class=\"e-con-inner\">\n\t\t\t\t<div class=\"elementor-element elementor-element-561b33b elementor-widget elementor-widget-heading\" data-id=\"561b33b\" data-element_type=\"widget\" data-e-type=\"widget\" data-widget_type=\"heading.default\">\n\t\t\t\t<div class=\"elementor-widget-container\">\n\t\t\t\t\t<h2 class=\"elementor-heading-title elementor-size-default\">Ao\u00fbt<\/h2>\t\t\t\t<\/div>\n\t\t\t\t<\/div>\n\t\t\t\t<div class=\"elementor-element elementor-element-779f2da elementor-widget elementor-widget-text-editor\" data-id=\"779f2da\" data-element_type=\"widget\" data-e-type=\"widget\" data-widget_type=\"text-editor.default\">\n\t\t\t\t<div class=\"elementor-widget-container\">\n\t\t\t\t\t\t\t\t\t<p>Ferm\u00e9 pour cong\u00e9s.<\/p>\t\t\t\t\t\t\t\t<\/div>\n\t\t\t\t<\/div>\n\t\t\t\t\t<\/div>\n\t\t\t\t<\/div>\n\t\t\t\t<\/div>\n\t\t","protected":false},"excerpt":{"rendered":"<p>Id\u00e9es Cadeaux : Offrez une Visite Guid\u00e9e \u00e0 Paris Offrez un cadeau original : une visite guid\u00e9e \u00e0 Paris. Explorez la capitale avec nos tours guid\u00e9s et excursions culturelles. Carte-cadeau personnalis\u00e9e incluse ! Pourquoi offrir une visite guid\u00e9e \u00e0 Paris ? Une exp\u00e9rience culturelle inoubliable : d\u00e9couvrez les monuments, quartiers et secrets de Paris avec [&hellip;]<\/p>\n","protected":false},"author":1,"featured_media":0,"parent":0,"menu_order":0,"comment_status":"closed","ping_status":"closed","template":"","meta":{"ocean_post_layout":"","ocean_both_sidebars_style":"","ocean_both_sidebars_content_width":0,"ocean_both_sidebars_sidebars_width":0,"ocean_sidebar":"","ocean_second_sidebar":"","ocean_disable_margins":"enable","ocean_add_body_class":"","ocean_shortcode_before_top_bar":"","ocean_shortcode_after_top_bar":"","ocean_shortcode_before_header":"","ocean_shortcode_after_header":"","ocean_has_shortcode":"","ocean_shortcode_after_title":"","ocean_shortcode_before_footer_widgets":"","ocean_shortcode_after_footer_widgets":"","ocean_shortcode_before_footer_bottom":"","ocean_shortcode_after_footer_bottom":"","ocean_display_top_bar":"default","ocean_display_header":"default","ocean_header_style":"","ocean_center_header_left_menu":"","ocean_custom_header_template":"","ocean_custom_logo":0,"ocean_custom_retina_logo":0,"ocean_custom_logo_max_width":0,"ocean_custom_logo_tablet_max_width":0,"ocean_custom_logo_mobile_max_width":0,"ocean_custom_logo_max_height":0,"ocean_custom_logo_tablet_max_height":0,"ocean_custom_logo_mobile_max_height":0,"ocean_header_custom_menu":"","ocean_menu_typo_font_family":"","ocean_menu_typo_font_subset":"","ocean_menu_typo_font_size":0,"ocean_menu_typo_font_size_tablet":0,"ocean_menu_typo_font_size_mobile":0,"ocean_menu_typo_font_size_unit":"px","ocean_menu_typo_font_weight":"","ocean_menu_typo_font_weight_tablet":"","ocean_menu_typo_font_weight_mobile":"","ocean_menu_typo_transform":"","ocean_menu_typo_transform_tablet":"","ocean_menu_typo_transform_mobile":"","ocean_menu_typo_line_height":0,"ocean_menu_typo_line_height_tablet":0,"ocean_menu_typo_line_height_mobile":0,"ocean_menu_typo_line_height_unit":"","ocean_menu_typo_spacing":0,"ocean_menu_typo_spacing_tablet":0,"ocean_menu_typo_spacing_mobile":0,"ocean_menu_typo_spacing_unit":"","ocean_menu_link_color":"","ocean_menu_link_color_hover":"","ocean_menu_link_color_active":"","ocean_menu_link_background":"","ocean_menu_link_hover_background":"","ocean_menu_link_active_background":"","ocean_menu_social_links_bg":"","ocean_menu_social_hover_links_bg":"","ocean_menu_social_links_color":"","ocean_menu_social_hover_links_color":"","ocean_disable_title":"default","ocean_disable_heading":"default","ocean_post_title":"","ocean_post_subheading":"","ocean_post_title_style":"","ocean_post_title_background_color":"","ocean_post_title_background":0,"ocean_post_title_bg_image_position":"","ocean_post_title_bg_image_attachment":"","ocean_post_title_bg_image_repeat":"","ocean_post_title_bg_image_size":"","ocean_post_title_height":0,"ocean_post_title_bg_overlay":0.5,"ocean_post_title_bg_overlay_color":"","ocean_disable_breadcrumbs":"default","ocean_breadcrumbs_color":"","ocean_breadcrumbs_separator_color":"","ocean_breadcrumbs_links_color":"","ocean_breadcrumbs_links_hover_color":"","ocean_display_footer_widgets":"default","ocean_display_footer_bottom":"default","ocean_custom_footer_template":"","footnotes":""},"class_list":["post-61","page","type-page","status-publish","hentry","entry"],"_links":{"self":[{"href":"https:\/\/parisvu.fr\/index.php\/wp-json\/wp\/v2\/pages\/61","targetHints":{"allow":["GET"]}}],"collection":[{"href":"https:\/\/parisvu.fr\/index.php\/wp-json\/wp\/v2\/pages"}],"about":[{"href":"https:\/\/parisvu.fr\/index.php\/wp-json\/wp\/v2\/types\/page"}],"author":[{"embeddable":true,"href":"https:\/\/parisvu.fr\/index.php\/wp-json\/wp\/v2\/users\/1"}],"replies":[{"embeddable":true,"href":"https:\/\/parisvu.fr\/index.php\/wp-json\/wp\/v2\/comments?post=61"}],"version-history":[{"count":23,"href":"https:\/\/parisvu.fr\/index.php\/wp-json\/wp\/v2\/pages\/61\/revisions"}],"predecessor-version":[{"id":1578,"href":"https:\/\/parisvu.fr\/index.php\/wp-json\/wp\/v2\/pages\/61\/revisions\/1578"}],"wp:attachment":[{"href":"https:\/\/parisvu.fr\/index.php\/wp-json\/wp\/v2\/media?parent=61"}],"curies":[{"name":"wp","href":"https:\/\/api.w.org\/{rel}","templated":true}]}}